{"id":1305,"date":"2021-12-01T20:48:02","date_gmt":"2021-12-01T17:48:02","guid":{"rendered":"https:\/\/lieliskimati.lv\/aitah-liitumast\/"},"modified":"2025-04-23T11:19:46","modified_gmt":"2025-04-23T09:19:46","slug":"welcome","status":"publish","type":"page","link":"https:\/\/lieliskimati.lv\/ru\/welcome\/","title":{"rendered":"\u0421\u043f\u0430\u0441\u0438\u0431\u043e \u0437\u0430 \u043f\u0440\u0438\u0441\u043e\u0435\u0434\u0438\u043d\u0435\u043d\u0438\u0435"},"content":{"rendered":"\t\t<div data-elementor-type=\"wp-page\" data-elementor-id=\"1305\" class=\"elementor elementor-1305 elementor-933\" data-elementor-post-type=\"page\">\n\t\t\t\t\t\t<section class=\"elementor-section elementor-top-section elementor-element elementor-element-21dee6b9 elementor-section-boxed elementor-section-height-default elementor-section-height-default\" data-id=\"21dee6b9\" data-element_type=\"section\" data-e-type=\"section\">\n\t\t\t\t\t\t<div class=\"elementor-container elementor-column-gap-default\">\n\t\t\t\t\t<div class=\"elementor-column elementor-col-50 elementor-top-column elementor-element elementor-element-7da1937f\" data-id=\"7da1937f\" data-element_type=\"column\" data-e-type=\"column\">\n\t\t\t<div class=\"elementor-widget-wrap elementor-element-populated\">\n\t\t\t\t\t\t<div class=\"elementor-element elementor-element-12710eac elementor-widget elementor-widget-heading\" data-id=\"12710eac\" data-element_type=\"widget\" data-e-type=\"widget\" data-widget_type=\"heading.default\">\n\t\t\t\t<div class=\"elementor-widget-container\">\n\t\t\t\t\t<h1 class=\"elementor-heading-title elementor-size-medium\">\u0414\u041e\u0411\u0420\u041e \u041f\u041e\u0416\u0410\u041b\u041e\u0412\u0410\u0422\u042c \u0412 \u041c\u0418\u0420 \u041a\u0420\u0410\u0421\u0418\u0412\u042b\u0425 \u0412\u041e\u041b\u041e\u0421!<\/h1>\t\t\t\t<\/div>\n\t\t\t\t<\/div>\n\t\t\t\t<div class=\"elementor-element elementor-element-316b8273 elementor-widget elementor-widget-text-editor\" data-id=\"316b8273\" data-element_type=\"widget\" data-e-type=\"widget\" data-widget_type=\"text-editor.default\">\n\t\t\t\t<div class=\"elementor-widget-container\">\n\t\t\t\t\t\t\t\t\t<p>\u041c\u044b \u043e\u0447\u0435\u043d\u044c \u0440\u0430\u0434\u044b, \u0447\u0442\u043e \u0412\u044b \u0432\u043e\u0448\u043b\u0438 \u0432 \u0441\u0442\u0430\u0442\u0443\u0441 \u043f\u0440\u0438\u0432\u0438\u043b\u0435\u0433\u0438\u0440\u043e\u0432\u0430\u043d\u043d\u043e\u0433\u043e \u0447\u043b\u0435\u043d\u0430 \u043d\u0430\u0448\u0435\u0433\u043e \u043a\u043b\u0443\u0431\u0430!<\/p><p>\u0412 \u0431\u0443\u0434\u0443\u0449\u0435\u043c \u0432\u044b \u0431\u0443\u0434\u0435\u0442\u0435 \u043f\u0435\u0440\u0432\u044b\u043c\u0438 \u043f\u043e\u043b\u0443\u0447\u0430\u0442\u044c \u0438\u043d\u0444\u043e\u0440\u043c\u0430\u0446\u0438\u044e \u043e \u0441\u043f\u0435\u0446\u0438\u0430\u043b\u044c\u043d\u044b\u0445 \u043f\u0440\u0435\u0434\u043b\u043e\u0436\u0435\u043d\u0438\u044f\u0445 \u0434\u043b\u044f \u0447\u043b\u0435\u043d\u043e\u0432 \u043a\u043b\u0443\u0431\u0430, \u0430 \u0442\u0430\u043a\u0436\u0435 \u043e \u043d\u043e\u0432\u044b\u0445 \u043f\u0440\u043e\u0434\u0443\u043a\u0442\u0430\u0445, \u0441\u043e\u0432\u0435\u0442\u0430\u0445 \u043f\u043e \u0443\u0445\u043e\u0434\u0443 \u0437\u0430 \u0432\u043e\u043b\u043e\u0441\u0430\u043c\u0438 \u0438 \u0434\u0440\u0443\u0433\u0443\u044e \u043f\u043e\u043b\u0435\u0437\u043d\u0443\u044e \u0438\u043d\u0444\u043e\u0440\u043c\u0430\u0446\u0438\u044e \u043e \u043a\u0440\u0430\u0441\u0438\u0432\u044b\u0445 \u0432\u043e\u043b\u043e\u0441\u0430\u0445.<\/p><p>\u0415\u0441\u043b\u0438 \u0432\u044b \u0447\u0443\u0432\u0441\u0442\u0432\u0443\u0435\u0442\u0435, \u0447\u0442\u043e \u0432\u0430\u0448\u0438\u0445 \u0434\u0440\u0443\u0437\u0435\u0439 \u0442\u043e\u0436\u0435 \u043c\u043e\u0433\u0443\u0442 \u0437\u0430\u0438\u043d\u0442\u0435\u0440\u0435\u0441\u043e\u0432\u0430\u0442\u044c \u043a\u0440\u0430\u0441\u0438\u0432\u044b\u0435 \u0432\u043e\u043b\u043e\u0441\u044b \u0438 \u0441\u043e\u0432\u0435\u0442\u044b \u043f\u043e \u0443\u0445\u043e\u0434\u0443 \u0437\u0430 \u043d\u0438\u043c\u0438,<br> \u0442\u043e\u0433\u0434\u0430 \u043c\u044b \u043d\u0435 \u043f\u0440\u043e\u0442\u0438\u0432, \u0435\u0441\u043b\u0438 \u0432\u044b \u0442\u043e\u0436\u0435 \u043f\u043e\u0434\u0435\u043b\u0438\u0442\u0435\u0441\u044c \u0441 \u043d\u0438\u043c\u0438 \u0438\u043d\u0444\u043e\u0440\u043c\u0430\u0446\u0438\u0435\u0439 \ud83d\ude09<\/p>\t\t\t\t\t\t\t\t<\/div>\n\t\t\t\t<\/div>\n\t\t\t\t<div class=\"elementor-element elementor-element-7d1b8181 elementor-share-buttons--view-icon elementor-share-buttons--skin-flat elementor-share-buttons--color-custom elementor-grid-mobile-0 elementor-share-buttons--shape-square elementor-grid-0 elementor-widget elementor-widget-share-buttons\" data-id=\"7d1b8181\" data-element_type=\"widget\" data-e-type=\"widget\" data-widget_type=\"share-buttons.default\">\n\t\t\t\t<div class=\"elementor-widget-container\">\n\t\t\t\t\t\t\t<div class=\"elementor-grid\" role=\"list\">\n\t\t\t\t\t\t\t\t<div class=\"elementor-grid-item\" role=\"listitem\">\n\t\t\t\t\t\t<div class=\"elementor-share-btn elementor-share-btn_facebook\" role=\"button\" tabindex=\"0\" aria-label=\"\u041f\u043e\u0434\u0435\u043b\u0438\u0442\u044c\u0441\u044f \u0432 facebook\">\n\t\t\t\t\t\t\t\t\t\t\t\t\t\t\t<span class=\"elementor-share-btn__icon\">\n\t\t\t\t\t\t\t\t<i class=\"fab fa-facebook\" aria-hidden=\"true\"><\/i>\t\t\t\t\t\t\t<\/span>\n\t\t\t\t\t\t\t\t\t\t\t\t\t\t\t\t\t\t\t\t<\/div>\n\t\t\t\t\t<\/div>\n\t\t\t\t\t\t\t\t\t<div class=\"elementor-grid-item\" role=\"listitem\">\n\t\t\t\t\t\t<div class=\"elementor-share-btn elementor-share-btn_whatsapp\" role=\"button\" tabindex=\"0\" aria-label=\"\u041f\u043e\u0434\u0435\u043b\u0438\u0442\u044c\u0441\u044f \u0432 whatsapp\">\n\t\t\t\t\t\t\t\t\t\t\t\t\t\t\t<span class=\"elementor-share-btn__icon\">\n\t\t\t\t\t\t\t\t<i class=\"fab fa-whatsapp\" aria-hidden=\"true\"><\/i>\t\t\t\t\t\t\t<\/span>\n\t\t\t\t\t\t\t\t\t\t\t\t\t\t\t\t\t\t\t\t<\/div>\n\t\t\t\t\t<\/div>\n\t\t\t\t\t\t\t\t\t<div class=\"elementor-grid-item\" role=\"listitem\">\n\t\t\t\t\t\t<div class=\"elementor-share-btn elementor-share-btn_email\" role=\"button\" tabindex=\"0\" aria-label=\"\u041f\u043e\u0434\u0435\u043b\u0438\u0442\u044c\u0441\u044f \u0432 email\">\n\t\t\t\t\t\t\t\t\t\t\t\t\t\t\t<span class=\"elementor-share-btn__icon\">\n\t\t\t\t\t\t\t\t<i class=\"fas fa-envelope\" aria-hidden=\"true\"><\/i>\t\t\t\t\t\t\t<\/span>\n\t\t\t\t\t\t\t\t\t\t\t\t\t\t\t\t\t\t\t\t<\/div>\n\t\t\t\t\t<\/div>\n\t\t\t\t\t\t\t\t\t<div class=\"elementor-grid-item\" role=\"listitem\">\n\t\t\t\t\t\t<div class=\"elementor-share-btn elementor-share-btn_twitter\" role=\"button\" tabindex=\"0\" aria-label=\"\u041f\u043e\u0434\u0435\u043b\u0438\u0442\u044c\u0441\u044f \u0432 twitter\">\n\t\t\t\t\t\t\t\t\t\t\t\t\t\t\t<span class=\"elementor-share-btn__icon\">\n\t\t\t\t\t\t\t\t<i class=\"fab fa-twitter\" aria-hidden=\"true\"><\/i>\t\t\t\t\t\t\t<\/span>\n\t\t\t\t\t\t\t\t\t\t\t\t\t\t\t\t\t\t\t\t<\/div>\n\t\t\t\t\t<\/div>\n\t\t\t\t\t\t<\/div>\n\t\t\t\t\t\t<\/div>\n\t\t\t\t<\/div>\n\t\t\t\t<div class=\"elementor-element elementor-element-59ebbee elementor-align-center elementor-widget elementor-widget-button\" data-id=\"59ebbee\" data-element_type=\"widget\" data-e-type=\"widget\" data-widget_type=\"button.default\">\n\t\t\t\t<div class=\"elementor-widget-container\">\n\t\t\t\t\t\t\t\t\t<div class=\"elementor-button-wrapper\">\n\t\t\t\t\t<a class=\"elementor-button elementor-button-link elementor-size-sm\" href=\"https:\/\/lieliskimati.lv\/ru\/e-magazin\/\">\n\t\t\t\t\t\t<span class=\"elementor-button-content-wrapper\">\n\t\t\t\t\t\t\t\t\t<span class=\"elementor-button-text\">\u041d\u0430\u0437\u0430\u0434 \u043a \u043c\u0430\u0433\u0430\u0437\u0438\u043d\u0443<\/span>\n\t\t\t\t\t<\/span>\n\t\t\t\t\t<\/a>\n\t\t\t\t<\/div>\n\t\t\t\t\t\t\t\t<\/div>\n\t\t\t\t<\/div>\n\t\t\t\t\t<\/div>\n\t\t<\/div>\n\t\t\t\t<div class=\"elementor-column elementor-col-50 elementor-top-column elementor-element elementor-element-58e429a\" data-id=\"58e429a\" data-element_type=\"column\" data-e-type=\"column\">\n\t\t\t<div class=\"elementor-widget-wrap elementor-element-populated\">\n\t\t\t\t\t\t<div class=\"elementor-element elementor-element-344477e1 elementor-widget elementor-widget-image\" data-id=\"344477e1\" data-element_type=\"widget\" data-e-type=\"widget\" data-widget_type=\"image.default\">\n\t\t\t\t<div class=\"elementor-widget-container\">\n\t\t\t\t\t\t\t\t\t\t\t\t\t\t\t\t<a href=\"https:\/\/lieliskimati.lv\/et\/cpr\/\">\n\t\t\t\t\t\t\t<img fetchpriority=\"high\" decoding=\"async\" width=\"768\" height=\"1024\" src=\"https:\/\/lieliskimati.lv\/wp-content\/uploads\/2023\/07\/LAlga_CPR_Peptide-18_Shampoomask3-768x1024.jpg\" class=\"attachment-large size-large wp-image-13107\" alt=\"L\u2019Alga CPR Instant Intensive Care Molecular Repair Peptide-18 ir salona produkcija ar revolucion\u0101r\u0101m formul\u0101m t\u016bl\u012bt\u0113jam rezult\u0101tam: stiprina, atjauno boj\u0101jumus un aizsarg\u0101 matus.\" srcset=\"https:\/\/lieliskimati.lv\/wp-content\/uploads\/2023\/07\/LAlga_CPR_Peptide-18_Shampoomask3-768x1024.jpg 768w, https:\/\/lieliskimati.lv\/wp-content\/uploads\/2023\/07\/LAlga_CPR_Peptide-18_Shampoomask3-680x907.jpg 680w, https:\/\/lieliskimati.lv\/wp-content\/uploads\/2023\/07\/LAlga_CPR_Peptide-18_Shampoomask3-225x300.jpg 225w, https:\/\/lieliskimati.lv\/wp-content\/uploads\/2023\/07\/LAlga_CPR_Peptide-18_Shampoomask3-72x96.jpg 72w, https:\/\/lieliskimati.lv\/wp-content\/uploads\/2023\/07\/LAlga_CPR_Peptide-18_Shampoomask3-32x42.jpg 32w, https:\/\/lieliskimati.lv\/wp-content\/uploads\/2023\/07\/LAlga_CPR_Peptide-18_Shampoomask3-45x60.jpg 45w, https:\/\/lieliskimati.lv\/wp-content\/uploads\/2023\/07\/LAlga_CPR_Peptide-18_Shampoomask3.jpg 900w\" sizes=\"(max-width: 768px) 100vw, 768px\" title=\"\">\t\t\t\t\t\t\t\t<\/a>\n\t\t\t\t\t\t\t\t\t\t\t\t\t\t\t<\/div>\n\t\t\t\t<\/div>\n\t\t\t\t\t<\/div>\n\t\t<\/div>\n\t\t\t\t\t<\/div>\n\t\t<\/section>\n\t\t\t\t<\/div>\n\t\t","protected":false},"excerpt":{"rendered":"<p>\u0414\u041e\u0411\u0420\u041e \u041f\u041e\u0416\u0410\u041b\u041e\u0412\u0410\u0422\u042c \u0412 \u041c\u0418\u0420 \u041a\u0420\u0410\u0421\u0418\u0412\u042b\u0425 \u0412\u041e\u041b\u041e\u0421! \u041c\u044b \u043e\u0447\u0435\u043d\u044c \u0440\u0430\u0434\u044b, \u0447\u0442\u043e \u0412\u044b \u0432\u043e\u0448\u043b\u0438 \u0432 \u0441\u0442\u0430\u0442\u0443\u0441 \u043f\u0440\u0438\u0432\u0438\u043b\u0435\u0433\u0438\u0440\u043e\u0432\u0430\u043d\u043d\u043e\u0433\u043e \u0447\u043b\u0435\u043d\u0430 \u043d\u0430\u0448\u0435\u0433\u043e \u043a\u043b\u0443\u0431\u0430! \u0412 \u0431\u0443\u0434\u0443\u0449\u0435\u043c \u0432\u044b \u0431\u0443\u0434\u0435\u0442\u0435 \u043f\u0435\u0440\u0432\u044b\u043c\u0438 \u043f\u043e\u043b\u0443\u0447\u0430\u0442\u044c \u0438\u043d\u0444\u043e\u0440\u043c\u0430\u0446\u0438\u044e \u043e \u0441\u043f\u0435\u0446\u0438\u0430\u043b\u044c\u043d\u044b\u0445 \u043f\u0440\u0435\u0434\u043b\u043e\u0436\u0435\u043d\u0438\u044f\u0445 \u0434\u043b\u044f \u0447\u043b\u0435\u043d\u043e\u0432 \u043a\u043b\u0443\u0431\u0430, \u0430 \u0442\u0430\u043a\u0436\u0435 \u043e \u043d\u043e\u0432\u044b\u0445 \u043f\u0440\u043e\u0434\u0443\u043a\u0442\u0430\u0445, \u0441\u043e\u0432\u0435\u0442\u0430\u0445 \u043f\u043e \u0443\u0445\u043e\u0434\u0443 \u0437\u0430 \u0432\u043e\u043b\u043e\u0441\u0430\u043c\u0438 \u0438 \u0434\u0440\u0443\u0433\u0443\u044e \u043f\u043e\u043b\u0435\u0437\u043d\u0443\u044e \u0438\u043d\u0444\u043e\u0440\u043c\u0430\u0446\u0438\u044e \u043e \u043a\u0440\u0430\u0441\u0438\u0432\u044b\u0445 \u0432\u043e\u043b\u043e\u0441\u0430\u0445. \u0415\u0441\u043b\u0438 \u0432\u044b \u0447\u0443\u0432\u0441\u0442\u0432\u0443\u0435\u0442\u0435, \u0447\u0442\u043e \u0432\u0430\u0448\u0438\u0445 \u0434\u0440\u0443\u0437\u0435\u0439 \u0442\u043e\u0436\u0435 \u043c\u043e\u0433\u0443\u0442 \u0437\u0430\u0438\u043d\u0442\u0435\u0440\u0435\u0441\u043e\u0432\u0430\u0442\u044c \u043a\u0440\u0430\u0441\u0438\u0432\u044b\u0435 \u0432\u043e\u043b\u043e\u0441\u044b \u0438 \u0441\u043e\u0432\u0435\u0442\u044b \u043f\u043e \u0443\u0445\u043e\u0434\u0443 \u0437\u0430 \u043d\u0438\u043c\u0438, \u0442\u043e\u0433\u0434\u0430 \u043c\u044b \u043d\u0435 \u043f\u0440\u043e\u0442\u0438\u0432, \u0435\u0441\u043b\u0438 \u0432\u044b \u0442\u043e\u0436\u0435 \u043f\u043e\u0434\u0435\u043b\u0438\u0442\u0435\u0441\u044c \u0441 \u043d\u0438\u043c\u0438&hellip;<\/p>\n","protected":false},"author":1,"featured_media":0,"parent":0,"menu_order":0,"comment_status":"closed","ping_status":"closed","template":"elementor_header_footer","meta":{"footnotes":""},"class_list":["post-1305","page","type-page","status-publish","hentry"],"_links":{"self":[{"href":"https:\/\/lieliskimati.lv\/ru\/wp-json\/wp\/v2\/pages\/1305","targetHints":{"allow":["GET"]}}],"collection":[{"href":"https:\/\/lieliskimati.lv\/ru\/wp-json\/wp\/v2\/pages"}],"about":[{"href":"https:\/\/lieliskimati.lv\/ru\/wp-json\/wp\/v2\/types\/page"}],"author":[{"embeddable":true,"href":"https:\/\/lieliskimati.lv\/ru\/wp-json\/wp\/v2\/users\/1"}],"replies":[{"embeddable":true,"href":"https:\/\/lieliskimati.lv\/ru\/wp-json\/wp\/v2\/comments?post=1305"}],"version-history":[{"count":0,"href":"https:\/\/lieliskimati.lv\/ru\/wp-json\/wp\/v2\/pages\/1305\/revisions"}],"wp:attachment":[{"href":"https:\/\/lieliskimati.lv\/ru\/wp-json\/wp\/v2\/media?parent=1305"}],"curies":[{"name":"wp","href":"https:\/\/api.w.org\/{rel}","templated":true}]}}