{"id":9459,"date":"2022-08-20T09:47:47","date_gmt":"2022-08-20T07:47:47","guid":{"rendered":"https:\/\/lieliskimati.lv\/?post_type=product&#038;p=9459"},"modified":"2025-09-15T10:20:27","modified_gmt":"2025-09-15T07:20:27","slug":"biacre-no-yellow-sampoon","status":"publish","type":"product","link":"https:\/\/lieliskimati.lv\/et\/toode\/biacre-no-yellow-sampoon\/","title":{"rendered":"BIACR\u00c8 NO YELLOW \u0161ampoon"},"content":{"rendered":"<p><strong>Orgaaniline punase viinapuu ekstrakt<\/strong> \u2013 punane viinapuu on suurep\u00e4rane peanaha ja juuste toonik, mis oma \u00a0antioks\u00fcdantsete ja toniseerivate omadustega annavad habrastele juustele eluj\u00f5udu, s\u00e4ra ja vastupidavust.<\/p>\n<p><strong>Orgaaniline aaloe ekstrakt<\/strong> \u2013 aaloe on mitmek\u00fclgne taim, millel on v\u00e4ga kasulikud omadused naha ja juuste jaoks: vananemisvastased, antibakteriaalsed, niisutavad, s\u00e4ra andvad. See niisutab juukseid s\u00fcgavuti ning muudab seel\u00e4bi juuksed tugevamaks ja l\u00e4ikivamaks.<\/p>\n<p><strong>KASUTAMINE<\/strong><\/p>\n<ul>\n<li>Kandke m\u00e4rgadele juustele, laske m\u00f5juda 1-5 min ning loputage v\u00e4lja.<\/li>\n<li>Toode on <strong>tugeva pigmendiga<\/strong>, seega alustage katsetamist juustel l\u00fchema ajaga.<\/li>\n<\/ul>\n","protected":false},"excerpt":{"rendered":"<p>Lillakat pigmenti sisaldav \u0161ampoon, mis <strong>neutraliseerib kollakas-oranzid varjundid<\/strong> juustes. Sobib blondidele, helendatud, hallidele ja triibutatud juustele. Sisaldab orgaanilist Aloe Vera Barbadensis ja punase viinapuu ekstrakte, millel on <strong>niisutavad ja antioks\u00fcdantsed omadused<\/strong>. J\u00e4tab juuksed <strong>pehmeks ja s\u00e4ravaks<\/strong>.<\/p>\n<ul>\n<li>Sisaldab orgaanilist aaloe ekstrakti, millel on <strong>vananemisvastased, antibakteriaalsed<\/strong>,<strong> niisutavad ja s\u00e4ra andvad omadused<\/strong><\/li>\n<li>Sisaldab orgaanilist punase viinapuu ekstrakti, mis annab habrastele juustele <strong>eluj\u00f5udu, s\u00e4ra ja vastupidavust<\/strong><\/li>\n<li>pH 5.0 -5.5<\/li>\n<\/ul>\n<p><strong>Ei sisalda:<\/strong> silikoone, parabeene, alkohole.<br \/>\nDermatoloogiliselt ja nikkel testitud, sisaldab orgaaniliselt sertifitseeritud komponente.<br \/>\n<strong>Suurus:<\/strong> 250 ml<\/p>\n","protected":false},"featured_media":9656,"comment_status":"open","ping_status":"closed","template":"","meta":[],"product_brand":[],"product_cat":[388,354,397,389],"product_tag":[88],"class_list":{"0":"post-9459","1":"product","2":"type-product","3":"status-publish","4":"has-post-thumbnail","6":"product_cat-biacre","7":"product_cat-biacre-no-yellow","8":"product_cat-toning","9":"product_cat-shampoos","10":"product_tag-varvi-kaitsev","12":"first","13":"instock","14":"sale","15":"taxable","16":"shipping-taxable","17":"purchasable","18":"product-type-variable","19":"has-default-attributes"},"_links":{"self":[{"href":"https:\/\/lieliskimati.lv\/et\/wp-json\/wp\/v2\/product\/9459","targetHints":{"allow":["GET"]}}],"collection":[{"href":"https:\/\/lieliskimati.lv\/et\/wp-json\/wp\/v2\/product"}],"about":[{"href":"https:\/\/lieliskimati.lv\/et\/wp-json\/wp\/v2\/types\/product"}],"replies":[{"embeddable":true,"href":"https:\/\/lieliskimati.lv\/et\/wp-json\/wp\/v2\/comments?post=9459"}],"version-history":[{"count":0,"href":"https:\/\/lieliskimati.lv\/et\/wp-json\/wp\/v2\/product\/9459\/revisions"}],"wp:featuredmedia":[{"embeddable":true,"href":"https:\/\/lieliskimati.lv\/et\/wp-json\/wp\/v2\/media\/9656"}],"wp:attachment":[{"href":"https:\/\/lieliskimati.lv\/et\/wp-json\/wp\/v2\/media?parent=9459"}],"wp:term":[{"taxonomy":"product_brand","embeddable":true,"href":"https:\/\/lieliskimati.lv\/et\/wp-json\/wp\/v2\/product_brand?post=9459"},{"taxonomy":"product_cat","embeddable":true,"href":"https:\/\/lieliskimati.lv\/et\/wp-json\/wp\/v2\/product_cat?post=9459"},{"taxonomy":"product_tag","embeddable":true,"href":"https:\/\/lieliskimati.lv\/et\/wp-json\/wp\/v2\/product_tag?post=9459"}],"curies":[{"name":"wp","href":"https:\/\/api.w.org\/{rel}","templated":true}]}}