{"id":9454,"date":"2022-08-20T09:47:46","date_gmt":"2022-08-20T07:47:46","guid":{"rendered":"https:\/\/lieliskimati.lv\/?post_type=product&#038;p=9454"},"modified":"2025-09-15T10:19:48","modified_gmt":"2025-09-15T07:19:48","slug":"biacre-modelleeriv-kreemvaha","status":"publish","type":"product","link":"https:\/\/lieliskimati.lv\/et\/toode\/biacre-modelleeriv-kreemvaha\/","title":{"rendered":"BIACR\u00c8 modelleeriv kreemvaha"},"content":{"rendered":"<p><strong>Orgaaniline magusmandli\u00f5li<\/strong> \u2013 on ideaalne kahjustatud ja rabedate juuste seisukorra parandamiseks. Sisaldab rikkalikult rasvhappeid ja vitamiine A, B1, B2, B6, D ja E. Vitamiin A aitab hoida juuste tervist, vitamiinid B1 ja B6 toetavad juuste kasvu ning vitamiin E on rikkalik antioks\u00fcdantide poolest, mis ergutab peanaha mikrovereringet, et toetada omakorda tervete juuste kasvamist. Kasulikud rasvhapped tungivad s\u00fcgavale juuksekiusse, niisutades ja toetades juuksekasva seestpidiselt.<\/p>\n<p><strong>Orgaaniline kookos\u00f5li<\/strong> \u2013 on imeliste pehmendavate, niisutavate ja kaitsvate omadustega t\u00e4nu k\u00f5rgele E-vitamiini, kaltsiumi, raua ja tsingi sisaldusele. V\u00e4ga rikkalik vajalike rasvhapete allikas, mis niisutavad ja toidavad rabedaid, kuivi ja kahjustatud juukseid. J\u00e4tab juuksed pehmeks ja l\u00e4ikivaks.<\/p>\n<p><strong>KASUTAMINE<\/strong><\/p>\n<ul>\n<li>Kandke v\u00e4ike kogus kreemvaha kuivadele juustele ning stiliseerige vastavalt soovile.<\/li>\n<\/ul>\n","protected":false},"excerpt":{"rendered":"<p>Kreemvaha modelleerimiseks ja soengute viimistlemiseks. Juba v\u00e4ike kogus aitab saavutada <strong>supersileda ja kaunilt l\u00e4ikiva l\u00f5pptulemuse<\/strong>, juuksed j\u00e4\u00e4vad peale kasutamist m\u00f5nusalt loomulikud ja pehmed ning toode ei kuhju juustele isegi siis kui seda mitu p\u00e4eva j\u00e4rjest kasutada.<br \/>\nJust see on toode, mis aitab niiskusega turritama kippuvaid juuksekarvu kontrolli all hoida.<\/p>\n<ul>\n<li>Sisaldab <strong>orgaanilist magusmandli\u00f5li<\/strong>, mis niisutav ja toidab juukseid s\u00fcgavuti<\/li>\n<li>Sisaldab <strong>orgaanilist kookos\u00f5li<\/strong>, mis pehmendab, niisutab ja toidab juukseid ning j\u00e4tab need kaunilt l\u00e4ikivaks<\/li>\n<\/ul>\n<p><strong>Ei sisalda:<\/strong> parabeene, v\u00e4rvaineid, alkohole.<br \/>\nDermatoloogiliselt ja nikkel testitud, sisaldab orgaaniliselt sertifitseeritud komponente.<br \/>\n<strong>Suurus:<\/strong>\u00a0150 ml<\/p>\n","protected":false},"featured_media":9601,"comment_status":"open","ping_status":"closed","template":"","meta":[],"product_brand":[],"product_cat":[388,355,357,394],"product_tag":[80,86],"class_list":{"0":"post-9454","1":"product","2":"type-product","3":"status-publish","4":"has-post-thumbnail","6":"product_cat-biacre","7":"product_cat-biacre-shine","8":"product_cat-biacre-styling","9":"product_cat-styling","10":"product_tag-kahusust-vahendav","11":"product_tag-sara-andev","13":"first","14":"instock","15":"taxable","16":"shipping-taxable","17":"purchasable","18":"product-type-simple"},"_links":{"self":[{"href":"https:\/\/lieliskimati.lv\/et\/wp-json\/wp\/v2\/product\/9454","targetHints":{"allow":["GET"]}}],"collection":[{"href":"https:\/\/lieliskimati.lv\/et\/wp-json\/wp\/v2\/product"}],"about":[{"href":"https:\/\/lieliskimati.lv\/et\/wp-json\/wp\/v2\/types\/product"}],"replies":[{"embeddable":true,"href":"https:\/\/lieliskimati.lv\/et\/wp-json\/wp\/v2\/comments?post=9454"}],"version-history":[{"count":0,"href":"https:\/\/lieliskimati.lv\/et\/wp-json\/wp\/v2\/product\/9454\/revisions"}],"wp:featuredmedia":[{"embeddable":true,"href":"https:\/\/lieliskimati.lv\/et\/wp-json\/wp\/v2\/media\/9601"}],"wp:attachment":[{"href":"https:\/\/lieliskimati.lv\/et\/wp-json\/wp\/v2\/media?parent=9454"}],"wp:term":[{"taxonomy":"product_brand","embeddable":true,"href":"https:\/\/lieliskimati.lv\/et\/wp-json\/wp\/v2\/product_brand?post=9454"},{"taxonomy":"product_cat","embeddable":true,"href":"https:\/\/lieliskimati.lv\/et\/wp-json\/wp\/v2\/product_cat?post=9454"},{"taxonomy":"product_tag","embeddable":true,"href":"https:\/\/lieliskimati.lv\/et\/wp-json\/wp\/v2\/product_tag?post=9454"}],"curies":[{"name":"wp","href":"https:\/\/api.w.org\/{rel}","templated":true}]}}