{"id":9453,"date":"2022-08-20T09:47:46","date_gmt":"2022-08-20T07:47:46","guid":{"rendered":"https:\/\/lieliskimati.lv\/?post_type=product&#038;p=9453"},"modified":"2025-10-11T12:13:05","modified_gmt":"2025-10-11T09:13:05","slug":"biacre-juuksevaht","status":"publish","type":"product","link":"https:\/\/lieliskimati.lv\/et\/toode\/biacre-juuksevaht\/","title":{"rendered":"BIACR\u00c8 s\u00e4ra andev juuksevaht"},"content":{"rendered":"<p><strong>Orgaaniline linaseemne \u00f5li<\/strong> &#8211; t\u00e4nu oma rikkalikule Omega-3 sisaldusele aitab taastuda stressis juustel, mida keemiliselt t\u00f6\u00f6deldakse v\u00f5i sageli f\u00f6\u00f6nitatakse ja\/v\u00f5i sirgendatakse. Linaseemnetel on restruktureerivad omadused, mist\u00f5ttu sobivad need ideaalselt taastama kahjustatud, rabedate, kuivade ja tuhmide juuste head seisukorda.<\/p>\n<p><strong>Orgaaniline mangusmandlite \u00f5li<\/strong> &#8211; on ideaalne kahjustatud ja rabedate juuste seisukorra parandamiseks. Sisaldab rikkalikult rasvhappeid ja vitamiine A, B1, B2, B6, D ja E. Vitamiin A aitab hoida juuste tervist, vitamiinid B1 ja B6 toetavad juuste kasvu ning vitamiin E on rikkalik antioks\u00fcdantide poolest, mis ergutab peanaha mikrovereringet, et toetada omakorda tervete juuste kasvamist. Kasulikud rasvhapped tungivad s\u00fcgavale juuksekiusse, niisutades ja toetades juuksekasva seestpidiselt.<\/p>\n<p><strong>KASUTAMINE<\/strong><\/p>\n<ul>\n<li>Loksutage enne kasutamist hoolikalt.<\/li>\n<li>Laske 2-3 p\u00e4hklisuurust tutsu peopessa ning kandke pestud, kergelt niisketesse juustesse.<\/li>\n<li>J\u00e4tkake stiliseerimist.<\/li>\n<\/ul>\n","protected":false},"excerpt":{"rendered":"<p><strong>L\u00e4iget andev<\/strong> juuksevaht orgaanilise linaseemne\u00f5li, orgaanilise mandli\u00f5li, proteiinide ja vitamiinidega. Niisutab kuivi ja t\u00f6\u00f6deldud juukseid.<br \/>\nLisab kohevust, t\u00e4idlust ja annab vormi, <strong>v\u00f5imaldab modelleerida<\/strong> nii loomulikult kuivavaid juukseid kui f\u00f6\u00f6nisoenguid.<\/p>\n<ul>\n<li>Sisaldab orgaanilist linaseemne\u00f5li, mis aitab taastuda <strong>kuivadel ja t\u00f6\u00f6deldud juustel<\/strong><\/li>\n<li>Sisaldab orgaanilist mandli\u00f5li, mis <strong>niisutab<\/strong> s\u00fcgavuti<\/li>\n<\/ul>\n<p><strong>Suurus:<\/strong> 200 ml<\/p>\n","protected":false},"featured_media":9597,"comment_status":"open","ping_status":"closed","template":"","meta":[],"product_brand":[],"product_cat":[388,355,357,394],"product_tag":[81,86],"class_list":{"0":"post-9453","1":"product","2":"type-product","3":"status-publish","4":"has-post-thumbnail","6":"product_cat-biacre","7":"product_cat-biacre-shine","8":"product_cat-biacre-styling","9":"product_cat-styling","10":"product_tag-kohevust-lisav","11":"product_tag-sara-andev","13":"first","14":"instock","15":"taxable","16":"shipping-taxable","17":"purchasable","18":"product-type-simple"},"_links":{"self":[{"href":"https:\/\/lieliskimati.lv\/et\/wp-json\/wp\/v2\/product\/9453","targetHints":{"allow":["GET"]}}],"collection":[{"href":"https:\/\/lieliskimati.lv\/et\/wp-json\/wp\/v2\/product"}],"about":[{"href":"https:\/\/lieliskimati.lv\/et\/wp-json\/wp\/v2\/types\/product"}],"replies":[{"embeddable":true,"href":"https:\/\/lieliskimati.lv\/et\/wp-json\/wp\/v2\/comments?post=9453"}],"version-history":[{"count":0,"href":"https:\/\/lieliskimati.lv\/et\/wp-json\/wp\/v2\/product\/9453\/revisions"}],"wp:featuredmedia":[{"embeddable":true,"href":"https:\/\/lieliskimati.lv\/et\/wp-json\/wp\/v2\/media\/9597"}],"wp:attachment":[{"href":"https:\/\/lieliskimati.lv\/et\/wp-json\/wp\/v2\/media?parent=9453"}],"wp:term":[{"taxonomy":"product_brand","embeddable":true,"href":"https:\/\/lieliskimati.lv\/et\/wp-json\/wp\/v2\/product_brand?post=9453"},{"taxonomy":"product_cat","embeddable":true,"href":"https:\/\/lieliskimati.lv\/et\/wp-json\/wp\/v2\/product_cat?post=9453"},{"taxonomy":"product_tag","embeddable":true,"href":"https:\/\/lieliskimati.lv\/et\/wp-json\/wp\/v2\/product_tag?post=9453"}],"curies":[{"name":"wp","href":"https:\/\/api.w.org\/{rel}","templated":true}]}}