{"id":9452,"date":"2022-08-20T09:47:46","date_gmt":"2022-08-20T07:47:46","guid":{"rendered":"https:\/\/lieliskimati.lv\/?post_type=product&#038;p=9452"},"modified":"2025-10-28T11:24:45","modified_gmt":"2025-10-28T08:24:45","slug":"biacre-sara-andev-sampoon","status":"publish","type":"product","link":"https:\/\/lieliskimati.lv\/et\/toode\/biacre-sara-andev-sampoon\/","title":{"rendered":"BIACR\u00c8 s\u00e4ra andev \u0161ampoon"},"content":{"rendered":"<p><strong>Orgaaniline linaseemne \u00f5li<\/strong>\u00a0\u2013 t\u00e4nu oma rikkalikule Omega-3 sisaldusele aitab taastuda stressis juustel, mida keemiliselt t\u00f6\u00f6deldakse v\u00f5i sageli f\u00f6\u00f6nitatakse ja\/v\u00f5i sirgendatakse. Linaseemnetel on restruktureerivad omadused, mist\u00f5ttu sobivad need ideaalselt taastama kahjustatud, rabedate, kuivade ja tuhmide juuste head seisukorda.<\/p>\n<p><strong>Orgaaniline aaloe ekstrakt<\/strong>\u00a0\u2013 aaloe on mitmek\u00fclgne taim, millel on v\u00e4ga kasulikud omadused naha ja juuste jaoks: vananemisvastased, antibakteriaalsed, niisutavad, s\u00e4ra andvad. See niisutab juukseid s\u00fcgavuti ning muudab seel\u00e4bi juuksed tugevamaks ja l\u00e4ikivamaks.<\/p>\n<p><strong>Orgaaniline arnikaekstrakt<\/strong>\u00a0\u2013 arnikal on niisutava, p\u00f5letikuvastase, antioks\u00fcdantse ja rahustava toimega taim. T\u00e4nu oma puhastavatele omadustele kasutatakse seda sageli peanaha \u00e4rrituse leevendamisel ja k\u00f5\u00f5ma raviks.<\/p>\n<p><strong>Orgaaniline kaeraekstrakt<\/strong>\u00a0\u2013 selles v\u00e4\u00e4rtuslikus teraviljas sisalduvad ained on toitvate ja tomiseerivate omadustega, mis aitavad hoiduda kuivusest ja rabedusest ning annavad juustele vormi, pehmust ja s\u00e4ra.<\/p>\n<p><strong>KASUTAMINE<\/strong><\/p>\n<ul>\n<li>Kandke niisketele juustele, masseerige ja loputage. Vajadusel korrake.<\/li>\n<\/ul>\n","protected":false},"excerpt":{"rendered":"<p>\u0160ampoon, mis sobib k\u00f5ikidele juukset\u00fc\u00fcpidele, kuid eriti h\u00e4sti <strong>kuivadele, t\u00f6\u00f6deldud ja elututele<\/strong> juustele. Sisaldab orgaanilist linaseemne\u00f5li, orgaanilist aaloe-, arnika- ja kaeraekstrakte, et kaitsta juukseid ning lisada neile <strong>pehmust ja s\u00e4ra.<br \/>\n<\/strong>Meeldiva maheda l\u00f5hnaga.<\/p>\n<ul>\n<li>Sisaldab orgaanilist linaseemne \u00f5li, mis<strong> taastab ja parandab<\/strong> kahjustatud juuste seisukorda<\/li>\n<li>Sisaldab orgaanilist aaloe ekstrakti, mis <strong>niisutab j<\/strong>uukseid s\u00fcgavuti ja <strong>lisab l\u00e4iget<\/strong><\/li>\n<li>Sisaldab orgaanilist arnikaekstrakti, mis <strong>toetab peanaha tasakaalu<\/strong><\/li>\n<li>Sisaldab orgaanilist kaeraekstrakti, mis <strong>toidab ja toniseerib<\/strong><\/li>\n<li>pH 5.0-5.5<\/li>\n<\/ul>\n<p><strong>Ei sisalda:<\/strong> sulfaate SLES, silikoone, v\u00e4rvaineid, parabeene, alkohole.<br \/>\nDermatoloogiliselt ja nikkel testitud, sisaldab orgaaniliselt sertifitseeritud komponente.<br \/>\nSuurus: 250 ml<\/p>\n","protected":false},"featured_media":9636,"comment_status":"open","ping_status":"closed","template":"","meta":[],"product_brand":[],"product_cat":[388,355,389],"product_tag":[86],"class_list":{"0":"post-9452","1":"product","2":"type-product","3":"status-publish","4":"has-post-thumbnail","6":"product_cat-biacre","7":"product_cat-biacre-shine","8":"product_cat-shampoos","9":"product_tag-sara-andev","11":"first","12":"instock","13":"taxable","14":"shipping-taxable","15":"purchasable","16":"product-type-simple"},"_links":{"self":[{"href":"https:\/\/lieliskimati.lv\/et\/wp-json\/wp\/v2\/product\/9452","targetHints":{"allow":["GET"]}}],"collection":[{"href":"https:\/\/lieliskimati.lv\/et\/wp-json\/wp\/v2\/product"}],"about":[{"href":"https:\/\/lieliskimati.lv\/et\/wp-json\/wp\/v2\/types\/product"}],"replies":[{"embeddable":true,"href":"https:\/\/lieliskimati.lv\/et\/wp-json\/wp\/v2\/comments?post=9452"}],"version-history":[{"count":0,"href":"https:\/\/lieliskimati.lv\/et\/wp-json\/wp\/v2\/product\/9452\/revisions"}],"wp:featuredmedia":[{"embeddable":true,"href":"https:\/\/lieliskimati.lv\/et\/wp-json\/wp\/v2\/media\/9636"}],"wp:attachment":[{"href":"https:\/\/lieliskimati.lv\/et\/wp-json\/wp\/v2\/media?parent=9452"}],"wp:term":[{"taxonomy":"product_brand","embeddable":true,"href":"https:\/\/lieliskimati.lv\/et\/wp-json\/wp\/v2\/product_brand?post=9452"},{"taxonomy":"product_cat","embeddable":true,"href":"https:\/\/lieliskimati.lv\/et\/wp-json\/wp\/v2\/product_cat?post=9452"},{"taxonomy":"product_tag","embeddable":true,"href":"https:\/\/lieliskimati.lv\/et\/wp-json\/wp\/v2\/product_tag?post=9452"}],"curies":[{"name":"wp","href":"https:\/\/api.w.org\/{rel}","templated":true}]}}