{"id":9451,"date":"2022-08-20T09:47:46","date_gmt":"2022-08-20T07:47:46","guid":{"rendered":"https:\/\/lieliskimati.lv\/?post_type=product&#038;p=9451"},"modified":"2025-09-15T10:05:59","modified_gmt":"2025-09-15T07:05:59","slug":"biacre-shine-mask","status":"publish","type":"product","link":"https:\/\/lieliskimati.lv\/et\/toode\/biacre-shine-mask\/","title":{"rendered":"BIACR\u00c8 s\u00e4ra andev niisutav juuksemask"},"content":{"rendered":"<p><strong>Orgaaniline linaseemne \u00f5li<\/strong> &#8211; t\u00e4nu oma rikkalikule Omega-3 sisaldusele aitab taastuda stressis juustel, mida keemiliselt t\u00f6\u00f6deldakse v\u00f5i sageli f\u00f6\u00f6nitatakse ja\/v\u00f5i sirgendatakse. Linaseemnetel on restruktureerivad omadused, mist\u00f5ttu sobivad need ideaalselt taastama kahjustatud, rabedate, kuivade ja tuhmide juuste head seisukorda.<\/p>\n<p><strong>Orgaaniline aaloe ekstrakt<\/strong> \u2013 aaloe on mitmek\u00fclgne taim, millel on v\u00e4ga kasulikud omadused naha ja juuste jaoks: vananemisvastased, antibakteriaalsed, niisutavad, s\u00e4ra andvad. See niisutab juukseid s\u00fcgavuti ning muudab seel\u00e4bi juuksed tugevamaks ja l\u00e4ikivamaks.<\/p>\n<p><strong>Orgaaniline arnikaekstrakt<\/strong> \u2013 arnika on niisutava, p\u00f5letikuvastase, antioks\u00fcdantse ja rahustava toimega taim. T\u00e4nu oma puhastavatele omadustele kasutatakse seda sageli peanaha \u00e4rrituse leevendamisel ja k\u00f5\u00f5ma raviks.<\/p>\n<p><strong>Orgaaniline kaeraekstrakt<\/strong> &#8211; selles v\u00e4\u00e4rtuslikus teraviljas sisalduvad ained on toitvate ja tomiseerivate omadustega, mis aitavad hoiduda kuivusest ja rabedusest ning annavad juustele vormi, pehmust ja s\u00e4ra.<\/p>\n<p><strong>KASUTAMINE<\/strong><\/p>\n<ul>\n<li>Kandke pestud r\u00e4tikukuivadele juustele, j\u00e4tke 3-4 min juustele m\u00f5juma.<\/li>\n<li>Seej\u00e4rel loputage.<\/li>\n<\/ul>\n","protected":false},"excerpt":{"rendered":"<p><strong>Niisutav juuksemask<\/strong> k\u00f5igile juukset\u00fc\u00fcpidele, kuid eriti kuivadele, t\u00f6\u00f6deldud ja elututele juustele. Sisaldab linaseemne\u00f5li, orgaanilist aaloe, arnika ja kaeraekstrakte, et parandada juuste struktuuri ning niisutada juukseid ja t\u00f5sta seel\u00e4bi nende elastsust.<\/p>\n<ul>\n<li>Sisaldab\u00a0orgaanilist linaseemne \u00f5li, mis <strong>taastab ja parandab kahjustatud juuste seisukorda<\/strong><\/li>\n<li>Sisaldab orgaanilist aaloe ekstrakti, mis <strong>niisutab<\/strong> juukseid s\u00fcgavuti<\/li>\n<li>Sisaldab\u00a0orgaanilist arnikaekstrakti, mis <strong>toetab peanaha tasakaalu<\/strong><\/li>\n<li>Sisaldab orgaanilist kaeraekstrakti, mis\u00a0<strong>toidab ja toniseerib<\/strong><\/li>\n<li>pH 4.0-4.5<\/li>\n<\/ul>\n<p><strong>Ei sisalda:<\/strong> silikoone, parabeene, alkohole.<br \/>\nDermatoloogiliselt ja nikkel testitud, sisaldab orgaaniliselt sertifitseeritud komponente.<br \/>\n<strong>Suurus:<\/strong> 200 ml<\/p>\n","protected":false},"featured_media":9579,"comment_status":"open","ping_status":"closed","template":"","meta":[],"product_brand":[],"product_cat":[388,355,391],"product_tag":[77,86],"class_list":{"0":"post-9451","1":"product","2":"type-product","3":"status-publish","4":"has-post-thumbnail","6":"product_cat-biacre","7":"product_cat-biacre-shine","8":"product_cat-hair-masks","9":"product_tag-niisutav","10":"product_tag-sara-andev","12":"first","13":"instock","14":"taxable","15":"shipping-taxable","16":"purchasable","17":"product-type-variable","18":"has-default-attributes"},"_links":{"self":[{"href":"https:\/\/lieliskimati.lv\/et\/wp-json\/wp\/v2\/product\/9451","targetHints":{"allow":["GET"]}}],"collection":[{"href":"https:\/\/lieliskimati.lv\/et\/wp-json\/wp\/v2\/product"}],"about":[{"href":"https:\/\/lieliskimati.lv\/et\/wp-json\/wp\/v2\/types\/product"}],"replies":[{"embeddable":true,"href":"https:\/\/lieliskimati.lv\/et\/wp-json\/wp\/v2\/comments?post=9451"}],"version-history":[{"count":0,"href":"https:\/\/lieliskimati.lv\/et\/wp-json\/wp\/v2\/product\/9451\/revisions"}],"wp:featuredmedia":[{"embeddable":true,"href":"https:\/\/lieliskimati.lv\/et\/wp-json\/wp\/v2\/media\/9579"}],"wp:attachment":[{"href":"https:\/\/lieliskimati.lv\/et\/wp-json\/wp\/v2\/media?parent=9451"}],"wp:term":[{"taxonomy":"product_brand","embeddable":true,"href":"https:\/\/lieliskimati.lv\/et\/wp-json\/wp\/v2\/product_brand?post=9451"},{"taxonomy":"product_cat","embeddable":true,"href":"https:\/\/lieliskimati.lv\/et\/wp-json\/wp\/v2\/product_cat?post=9451"},{"taxonomy":"product_tag","embeddable":true,"href":"https:\/\/lieliskimati.lv\/et\/wp-json\/wp\/v2\/product_tag?post=9451"}],"curies":[{"name":"wp","href":"https:\/\/api.w.org\/{rel}","templated":true}]}}