{"id":9449,"date":"2022-08-20T09:47:45","date_gmt":"2022-08-20T07:47:45","guid":{"rendered":"https:\/\/lieliskimati.lv\/?post_type=product&#038;p=9449"},"modified":"2025-09-15T10:19:43","modified_gmt":"2025-09-15T07:19:43","slug":"biacre-juukselakk","status":"publish","type":"product","link":"https:\/\/lieliskimati.lv\/et\/toode\/biacre-juukselakk\/","title":{"rendered":"BIACR\u00c8 NO GAS l\u00e4iget andev juukselakk"},"content":{"rendered":"<p><strong>Orgaaniline linaseemne \u00f5li<\/strong> &#8211; t\u00e4nu oma rikkalikule Omega-3 sisaldusele aitab taastuda stressis juustel, mida keemiliselt t\u00f6\u00f6deldakse v\u00f5i sageli f\u00f6\u00f6nitatakse ja\/v\u00f5i sirgendatakse. Linaseemnetel on restruktureerivad omadused, mist\u00f5ttu sobivad need ideaalselt taastama kahjustatud, rabedate, kuivade ja tuhmide juuste head seisukorda.<\/p>\n<p><strong>Orgaaniline aprikoosi\u00f5li<\/strong> &#8211; v\u00e4ga rikkalik antioks\u00fcdantide, k\u00fcllastumata rasvhapete, mineraalainete, E-vitamiini ja eriti A-vitamiini allikas. Aprikoosi\u00f5li peamine eesm\u00e4rk juuksehoolduses on niisutada, lisada pehmust ja kaitset ning see toimib eriti t\u00f5husalt kahjustatud juustel, aidates juuskseid kaitsta ning ennetada juukseotste l\u00f5henemist.<\/p>\n<p><strong>Orgaaniline mangusmandlite \u00f5li<\/strong> &#8211; on ideaalne kahjustatud ja rabedate juuste seisukorra parandamiseks. Sisaldab rikkalikult rasvhappeid ja vitamiine A, B1, B2, B6, D ja E. Vitamiin A aitab hoida juuste tervist, vitamiinid B1 ja B6 toetavad juuste kasvu ning vitamiin E on rikkalik antioks\u00fcdantide poolest, mis ergutab peanaha mikrovereringet, et toetada omakorda tervete juuste kasvamist. Kasulikud rasvhapped tungivad s\u00fcgavale juuksekiusse, niisutades ja toetades juuksekasva seestpidiselt.<\/p>\n<p><strong>KASUTAMINE<\/strong><\/p>\n<ul>\n<li>Piserdage ca 25 cm kauguselt juustesse.<\/li>\n<\/ul>\n","protected":false},"excerpt":{"rendered":"<p><em>No Gas<\/em> eriti peene pihustusega juukselakk k\u00f5igile juukset\u00fc\u00fcpidele. Anna soengule viimane lihv kahuvastase,\u00a0<strong>UV-kaitset<\/strong> pakkuva juukselakiga, mis sisaldab orgaanilist linaseemne\u00f5li, aprikoosi\u00f5li ja mandliseemne\u00f5li. <strong>Keskmise hoidvusega<\/strong>, j\u00e4ttes juuksed elastseks ja l\u00e4ikivaks.<br \/>\nKuivab kiiresti, <strong>ei j\u00e4ta juustesse n\u00e4htavat kihti<\/strong> ning on <strong>kammides eemaldatav<\/strong>.<\/p>\n<ul>\n<li>Sisaldab orgaanilist linaseemne \u00f5li, aprikoosi\u00f5li, ja magusmandlite \u00f5li<\/li>\n<li>Annab UV-kaitse<\/li>\n<li>Keskmise hoidvusega, kammides eemaldatav<\/li>\n<\/ul>\n<p>Dermatoloogiliselt ja nikkel testitud, sisaldab orgaaniliselt sertifitseeritud komponente.<br \/>\n<strong>Suurus:<\/strong> 350 ml<\/p>\n","protected":false},"featured_media":9558,"comment_status":"open","ping_status":"closed","template":"","meta":[],"product_brand":[],"product_cat":[388,355,357,520,394],"product_tag":[86,529],"class_list":{"0":"post-9449","1":"product","2":"type-product","3":"status-publish","4":"has-post-thumbnail","6":"product_cat-biacre","7":"product_cat-biacre-shine","8":"product_cat-biacre-styling","9":"product_cat-paike","10":"product_cat-styling","11":"product_tag-sara-andev","12":"product_tag-uv-kaitse","14":"first","15":"instock","16":"taxable","17":"shipping-taxable","18":"purchasable","19":"product-type-simple"},"_links":{"self":[{"href":"https:\/\/lieliskimati.lv\/et\/wp-json\/wp\/v2\/product\/9449","targetHints":{"allow":["GET"]}}],"collection":[{"href":"https:\/\/lieliskimati.lv\/et\/wp-json\/wp\/v2\/product"}],"about":[{"href":"https:\/\/lieliskimati.lv\/et\/wp-json\/wp\/v2\/types\/product"}],"replies":[{"embeddable":true,"href":"https:\/\/lieliskimati.lv\/et\/wp-json\/wp\/v2\/comments?post=9449"}],"version-history":[{"count":0,"href":"https:\/\/lieliskimati.lv\/et\/wp-json\/wp\/v2\/product\/9449\/revisions"}],"wp:featuredmedia":[{"embeddable":true,"href":"https:\/\/lieliskimati.lv\/et\/wp-json\/wp\/v2\/media\/9558"}],"wp:attachment":[{"href":"https:\/\/lieliskimati.lv\/et\/wp-json\/wp\/v2\/media?parent=9449"}],"wp:term":[{"taxonomy":"product_brand","embeddable":true,"href":"https:\/\/lieliskimati.lv\/et\/wp-json\/wp\/v2\/product_brand?post=9449"},{"taxonomy":"product_cat","embeddable":true,"href":"https:\/\/lieliskimati.lv\/et\/wp-json\/wp\/v2\/product_cat?post=9449"},{"taxonomy":"product_tag","embeddable":true,"href":"https:\/\/lieliskimati.lv\/et\/wp-json\/wp\/v2\/product_tag?post=9449"}],"curies":[{"name":"wp","href":"https:\/\/api.w.org\/{rel}","templated":true}]}}