{"id":9448,"date":"2022-08-20T09:47:45","date_gmt":"2022-08-20T07:47:45","guid":{"rendered":"https:\/\/lieliskimati.lv\/?post_type=product&#038;p=9448"},"modified":"2026-04-05T14:42:02","modified_gmt":"2026-04-05T11:42:02","slug":"biacre-laikeseerum","status":"publish","type":"product","link":"https:\/\/lieliskimati.lv\/et\/toode\/biacre-laikeseerum\/","title":{"rendered":"BIACR\u00c8 l\u00e4ikeseerum"},"content":{"rendered":"<p><strong>Orgaaniline linaseemne \u00f5li<\/strong> &#8211; t\u00e4nu oma rikkalikule Omega-3 sisaldusele aitab taastuda stressis juustel, mida keemiliselt t\u00f6\u00f6deldakse v\u00f5i sageli f\u00f6\u00f6nitatakse ja\/v\u00f5i sirgendatakse. Linaseemnetel on restruktureerivad omadused, mist\u00f5ttu sobivad need ideaalselt taastama kahjustatud, rabedate, kuivade ja tuhmide juuste head seisukorda.<\/p>\n<p><strong>Orgaaniline aprikoosi\u00f5li<\/strong> &#8211; v\u00e4ga rikkalik antioks\u00fcdantide, k\u00fcllastumata rasvhapete, mineraalainete, E-vitamiini ja eriti A-vitamiini allikas. Aprikoosi\u00f5li peamine eesm\u00e4rk juuksehoolduses on niisutada, lisada pehmust ja kaitset ning see toimib eriti t\u00f5husalt kahjustatud juustel, aidates juuskseid kaitsta ning ennetada juukseotste l\u00f5henemist.<\/p>\n<p><strong>Orgaaniline\u00a0mangusmandlite \u00f5li<\/strong> &#8211; on ideaalne kahjustatud ja rabedate juuste seisukorra parandamiseks. Sisaldab rikkalikult rasvhappeid ja vitamiine A, B1, B2, B6, D ja E. Vitamiin A aitab hoida juuste tervist, vitamiinid B1 ja B6 toetavad juuste kasvu ning vitamiin E on rikkalik antioks\u00fcdantide poolest, mis ergutab peanaha mikrovereringet, et toetada omakorda tervete juuste kasvamist. Kasulikud rasvhapped tungivad s\u00fcgavale juuksekiusse, niisutades ja toetades juuksekasva seestpidiselt.<\/p>\n<p><strong>KASUTAMINE<\/strong><\/p>\n<ul>\n<li>Lisage 1-2 pumbat\u00e4it seerumit pestud niisketele v\u00f5i kuivadele juustele.<\/li>\n<li>Masseerige juuste pikkusesse ja otstesse.<\/li>\n<li>J\u00e4tke juustesse, \u00e4rge peske v\u00e4lja.<\/li>\n<\/ul>\n","protected":false},"excerpt":{"rendered":"<p>Rikkaliku <strong>kristalset l\u00e4iget ja s\u00e4ra<\/strong> andev seerum k\u00f5ikidele juukset\u00fc\u00fcpidele.<br \/>\nAitab lihtsustada kammimist, tagab juuste pehmuse ja aitab hoiduda pusade tekkest juustesse.<\/p>\n<ul>\n<li>Sisaldab orgaanilist linaseemne \u00f5li, mis aitab <strong>taastada kahjustatud, kuivi ja rabedaid juukseid<\/strong><\/li>\n<li>Sisaldab orgaanilist aprikoosi\u00f5li, mis niisutab, lisab <strong>pehmust<\/strong> ja aitab <strong>ennetada juukseotste l\u00f5henemist<\/strong><\/li>\n<li>Sisaldab orgaanilist magusmandlite \u00f5li, mis aitab <strong>parandada kahjustatud juuste seisukorda<\/strong><\/li>\n<\/ul>\n<p><strong>Ei sisalda:<\/strong> parabeene, alkohole.<br \/>\nDermatoloogiliselt ja nikkel testitud, sisaldab orgaaniliselt sertifitseeritud komponente.<br \/>\nSuurus: 50 ml<\/p>\n","protected":false},"featured_media":9543,"comment_status":"open","ping_status":"closed","template":"","meta":[],"product_brand":[],"product_cat":[388,355,357,392,394],"product_tag":[80,379,86],"class_list":{"0":"post-9448","1":"product","2":"type-product","3":"status-publish","4":"has-post-thumbnail","6":"product_cat-biacre","7":"product_cat-biacre-shine","8":"product_cat-biacre-styling","9":"product_cat-oils-serums","10":"product_cat-styling","11":"product_tag-kahusust-vahendav","12":"product_tag-sara","13":"product_tag-sara-andev","15":"first","16":"instock","17":"taxable","18":"shipping-taxable","19":"purchasable","20":"product-type-simple"},"_links":{"self":[{"href":"https:\/\/lieliskimati.lv\/et\/wp-json\/wp\/v2\/product\/9448","targetHints":{"allow":["GET"]}}],"collection":[{"href":"https:\/\/lieliskimati.lv\/et\/wp-json\/wp\/v2\/product"}],"about":[{"href":"https:\/\/lieliskimati.lv\/et\/wp-json\/wp\/v2\/types\/product"}],"replies":[{"embeddable":true,"href":"https:\/\/lieliskimati.lv\/et\/wp-json\/wp\/v2\/comments?post=9448"}],"version-history":[{"count":1,"href":"https:\/\/lieliskimati.lv\/et\/wp-json\/wp\/v2\/product\/9448\/revisions"}],"predecessor-version":[{"id":23856,"href":"https:\/\/lieliskimati.lv\/et\/wp-json\/wp\/v2\/product\/9448\/revisions\/23856"}],"wp:featuredmedia":[{"embeddable":true,"href":"https:\/\/lieliskimati.lv\/et\/wp-json\/wp\/v2\/media\/9543"}],"wp:attachment":[{"href":"https:\/\/lieliskimati.lv\/et\/wp-json\/wp\/v2\/media?parent=9448"}],"wp:term":[{"taxonomy":"product_brand","embeddable":true,"href":"https:\/\/lieliskimati.lv\/et\/wp-json\/wp\/v2\/product_brand?post=9448"},{"taxonomy":"product_cat","embeddable":true,"href":"https:\/\/lieliskimati.lv\/et\/wp-json\/wp\/v2\/product_cat?post=9448"},{"taxonomy":"product_tag","embeddable":true,"href":"https:\/\/lieliskimati.lv\/et\/wp-json\/wp\/v2\/product_tag?post=9448"}],"curies":[{"name":"wp","href":"https:\/\/api.w.org\/{rel}","templated":true}]}}