{"id":9446,"date":"2022-08-20T09:47:45","date_gmt":"2022-08-20T07:47:45","guid":{"rendered":"https:\/\/lieliskimati.lv\/?post_type=product&#038;p=9446"},"modified":"2026-04-07T19:43:44","modified_gmt":"2026-04-07T16:43:44","slug":"biacre-piimjas-sarakreem","status":"publish","type":"product","link":"https:\/\/lieliskimati.lv\/et\/toode\/biacre-piimjas-sarakreem\/","title":{"rendered":"BIACR\u00c8 piimjas s\u00e4rakreem"},"content":{"rendered":"<p><strong>Orgaaniline magusmandli piim<\/strong> \u2013 niisutab ja toidab. See on antioks\u00fcdantsete omadustega toimeainete kontsentraat. Sisaldab rikkalikult rasvhappeid, proteiine ja mineraalsoolasid. Aitab kaasa kuivade ja rabedate juuste taastamisel.<\/p>\n<p><strong>Orgaaniline aaloepiim<\/strong> \u2013 tugevate niisutavate ja siluvate omadustega. T\u00f5stab juuste niiskustaset ning annab kaitse v\u00e4liste kahjustamiste vastu.<\/p>\n<p><strong>Orgaaniline taime keratiin<\/strong> \u2013 taime mikroproteiin ehk f\u00fctokeratiin pakub juustele erakordset s\u00fcgavniisutust, pakkudes just parimat efekti kahjustatud juuste puhul. Tugevdab juuksestruktuuri sisemiselt.<\/p>\n<p><strong>KASUTAMINE<\/strong><\/p>\n<ul>\n<li>Kandke kuivadele juustele keskendudes juukseotstele ning k\u00f5ige kahusematele juukseosadele.<\/li>\n<li>J\u00e4tke juustesse, \u00e4rge loputage v\u00e4lja.<\/li>\n<li>J\u00e4tkake stiliseerimisega.<\/li>\n<\/ul>\n<p>&nbsp;<\/p>\n","protected":false},"excerpt":{"rendered":"<p><strong>Kahuvastane<\/strong> kerge koostisega <strong>niisutav, toitev ja kammitavust lihtsustav<\/strong> piimjas s\u00e4rakreem, mis parandab juuste kvaliteeti.<br \/>\nEemaldab kahu ning tagab imeliselt pehmed ja s\u00e4ravad juuksed.<\/p>\n<ul>\n<li>Sisaldab\u00a0orgaanilist magusmandli piima<strong>, <\/strong>mis aitab <strong>taastada kuivi ja rabedaid<\/strong> juukseid<\/li>\n<li>Sisaldab\u00a0orgaanilist aaloepiima, mis annab <strong>kaitse v\u00e4liste kahjustuste vastu<\/strong><\/li>\n<li>Sisaldab orgaanilist taimset keratiini, mis <strong>s\u00fcgavniisutab<\/strong> ja <strong>tugevdab juuksestruktuuri<\/strong> sisemiselt<\/li>\n<li>pH 4.5 \u2013 5.0<\/li>\n<\/ul>\n<p><strong>Ei sisalda:<\/strong> parabeene, v\u00e4rvaineid.<br \/>\nDermatoloogiliselt ja nikkel testitud, sisaldab orgaaniliselt sertifitseeritud komponente.<br \/>\n<strong>Suurus:<\/strong> 200 ml<\/p>\n","protected":false},"featured_media":9524,"comment_status":"open","ping_status":"closed","template":"","meta":[],"product_brand":[],"product_cat":[388,355,356,357,394],"product_tag":[80,77,86],"class_list":{"0":"post-9446","1":"product","2":"type-product","3":"status-publish","4":"has-post-thumbnail","6":"product_cat-biacre","7":"product_cat-biacre-shine","8":"product_cat-biacre-smoothing","9":"product_cat-biacre-styling","10":"product_cat-styling","11":"product_tag-kahusust-vahendav","12":"product_tag-niisutav","13":"product_tag-sara-andev","15":"first","16":"instock","17":"taxable","18":"shipping-taxable","19":"purchasable","20":"product-type-simple"},"_links":{"self":[{"href":"https:\/\/lieliskimati.lv\/et\/wp-json\/wp\/v2\/product\/9446","targetHints":{"allow":["GET"]}}],"collection":[{"href":"https:\/\/lieliskimati.lv\/et\/wp-json\/wp\/v2\/product"}],"about":[{"href":"https:\/\/lieliskimati.lv\/et\/wp-json\/wp\/v2\/types\/product"}],"replies":[{"embeddable":true,"href":"https:\/\/lieliskimati.lv\/et\/wp-json\/wp\/v2\/comments?post=9446"}],"version-history":[{"count":1,"href":"https:\/\/lieliskimati.lv\/et\/wp-json\/wp\/v2\/product\/9446\/revisions"}],"predecessor-version":[{"id":23900,"href":"https:\/\/lieliskimati.lv\/et\/wp-json\/wp\/v2\/product\/9446\/revisions\/23900"}],"wp:featuredmedia":[{"embeddable":true,"href":"https:\/\/lieliskimati.lv\/et\/wp-json\/wp\/v2\/media\/9524"}],"wp:attachment":[{"href":"https:\/\/lieliskimati.lv\/et\/wp-json\/wp\/v2\/media?parent=9446"}],"wp:term":[{"taxonomy":"product_brand","embeddable":true,"href":"https:\/\/lieliskimati.lv\/et\/wp-json\/wp\/v2\/product_brand?post=9446"},{"taxonomy":"product_cat","embeddable":true,"href":"https:\/\/lieliskimati.lv\/et\/wp-json\/wp\/v2\/product_cat?post=9446"},{"taxonomy":"product_tag","embeddable":true,"href":"https:\/\/lieliskimati.lv\/et\/wp-json\/wp\/v2\/product_tag?post=9446"}],"curies":[{"name":"wp","href":"https:\/\/api.w.org\/{rel}","templated":true}]}}