{"id":9445,"date":"2022-08-20T09:47:45","date_gmt":"2022-08-20T07:47:45","guid":{"rendered":"https:\/\/lieliskimati.lv\/?post_type=product&#038;p=9445"},"modified":"2025-09-15T10:19:29","modified_gmt":"2025-09-15T07:19:29","slug":"biacre-siluv-palsam","status":"publish","type":"product","link":"https:\/\/lieliskimati.lv\/et\/toode\/biacre-siluv-palsam\/","title":{"rendered":"BIACR\u00c8 siluv palsam"},"content":{"rendered":"<p><strong>Orgaaniline granaat\u00f5unaekstrakt<\/strong> \u2013 toitainerikas antioks\u00fcdant, sisaldab rikkalikult vitamiine B1, B2, B6, mineraalsoolasid ja f\u00fctosteroole, mis aitavad kaasa kollageeni tootmisele rakkudes. Graanat\u00f5unaekstrakti toitvad ja niisutavad omadused m\u00f5juvad eriti h\u00e4sti kahustele, rabedatele ja katkiste otstega juustele.<\/p>\n<p><strong>Orgaaniline magusmandli piim<\/strong> \u2013 niisutab ja toidab. See on antioks\u00fcdantsete omadustega toimeainete kontsentraat. Sisaldab rikkalikult rasvhappeid, proteiine ja mineraalsoolasid. Aitab kaasa kuivade ja rabedate juuste taastamisel.<\/p>\n<p><strong>Orgaaniline aprikoosi\u00f5li<\/strong> \u2013 v\u00e4ga rikkalik antioks\u00fcdantide, k\u00fcllastumata rasvhapete, mineraalainete, E-vitamiini ja eriti A-vitamiini allikas. Aprikoosi\u00f5li peamine eesm\u00e4rk juuksehoolduses on niisutada, lisada pehmust ja kaitset ning see toimib eriti t\u00f5husalt kahjustatud juustel, aidates juuskseid kaitsta ning ennetada juukseotste l\u00f5henemist.<\/p>\n<p><strong>KASUTAMINE<\/strong><\/p>\n<ul>\n<li>Peale \u0161ampooniga pesemist kandke palsam r\u00e4tikukuivadesse juustesse ning masseerige hoolikalt juustesse.<\/li>\n<li>Laske palsamil 3-4 minutit m\u00f5juda, seej\u00e4rel loputage.<\/li>\n<\/ul>\n","protected":false},"excerpt":{"rendered":"<p>Madala pH-ga <strong>siluv palsam<\/strong>, mis <strong>aitab kontrollida jonnakaid ja turritavaid juukseid<\/strong>. Palsam lisab juustele pehmust ning aitab v\u00e4hendada kahusust.<\/p>\n<ul>\n<li>Sisaldab\u00a0orgaanilist granaat\u00f5unaekstrakti, mille omadused m\u00f5juvad eriti h\u00e4sti <strong>kahustele ja katkiste otstega<\/strong> juustele<\/li>\n<li>Sisaldab orgaanilist magusmandli piima<strong>, <\/strong>\u00a0mis <strong>aitab taastada kuivi<\/strong> ja <strong>rabedaid<\/strong> juukseid<\/li>\n<li>Sisaldab\u00a0orgaanilist aprikoosi\u00f5li, mis <strong>lisab pehmust<\/strong> ja aitab <strong>kaitsta juukseotste l\u00f5henemise<\/strong> eest<\/li>\n<li>pH 3.5 \u2013 4.0<\/li>\n<li>94% koostisainetest looduslikku p\u00e4ritolu<\/li>\n<\/ul>\n<p><strong>Ei sisalda:<\/strong> silikoone, parabeene, v\u00e4rvaineid, alkoholi.<br \/>\nDermatoloogiliselt ja nikkel testitud, sisaldab orgaaniliselt sertifitseeritud komponente.<br \/>\n<strong>Suurus:<\/strong> 250 ml<\/p>\n","protected":false},"featured_media":9509,"comment_status":"open","ping_status":"closed","template":"","meta":[],"product_brand":[],"product_cat":[388,356,390],"product_tag":[80],"class_list":{"0":"post-9445","1":"product","2":"type-product","3":"status-publish","4":"has-post-thumbnail","6":"product_cat-biacre","7":"product_cat-biacre-smoothing","8":"product_cat-conditioners","9":"product_tag-kahusust-vahendav","11":"first","12":"instock","13":"taxable","14":"shipping-taxable","15":"purchasable","16":"product-type-variable","17":"has-default-attributes"},"_links":{"self":[{"href":"https:\/\/lieliskimati.lv\/et\/wp-json\/wp\/v2\/product\/9445","targetHints":{"allow":["GET"]}}],"collection":[{"href":"https:\/\/lieliskimati.lv\/et\/wp-json\/wp\/v2\/product"}],"about":[{"href":"https:\/\/lieliskimati.lv\/et\/wp-json\/wp\/v2\/types\/product"}],"replies":[{"embeddable":true,"href":"https:\/\/lieliskimati.lv\/et\/wp-json\/wp\/v2\/comments?post=9445"}],"version-history":[{"count":0,"href":"https:\/\/lieliskimati.lv\/et\/wp-json\/wp\/v2\/product\/9445\/revisions"}],"wp:featuredmedia":[{"embeddable":true,"href":"https:\/\/lieliskimati.lv\/et\/wp-json\/wp\/v2\/media\/9509"}],"wp:attachment":[{"href":"https:\/\/lieliskimati.lv\/et\/wp-json\/wp\/v2\/media?parent=9445"}],"wp:term":[{"taxonomy":"product_brand","embeddable":true,"href":"https:\/\/lieliskimati.lv\/et\/wp-json\/wp\/v2\/product_brand?post=9445"},{"taxonomy":"product_cat","embeddable":true,"href":"https:\/\/lieliskimati.lv\/et\/wp-json\/wp\/v2\/product_cat?post=9445"},{"taxonomy":"product_tag","embeddable":true,"href":"https:\/\/lieliskimati.lv\/et\/wp-json\/wp\/v2\/product_tag?post=9445"}],"curies":[{"name":"wp","href":"https:\/\/api.w.org\/{rel}","templated":true}]}}