{"id":9444,"date":"2022-08-20T09:47:45","date_gmt":"2022-08-20T07:47:45","guid":{"rendered":"https:\/\/lieliskimati.lv\/?post_type=product&#038;p=9444"},"modified":"2026-05-12T19:35:47","modified_gmt":"2026-05-12T16:35:47","slug":"biacre-siluv-juuksekreem","status":"publish","type":"product","link":"https:\/\/lieliskimati.lv\/et\/toode\/biacre-siluv-juuksekreem\/","title":{"rendered":"BIACR\u00c8 siluv juuksekreem"},"content":{"rendered":"<p><strong>Orgaaniline granaat\u00f5unaekstrakt<\/strong> \u2013 toitainerikas antioks\u00fcdant, sisaldab rikkalikult vitamiine B1, B2, B6, mineraalsoolasid ja f\u00fctosteroole, mis aitavad kaasa kollageeni tootmisele rakkudes. Graanat\u00f5unaekstrakti toitvad ja niisutavad omadused m\u00f5juvad eriti h\u00e4sti kahustele, rabedatele ja katkiste otstega juustele.<\/p>\n<p><strong>Orgaaniline magusmandli piim<\/strong> \u2013 niisutab ja toidab. See on antioks\u00fcdantsete omadustega toimeainete kontsentraat. Sisaldab rikkalikult rasvhappeid, proteiine ja mineraalsoolasid. Aitab kaasa kuivade ja rabedate juuste taastamisel.<\/p>\n<p><strong>Orgaaniline argaania\u00f5li<\/strong> \u2013 omab imelisi kosmeetilisi omadusi, olles n\u00e4iteks rikkalik antioks\u00fcdantide, pehmendavate ja niisutavate omaduste poolest. Sisaldab olulisi rasvhappeid, mis ennetavad juukseotste l\u00f5henemist. Niisutav ja toidab, aidates saavutada pehme ja l\u00e4ikiva l\u00f5pptulemuse.<\/p>\n<p><strong>KASUTAMINE<\/strong><\/p>\n<ul>\n<li>Kanna v\u00e4ikestes kogustes niisketele juustele, jaota \u00fchtlaselt juuste kogupikkusesse.<\/li>\n<li>Peale kreemi peale kandmist f\u00f6\u00f6nita juuksed siludes neid kammi v\u00f5i harjaga.<\/li>\n<li>J\u00e4ta juustesse, \u00e4ra loputa.<\/li>\n<\/ul>\n","protected":false},"excerpt":{"rendered":"<p>Siluv juuksekreem distsiplineerib turritavaid ja kahuseid juukseid neid niisutades ja siludes ilma, et muudaks juuksed raskeks. Siluv kreem <strong>eemaldab kahususe<\/strong> ning j\u00e4tab juuksed <strong>pehmeks ja l\u00e4ikivaks.<\/strong><\/p>\n<ul>\n<li>Sisaldab\u00a0orgaanilist granaat\u00f5unaekstrakti, mille omadused m\u00f5juvad eriti h\u00e4sti <strong>kahustele<\/strong> ja <strong>katkiste otstega juustele<\/strong><\/li>\n<li>Sisaldab<strong>\u00a0orgaanilist magusmandli piima,\u00a0<\/strong>\u00a0mis <strong>aitab taastada kuivi<\/strong> ja<strong> rabedaid juukseid<\/strong><\/li>\n<li>Sisaldab\u00a0orgaanilist argaania\u00f5li, mis <strong>niisutab, toidab<\/strong> ja <strong>ennetab juukseotste l\u00f5henemist<\/strong><\/li>\n<li>pH 4.0 \u2013 4.5<\/li>\n<\/ul>\n<p><strong>Ei sisalda:<\/strong> parabeene, v\u00e4rvaineid.<br \/>\nDermatoloogiliselt ja nikkel testitud, sisaldab orgaaniliselt sertifitseeritud komponente.<br \/>\n<strong>Suurus:<\/strong> 200 ml<\/p>\n","protected":false},"featured_media":9516,"comment_status":"open","ping_status":"closed","template":"","meta":[],"product_brand":[],"product_cat":[388,356,392,394],"product_tag":[80],"class_list":{"0":"post-9444","1":"product","2":"type-product","3":"status-publish","4":"has-post-thumbnail","6":"product_cat-biacre","7":"product_cat-biacre-smoothing","8":"product_cat-oils-serums","9":"product_cat-styling","10":"product_tag-kahusust-vahendav","12":"first","13":"instock","14":"taxable","15":"shipping-taxable","16":"purchasable","17":"product-type-simple"},"_links":{"self":[{"href":"https:\/\/lieliskimati.lv\/et\/wp-json\/wp\/v2\/product\/9444","targetHints":{"allow":["GET"]}}],"collection":[{"href":"https:\/\/lieliskimati.lv\/et\/wp-json\/wp\/v2\/product"}],"about":[{"href":"https:\/\/lieliskimati.lv\/et\/wp-json\/wp\/v2\/types\/product"}],"replies":[{"embeddable":true,"href":"https:\/\/lieliskimati.lv\/et\/wp-json\/wp\/v2\/comments?post=9444"}],"version-history":[{"count":1,"href":"https:\/\/lieliskimati.lv\/et\/wp-json\/wp\/v2\/product\/9444\/revisions"}],"predecessor-version":[{"id":22757,"href":"https:\/\/lieliskimati.lv\/et\/wp-json\/wp\/v2\/product\/9444\/revisions\/22757"}],"wp:featuredmedia":[{"embeddable":true,"href":"https:\/\/lieliskimati.lv\/et\/wp-json\/wp\/v2\/media\/9516"}],"wp:attachment":[{"href":"https:\/\/lieliskimati.lv\/et\/wp-json\/wp\/v2\/media?parent=9444"}],"wp:term":[{"taxonomy":"product_brand","embeddable":true,"href":"https:\/\/lieliskimati.lv\/et\/wp-json\/wp\/v2\/product_brand?post=9444"},{"taxonomy":"product_cat","embeddable":true,"href":"https:\/\/lieliskimati.lv\/et\/wp-json\/wp\/v2\/product_cat?post=9444"},{"taxonomy":"product_tag","embeddable":true,"href":"https:\/\/lieliskimati.lv\/et\/wp-json\/wp\/v2\/product_tag?post=9444"}],"curies":[{"name":"wp","href":"https:\/\/api.w.org\/{rel}","templated":true}]}}