{"id":9443,"date":"2022-08-20T09:47:45","date_gmt":"2022-08-20T07:47:45","guid":{"rendered":"https:\/\/lieliskimati.lv\/?post_type=product&#038;p=9443"},"modified":"2026-02-16T01:46:08","modified_gmt":"2026-02-15T22:46:08","slug":"biacre-kuumakaitsepiim","status":"publish","type":"product","link":"https:\/\/lieliskimati.lv\/et\/toode\/biacre-kuumakaitsepiim\/","title":{"rendered":"BIACR\u00c8 kuumakaitsepiim"},"content":{"rendered":"<p><strong>Orgaaniline magusmandli piim<\/strong> \u2013 niisutab ja toidab. See on antioks\u00fcdantsete omadustega toimeainete kontsentraat. Sisaldab rikkalikult rasvhappeid, proteiine ja mineraalsoolasid. Aitab kaasa kuivade ja rabedate juuste taastamisel.<\/p>\n<p><strong>Orgaaniline aaloepiim<\/strong> \u2013 tugevate niisutavate ja siluvate omadustega. T\u00f5stab juuste niiskustaset ning annab kaitse v\u00e4liste kahjustamiste vastu.<\/p>\n<p><strong>KASUTAMINE<\/strong><\/p>\n<ul>\n<li>Kandke kuumakaitsepiim pestud juustesse kogu pikkuses enne kuumaga t\u00f6\u00f6tlemist.<\/li>\n<li>Kammige juuksed l\u00e4bi, et toode \u00fchtlaselt jaotuks.<\/li>\n<li>Viimistlege f\u00f6\u00f6ni v\u00f5i sirgendajatega.<\/li>\n<\/ul>\n","protected":false},"excerpt":{"rendered":"<p>Siluv kuumakaitsepiim, mis <strong>toidab ja niisutab<\/strong> samal ajal kui <strong>eemaldab juustest kahususe<\/strong>. Kaitseb juukseid <strong>kuumaga t\u00f6\u00f6tlemise eest<\/strong> (f\u00f6\u00f6nitamine, sirgendamine).<\/p>\n<ul>\n<li>Sisaldab\u00a0orgaanilist granaat\u00f5unaekstrakti, mille omadused m\u00f5juvad eriti h\u00e4sti <strong>kahustele<\/strong> ja <strong>katkiste otstega<\/strong> juustele<\/li>\n<li>Sisaldab\u00a0orgaanilist magusmandli piima<strong>,\u00a0<\/strong>\u00a0mis <strong>aitab taastada kuivi<\/strong> ja <strong>rabedaid<\/strong> juukseid<\/li>\n<li>Sisaldab\u00a0orgaanilist aaloepiima, mis annab <strong>kaitse v\u00e4liste kahjustuste<\/strong> vastu<\/li>\n<li>pH 4.5 \u2013 5.0<\/li>\n<\/ul>\n<p><strong>Ei sisalda:<\/strong> parabeene, v\u00e4rvaineid.<br \/>\nDermatoloogiliselt ja nikkel testitud, sisaldab orgaaniliselt sertifitseeritud komponente.<br \/>\n<strong>Suurus:<\/strong> 200 ml<\/p>\n","protected":false},"featured_media":23165,"comment_status":"open","ping_status":"closed","template":"","meta":[],"product_brand":[],"product_cat":[388,356,393,615],"product_tag":[80,83],"class_list":{"0":"post-9443","1":"product","2":"type-product","3":"status-publish","4":"has-post-thumbnail","6":"product_cat-biacre","7":"product_cat-biacre-smoothing","8":"product_cat-heat-protectors","9":"product_cat-ilulemmikud","10":"product_tag-kahusust-vahendav","11":"product_tag-kuumakaitse","13":"first","14":"instock","15":"taxable","16":"shipping-taxable","17":"purchasable","18":"product-type-simple"},"_links":{"self":[{"href":"https:\/\/lieliskimati.lv\/et\/wp-json\/wp\/v2\/product\/9443","targetHints":{"allow":["GET"]}}],"collection":[{"href":"https:\/\/lieliskimati.lv\/et\/wp-json\/wp\/v2\/product"}],"about":[{"href":"https:\/\/lieliskimati.lv\/et\/wp-json\/wp\/v2\/types\/product"}],"replies":[{"embeddable":true,"href":"https:\/\/lieliskimati.lv\/et\/wp-json\/wp\/v2\/comments?post=9443"}],"version-history":[{"count":2,"href":"https:\/\/lieliskimati.lv\/et\/wp-json\/wp\/v2\/product\/9443\/revisions"}],"predecessor-version":[{"id":23169,"href":"https:\/\/lieliskimati.lv\/et\/wp-json\/wp\/v2\/product\/9443\/revisions\/23169"}],"wp:featuredmedia":[{"embeddable":true,"href":"https:\/\/lieliskimati.lv\/et\/wp-json\/wp\/v2\/media\/23165"}],"wp:attachment":[{"href":"https:\/\/lieliskimati.lv\/et\/wp-json\/wp\/v2\/media?parent=9443"}],"wp:term":[{"taxonomy":"product_brand","embeddable":true,"href":"https:\/\/lieliskimati.lv\/et\/wp-json\/wp\/v2\/product_brand?post=9443"},{"taxonomy":"product_cat","embeddable":true,"href":"https:\/\/lieliskimati.lv\/et\/wp-json\/wp\/v2\/product_cat?post=9443"},{"taxonomy":"product_tag","embeddable":true,"href":"https:\/\/lieliskimati.lv\/et\/wp-json\/wp\/v2\/product_tag?post=9443"}],"curies":[{"name":"wp","href":"https:\/\/api.w.org\/{rel}","templated":true}]}}