{"id":9442,"date":"2022-08-20T09:47:45","date_gmt":"2022-08-20T07:47:45","guid":{"rendered":"https:\/\/lieliskimati.lv\/?post_type=product&#038;p=9442"},"modified":"2025-09-15T10:11:02","modified_gmt":"2025-09-15T07:11:02","slug":"biacre-siluv-sampoon","status":"publish","type":"product","link":"https:\/\/lieliskimati.lv\/et\/toode\/biacre-siluv-sampoon\/","title":{"rendered":"BIACR\u00c8 siluv \u0161ampoon"},"content":{"rendered":"<p><strong>Orgaaniline granaat\u00f5unaekstrakt<\/strong> \u2013 toitainerikas antioks\u00fcdant, sisaldab rikkalikult vitamiine B1, B2, B6, mineraalsoolasid ja f\u00fctosteroole, mis aitavad kaasa kollageeni tootmisele rakkudes. Graanat\u00f5unaekstrakti toitvad ja niisutavad omadused m\u00f5juvad eriti h\u00e4sti kahustele, rabedatele ja katkiste otstega juustele.<\/p>\n<p><strong>Orgaaniline saialilleekstrakt<\/strong> \u2013 eriti kasulik peanahale ja kuivadele juustele. T\u00e4nu oma niisutavatele ja toitvatele omadustele parandab juuste kvaliteeti ja seisukorda, j\u00e4ttes juuksed m\u00f5nusalt pehmeks, siledaks ja siidiseks.<\/p>\n<p><strong>Orgaaniline rohelise tee ekstrakt<\/strong> \u2013 oluliste niisutavate ja antioks\u00fcdantsete omadustega vabade radikaalide p\u00f5hjustatud kahjustuste vastu v\u00f5itlemiseks. T\u00e4nu oma uuendavatele omadustele suudab juustele anda tagasi nende tugevuse ja elastsuse.<\/p>\n<p><strong>KASUTAMINE<\/strong><\/p>\n<ul>\n<li>Kandke m\u00e4rgadele juustele, masseerige peanahale ja loputage.<\/li>\n<li>Vajadusel korrake.<\/li>\n<\/ul>\n","protected":false},"excerpt":{"rendered":"<p>Siluv \u0161ampoon <strong>kahustele ja turritavatele<\/strong> juustele. Puhastab \u00f5rnalt ning aitab siluda \u201ejonnakaid\u201c juuksekarvu.<\/p>\n<ul>\n<li>Sisaldab orgaanilist granaat\u00f5unaekstrakti, mille omadused m\u00f5juvad eriti h\u00e4sti <strong>kahustele<\/strong> ja <strong>katkiste otstega<\/strong> juustele<\/li>\n<li>Sisaldab orgaanilist saialille ekstrakti, mis j\u00e4tab juuksed <strong>siledaks ja siidiseks<\/strong><\/li>\n<li>Sisaldab orgaanilist rohelise tee ekstrakti, mis on <strong>uuendavate omadustega<\/strong> ja taastab juuste <strong>tugevuse ja elastsuse<\/strong><\/li>\n<li>pH 5.0 &#8211; 5.5<\/li>\n<li>93% koostisainetest looduslikku p\u00e4ritolu<\/li>\n<\/ul>\n<p><strong>Ei sisalda:<\/strong> sulfaate SLES, silikoone, parabeene, v\u00e4rvaineid, alkoholi.<br \/>\nDermatoloogiliselt ja nikkel testitud, sisaldab orgaaniliselt sertifitseeritud komponente.<br \/>\n<strong>Suurus:<\/strong> 250 ml<\/p>\n","protected":false},"featured_media":9494,"comment_status":"open","ping_status":"closed","template":"","meta":[],"product_brand":[],"product_cat":[388,356,389],"product_tag":[80],"class_list":{"0":"post-9442","1":"product","2":"type-product","3":"status-publish","4":"has-post-thumbnail","6":"product_cat-biacre","7":"product_cat-biacre-smoothing","8":"product_cat-shampoos","9":"product_tag-kahusust-vahendav","11":"first","12":"instock","13":"taxable","14":"shipping-taxable","15":"purchasable","16":"product-type-variable","17":"has-default-attributes"},"_links":{"self":[{"href":"https:\/\/lieliskimati.lv\/et\/wp-json\/wp\/v2\/product\/9442","targetHints":{"allow":["GET"]}}],"collection":[{"href":"https:\/\/lieliskimati.lv\/et\/wp-json\/wp\/v2\/product"}],"about":[{"href":"https:\/\/lieliskimati.lv\/et\/wp-json\/wp\/v2\/types\/product"}],"replies":[{"embeddable":true,"href":"https:\/\/lieliskimati.lv\/et\/wp-json\/wp\/v2\/comments?post=9442"}],"version-history":[{"count":0,"href":"https:\/\/lieliskimati.lv\/et\/wp-json\/wp\/v2\/product\/9442\/revisions"}],"wp:featuredmedia":[{"embeddable":true,"href":"https:\/\/lieliskimati.lv\/et\/wp-json\/wp\/v2\/media\/9494"}],"wp:attachment":[{"href":"https:\/\/lieliskimati.lv\/et\/wp-json\/wp\/v2\/media?parent=9442"}],"wp:term":[{"taxonomy":"product_brand","embeddable":true,"href":"https:\/\/lieliskimati.lv\/et\/wp-json\/wp\/v2\/product_brand?post=9442"},{"taxonomy":"product_cat","embeddable":true,"href":"https:\/\/lieliskimati.lv\/et\/wp-json\/wp\/v2\/product_cat?post=9442"},{"taxonomy":"product_tag","embeddable":true,"href":"https:\/\/lieliskimati.lv\/et\/wp-json\/wp\/v2\/product_tag?post=9442"}],"curies":[{"name":"wp","href":"https:\/\/api.w.org\/{rel}","templated":true}]}}