{"id":9440,"date":"2022-08-20T09:47:44","date_gmt":"2022-08-20T07:47:44","guid":{"rendered":"https:\/\/lieliskimati.lv\/?post_type=product&#038;p=9440"},"modified":"2026-04-02T13:23:43","modified_gmt":"2026-04-02T10:23:43","slug":"biacre-voluumispray","status":"publish","type":"product","link":"https:\/\/lieliskimati.lv\/et\/toode\/biacre-voluumispray\/","title":{"rendered":"BIACR\u00c8 vol\u00fc\u00fcmispray"},"content":{"rendered":"<p><strong>Orgaaniline granaat\u00f5unaekstrakt<\/strong> \u2013 toitainerikas antioks\u00fcdant. Sisaldab rikkalikult vitamiine B1, B2, B6, mineraalsoolasid ja f\u00fctosteroole, mis aitavad kaasa kollageeni tootmisele rakkudes. Graanat\u00f5unaekstrakti toitvad ja niisutavad omadused m\u00f5juvad eriti h\u00e4sti kahustele, rabedatele ja katkiste otstega juustele.<\/p>\n<p><strong>Orgaaniline aprikoosi\u00f5li<\/strong>\u00a0\u2013 v\u00e4ga rikkalik antioks\u00fcdantide, k\u00fcllastumata rasvhapete, mineraalainete, E-vitamiini ja eriti A-vitamiini allikas. Aprikoosi\u00f5li peamine eesm\u00e4rk juuksehoolduses on niisutada, lisada pehmust ja kaitset ning see toimib eriti t\u00f5husalt kahjustatud juustel, aidates juuskseid kaitsta ning ennetada juukseotste l\u00f5henemist.<\/p>\n<p><strong>KASUTAMINE<\/strong><\/p>\n<ul>\n<li>Piserda spray\u00b4d niisketele juuksejuurtele enne kuivatamist.<\/li>\n<li>J\u00e4ta juustesse, \u00e4ra loputa v\u00e4lja.<\/li>\n<\/ul>\n","protected":false},"excerpt":{"rendered":"<p>Kohevust lisav viimistlusspray k\u00f5ikidele juukset\u00fc\u00fcpidele, eriti aga \u00f5hukestele v\u00f5i peene struktuuriga juustele. Sisaldab <strong>spetsiaalseid kohevust lisavaid pol\u00fcmeere<\/strong>, mis aitavad juuksejuuri loomulikul moel t\u00f5sta.<br \/>\nOrgaanilised granaat\u00f5una ja p\u00e4rna\u00f5ite ekstraktid annavad juustele<strong> t\u00e4idlust ja kohevust<\/strong>. Taimsed proteiinid, aprikoosi\u00f5li, provitamiin B5 aga lisavad juustele tugevust ja niisutatust.<\/p>\n<ul>\n<li>Sisaldab\u00a0<strong>orgaanilisi<\/strong>\u00a0<strong>granaat\u00f5una ja p\u00e4rna\u00f5ite ekstrakte<\/strong><\/li>\n<li>Sisaldab\u00a0<strong>orgaanilist aprikoosi\u00f5li<\/strong><\/li>\n<li>Sisaldab <strong>provitamiin B5<\/strong><\/li>\n<li>pH 5.0 \u2013 5.5<\/li>\n<li>91% koostisainetest looduslikku p\u00e4ritolu<\/li>\n<\/ul>\n<p><strong>Ei sisalda:<\/strong> sulfaate SLES, silikoone, v\u00e4rvaineid, parabeene.<br \/>\nDermatoloogiliselt ja nikkel testitud, sisaldab orgaaniliselt sertifitseeritud komponente.<br \/>\n<strong>Suurus:<\/strong> 150 ml<\/p>\n","protected":false},"featured_media":9479,"comment_status":"open","ping_status":"closed","template":"","meta":[],"product_brand":[],"product_cat":[388,358,394],"product_tag":[81],"class_list":{"0":"post-9440","1":"product","2":"type-product","3":"status-publish","4":"has-post-thumbnail","6":"product_cat-biacre","7":"product_cat-biacre-volume","8":"product_cat-styling","9":"product_tag-kohevust-lisav","11":"first","12":"instock","13":"taxable","14":"shipping-taxable","15":"purchasable","16":"product-type-simple"},"_links":{"self":[{"href":"https:\/\/lieliskimati.lv\/et\/wp-json\/wp\/v2\/product\/9440","targetHints":{"allow":["GET"]}}],"collection":[{"href":"https:\/\/lieliskimati.lv\/et\/wp-json\/wp\/v2\/product"}],"about":[{"href":"https:\/\/lieliskimati.lv\/et\/wp-json\/wp\/v2\/types\/product"}],"replies":[{"embeddable":true,"href":"https:\/\/lieliskimati.lv\/et\/wp-json\/wp\/v2\/comments?post=9440"}],"version-history":[{"count":1,"href":"https:\/\/lieliskimati.lv\/et\/wp-json\/wp\/v2\/product\/9440\/revisions"}],"predecessor-version":[{"id":23713,"href":"https:\/\/lieliskimati.lv\/et\/wp-json\/wp\/v2\/product\/9440\/revisions\/23713"}],"wp:featuredmedia":[{"embeddable":true,"href":"https:\/\/lieliskimati.lv\/et\/wp-json\/wp\/v2\/media\/9479"}],"wp:attachment":[{"href":"https:\/\/lieliskimati.lv\/et\/wp-json\/wp\/v2\/media?parent=9440"}],"wp:term":[{"taxonomy":"product_brand","embeddable":true,"href":"https:\/\/lieliskimati.lv\/et\/wp-json\/wp\/v2\/product_brand?post=9440"},{"taxonomy":"product_cat","embeddable":true,"href":"https:\/\/lieliskimati.lv\/et\/wp-json\/wp\/v2\/product_cat?post=9440"},{"taxonomy":"product_tag","embeddable":true,"href":"https:\/\/lieliskimati.lv\/et\/wp-json\/wp\/v2\/product_tag?post=9440"}],"curies":[{"name":"wp","href":"https:\/\/api.w.org\/{rel}","templated":true}]}}