{"id":9439,"date":"2022-08-20T09:47:44","date_gmt":"2022-08-20T07:47:44","guid":{"rendered":"https:\/\/lieliskimati.lv\/?post_type=product&#038;p=9439"},"modified":"2025-09-15T10:10:43","modified_gmt":"2025-09-15T07:10:43","slug":"biacre-voluumipalsam","status":"publish","type":"product","link":"https:\/\/lieliskimati.lv\/et\/toode\/biacre-voluumipalsam\/","title":{"rendered":"BIACR\u00c8 vol\u00fc\u00fcmipalsam"},"content":{"rendered":"<p><strong>Orgaaniline granaat\u00f5unaekstrakt<\/strong> \u2013 toitaineterikas antioks\u00fcdant. Sisaldab rikkalikult vitamiine B1, B2, B6, mineraalsoolasid ja f\u00fctosteroole, mis aitavad kaasa kollageeni tootmisele rakkudes. Graanat\u00f5unaekstrakti toitvad ja niisutavad omadused m\u00f5juvad eriti h\u00e4sti kahustele, rabedatele ja katkiste otstega juustele.<\/p>\n<p><strong>Orgaaniline aprikoosi\u00f5li<\/strong> \u2013 v\u00e4ga rikkalik antioks\u00fcdantide, k\u00fcllastumata rasvhapete, mineraalainete, E-vitamiini ja eriti A-vitamiini allikas. Aprikoosi\u00f5li peamine eesm\u00e4rk juuksehoolduses on niisutada, lisada pehmust ja kaitset ning see toimib eriti t\u00f5husalt kahjustatud juustel, aidates juuskseid kaitsta ning ennetada juukseotste l\u00f5henemist.<\/p>\n<p><strong>KASUTAMINE<\/strong><\/p>\n<ul>\n<li>Kandke pestud r\u00e4tikukuivadele juustele, masseerige juustesse ning hoidke 2-3 minutit.<\/li>\n<li>Seej\u00e4rel loputage.<\/li>\n<\/ul>\n","protected":false},"excerpt":{"rendered":"<p>Kohevust lisav juuksepalsam, mis annab tugevust ja eluj\u00f5udu \u00f5hukestele ning peadligi juustele. Orgaanilised granaat\u00f5una ja p\u00e4rna\u00f5ite ekstraktid annavad \u00f5hukestele juustele <strong>t\u00e4idlust ja kohevust<\/strong>.<br \/>\nTaimsed proteiinid ning aprikoosi\u00f5li pakuvad juustele tugevust ning niisutavad.<\/p>\n<ul>\n<li>Sisaldab <strong>orgaanilisi<\/strong>\u00a0<strong>granaat\u00f5una ja p\u00e4rna\u00f5ite ekstrakte<\/strong><\/li>\n<li>Sisaldab <strong>orgaanilist aprikoosi\u00f5li<\/strong><\/li>\n<li>pH 4.0 \u2013 4.5<\/li>\n<li>94% koostisainetest looduslikku p\u00e4ritolu<\/li>\n<\/ul>\n<p><strong>Ei sisalda:<\/strong>\u00a0sulfaate SLES, silikoone, v\u00e4rvaineid, parabeene, alkohole.<br \/>\nDermatoloogiliselt ja nikkel testitud, sisaldab orgaaniliselt sertifitseeritud komponente.<br \/>\n<strong>Suurus:<\/strong>\u00a0250 ml<\/p>\n","protected":false},"featured_media":9468,"comment_status":"open","ping_status":"closed","template":"","meta":[],"product_brand":[],"product_cat":[388,358,390],"product_tag":[378,81],"class_list":{"0":"post-9439","1":"product","2":"type-product","3":"status-publish","4":"has-post-thumbnail","6":"product_cat-biacre","7":"product_cat-biacre-volume","8":"product_cat-conditioners","9":"product_tag-kohevus","10":"product_tag-kohevust-lisav","12":"first","13":"instock","14":"taxable","15":"shipping-taxable","16":"purchasable","17":"product-type-variable","18":"has-default-attributes"},"_links":{"self":[{"href":"https:\/\/lieliskimati.lv\/et\/wp-json\/wp\/v2\/product\/9439","targetHints":{"allow":["GET"]}}],"collection":[{"href":"https:\/\/lieliskimati.lv\/et\/wp-json\/wp\/v2\/product"}],"about":[{"href":"https:\/\/lieliskimati.lv\/et\/wp-json\/wp\/v2\/types\/product"}],"replies":[{"embeddable":true,"href":"https:\/\/lieliskimati.lv\/et\/wp-json\/wp\/v2\/comments?post=9439"}],"version-history":[{"count":0,"href":"https:\/\/lieliskimati.lv\/et\/wp-json\/wp\/v2\/product\/9439\/revisions"}],"wp:featuredmedia":[{"embeddable":true,"href":"https:\/\/lieliskimati.lv\/et\/wp-json\/wp\/v2\/media\/9468"}],"wp:attachment":[{"href":"https:\/\/lieliskimati.lv\/et\/wp-json\/wp\/v2\/media?parent=9439"}],"wp:term":[{"taxonomy":"product_brand","embeddable":true,"href":"https:\/\/lieliskimati.lv\/et\/wp-json\/wp\/v2\/product_brand?post=9439"},{"taxonomy":"product_cat","embeddable":true,"href":"https:\/\/lieliskimati.lv\/et\/wp-json\/wp\/v2\/product_cat?post=9439"},{"taxonomy":"product_tag","embeddable":true,"href":"https:\/\/lieliskimati.lv\/et\/wp-json\/wp\/v2\/product_tag?post=9439"}],"curies":[{"name":"wp","href":"https:\/\/api.w.org\/{rel}","templated":true}]}}