{"id":9438,"date":"2022-08-20T09:47:44","date_gmt":"2022-08-20T07:47:44","guid":{"rendered":"https:\/\/lieliskimati.lv\/?post_type=product&#038;p=9438"},"modified":"2025-09-15T10:09:37","modified_gmt":"2025-09-15T07:09:37","slug":"biacre-sea-salt-spray","status":"publish","type":"product","link":"https:\/\/lieliskimati.lv\/et\/toode\/biacre-sea-salt-spray\/","title":{"rendered":"BIACR\u00c8 sea salt spray"},"content":{"rendered":"<p><strong>Orgaaniline saialilleekstrakt<\/strong> \u2013 eriti kasulik peanahale ja kuivadele juustele. T\u00e4nu oma niisutavatele ja toitvatele omadustele parandab juuste kvaliteeti ja seisukorda, j\u00e4ttes juuksed m\u00f5nusalt pehmeks ja siidiseks.<\/p>\n<p><strong>Orgaaniline magusmandlite ekstrakt<\/strong> \u2013 on ideaalne kahjustatud ja rabedate juuste seisukorra parandamiseks. Sisaldab rikkalikult rasvhappeid ja vitamiine A, B1, B2, B6, D ja E. Vitamiin A aitab hoida juuste tervist, vitamiinid B1 ja B6 toetavad juuste kasvu ning vitamiin E on rikkalik antioks\u00fcdantide poolest, mis ergutab peanaha mikrovereringet, et toetada omakorda tervete juuste kasvamist. Kasulikud rasvhapped tungivad s\u00fcgavale juuksekiusse, niisutades ja toetades juuksekasva seestpidiselt.<\/p>\n<p><strong>KASUTAMINE\u00a0<\/strong><\/p>\n<ul>\n<li>Pihusta niisketele juuksejuurtele lisamaks vol\u00fc\u00fcmi ning juustele kogupikkuses, et lisada t\u00e4idlust.<\/li>\n<li>V\u00f5id kasutada ka kuivadel juustel kui soovid lisada t\u00e4iendavat kohevust ning saavutada matt-efekti.<\/li>\n<li>Vajuta k\u00e4ega juustesse lained, seej\u00e4rel kuivata f\u00f6\u00f6niga (v\u00f5id ka kasutada diffuuserit) v\u00f5i lase loomulikult kuivada.<\/li>\n<li>\u00c4ra pese juustest v\u00e4lja.<\/li>\n<\/ul>\n","protected":false},"excerpt":{"rendered":"<p><strong>Meresoolasprei<\/strong> orgaanilise saialilleekstrakti ja magusmandli ekstraktiga, mis aitab luua juustesse <strong>pehmed loomulikud lained<\/strong> ning <strong>lisab kohevust<\/strong>. Loob ideaalse \u201e<em>ranna look<\/em>\u2019i\u201d hoides samal ajal juuste loomulikku painduvust ja struktuuri.<br \/>\nSee stiliseerimistoode sobib ideaalselt mistahes viimistluse alla. Matt-efektiga l\u00f5pptulemus.<\/p>\n<ul>\n<li>Sisaldab\u00a0<strong>orgaanilist saialilleekstrakti, <\/strong>mis niisutab ja parandab juuste kvaliteeti<\/li>\n<li>Sisaldab <strong>orgaanilist magusmandli ekstrakti, <\/strong>mis on rikkalik vitamiinide ja rasvhapete allikas<\/li>\n<li>Sisaldab\u00a0<strong>mineraalsoolasid<\/strong><\/li>\n<li>pH 5.0 \u2013 5.5<\/li>\n<li>93% koostisainetest looduslikku p\u00e4ritolu<\/li>\n<\/ul>\n<p><strong>Ei sisalda:<\/strong> silikoone, v\u00e4rvaineid, parabeene.<br \/>\nDermatoloogiliselt ja nikkel testitud, sisaldab orgaaniliselt sertifitseeritud komponente.<br \/>\n<strong>Suurus:<\/strong> 150 ml<\/p>\n","protected":false},"featured_media":9475,"comment_status":"open","ping_status":"closed","template":"","meta":[],"product_brand":[],"product_cat":[388,357,358,394],"product_tag":[81],"class_list":{"0":"post-9438","1":"product","2":"type-product","3":"status-publish","4":"has-post-thumbnail","6":"product_cat-biacre","7":"product_cat-biacre-styling","8":"product_cat-biacre-volume","9":"product_cat-styling","10":"product_tag-kohevust-lisav","12":"first","13":"instock","14":"taxable","15":"shipping-taxable","16":"purchasable","17":"product-type-simple"},"_links":{"self":[{"href":"https:\/\/lieliskimati.lv\/et\/wp-json\/wp\/v2\/product\/9438","targetHints":{"allow":["GET"]}}],"collection":[{"href":"https:\/\/lieliskimati.lv\/et\/wp-json\/wp\/v2\/product"}],"about":[{"href":"https:\/\/lieliskimati.lv\/et\/wp-json\/wp\/v2\/types\/product"}],"replies":[{"embeddable":true,"href":"https:\/\/lieliskimati.lv\/et\/wp-json\/wp\/v2\/comments?post=9438"}],"version-history":[{"count":0,"href":"https:\/\/lieliskimati.lv\/et\/wp-json\/wp\/v2\/product\/9438\/revisions"}],"wp:featuredmedia":[{"embeddable":true,"href":"https:\/\/lieliskimati.lv\/et\/wp-json\/wp\/v2\/media\/9475"}],"wp:attachment":[{"href":"https:\/\/lieliskimati.lv\/et\/wp-json\/wp\/v2\/media?parent=9438"}],"wp:term":[{"taxonomy":"product_brand","embeddable":true,"href":"https:\/\/lieliskimati.lv\/et\/wp-json\/wp\/v2\/product_brand?post=9438"},{"taxonomy":"product_cat","embeddable":true,"href":"https:\/\/lieliskimati.lv\/et\/wp-json\/wp\/v2\/product_cat?post=9438"},{"taxonomy":"product_tag","embeddable":true,"href":"https:\/\/lieliskimati.lv\/et\/wp-json\/wp\/v2\/product_tag?post=9438"}],"curies":[{"name":"wp","href":"https:\/\/api.w.org\/{rel}","templated":true}]}}