{"id":9437,"date":"2022-08-20T09:47:44","date_gmt":"2022-08-20T07:47:44","guid":{"rendered":"https:\/\/lieliskimati.lv\/?post_type=product&#038;p=9437"},"modified":"2025-11-29T14:23:26","modified_gmt":"2025-11-29T11:23:26","slug":"biacre-voluumisampoon","status":"publish","type":"product","link":"https:\/\/lieliskimati.lv\/et\/toode\/biacre-voluumisampoon\/","title":{"rendered":"BIACR\u00c8 vol\u00fc\u00fcmi\u0161ampoon"},"content":{"rendered":"<p><strong>Orgaaniline granaat\u00f5unaekstrakt<\/strong> \u2013 toitainerikas antioks\u00fcdant, sisaldab rikkalikult vitamiine B1, B2, B6, mineraalsoolasid ja f\u00fctosteroole, mis aitavad kaasa kollageeni tootmisele rakkudes. Graanat\u00f5unaekstrakti toitvad ja niisutavad omadused m\u00f5juvad eriti h\u00e4sti kahustele, rabedatele ja katkiste otstega juustele.<\/p>\n<p><strong>KASUTAMINE<\/strong><\/p>\n<ul>\n<li>Kandke m\u00e4rgadele juustele, masseerige \u00f5rnalt peanahale ning loputage.<\/li>\n<li>Vajadusel korrake.<\/li>\n<\/ul>\n","protected":false},"excerpt":{"rendered":"<p>Vol\u00fc\u00fcmi\u0161ampoon \u00f5hukestele ja\/v\u00f5i peene struktuuriga juustele, mis annab juustele <strong>t\u00e4idlust ja kohevust<\/strong>. Puhastab \u00f5rnalt, ilma juukseid raskeks muutmata.<br \/>\nOrgaanilised granaat\u00f5una ja p\u00e4rna\u00f5ite ekstraktid annavad \u00f5hukestele juustele vol\u00fc\u00fcmi ning taimsed proteiinid toidavad ja tugevdavad peenikest juuksekarva.<\/p>\n<ul>\n<li>Sisaldab orgaanilisi <strong>granaat\u00f5una ja p\u00e4rna\u00f5ite ekstrakte<\/strong><\/li>\n<li>pH 5.0 \u2013 5.5<\/li>\n<li>95% koostisainetest looduslikku p\u00e4ritolu<\/li>\n<\/ul>\n<p><strong>Ei sisalda:<\/strong> sulfaate SLES, silikoone, v\u00e4rvaineid, parabeene, alkohole.<br \/>\nDermatoloogiliselt ja nikkel testitud, sisaldab orgaaniliselt sertifitseeritud komponente.<br \/>\n<strong>Suurus:<\/strong> 250 ml<\/p>\n","protected":false},"featured_media":9461,"comment_status":"open","ping_status":"closed","template":"","meta":[],"product_brand":[],"product_cat":[388,358,389],"product_tag":[81],"class_list":{"0":"post-9437","1":"product","2":"type-product","3":"status-publish","4":"has-post-thumbnail","6":"product_cat-biacre","7":"product_cat-biacre-volume","8":"product_cat-shampoos","9":"product_tag-kohevust-lisav","11":"first","12":"instock","13":"taxable","14":"shipping-taxable","15":"purchasable","16":"product-type-variable","17":"has-default-attributes"},"_links":{"self":[{"href":"https:\/\/lieliskimati.lv\/et\/wp-json\/wp\/v2\/product\/9437","targetHints":{"allow":["GET"]}}],"collection":[{"href":"https:\/\/lieliskimati.lv\/et\/wp-json\/wp\/v2\/product"}],"about":[{"href":"https:\/\/lieliskimati.lv\/et\/wp-json\/wp\/v2\/types\/product"}],"replies":[{"embeddable":true,"href":"https:\/\/lieliskimati.lv\/et\/wp-json\/wp\/v2\/comments?post=9437"}],"version-history":[{"count":1,"href":"https:\/\/lieliskimati.lv\/et\/wp-json\/wp\/v2\/product\/9437\/revisions"}],"predecessor-version":[{"id":22448,"href":"https:\/\/lieliskimati.lv\/et\/wp-json\/wp\/v2\/product\/9437\/revisions\/22448"}],"wp:featuredmedia":[{"embeddable":true,"href":"https:\/\/lieliskimati.lv\/et\/wp-json\/wp\/v2\/media\/9461"}],"wp:attachment":[{"href":"https:\/\/lieliskimati.lv\/et\/wp-json\/wp\/v2\/media?parent=9437"}],"wp:term":[{"taxonomy":"product_brand","embeddable":true,"href":"https:\/\/lieliskimati.lv\/et\/wp-json\/wp\/v2\/product_brand?post=9437"},{"taxonomy":"product_cat","embeddable":true,"href":"https:\/\/lieliskimati.lv\/et\/wp-json\/wp\/v2\/product_cat?post=9437"},{"taxonomy":"product_tag","embeddable":true,"href":"https:\/\/lieliskimati.lv\/et\/wp-json\/wp\/v2\/product_tag?post=9437"}],"curies":[{"name":"wp","href":"https:\/\/api.w.org\/{rel}","templated":true}]}}