{"id":9376,"date":"2022-08-15T21:54:38","date_gmt":"2022-08-15T19:54:38","guid":{"rendered":"https:\/\/lieliskimati.lv\/?post_type=product&#038;p=9376"},"modified":"2025-10-28T11:22:41","modified_gmt":"2025-10-28T08:22:41","slug":"biacre-hyaluronic-filler-spray","status":"publish","type":"product","link":"https:\/\/lieliskimati.lv\/et\/toode\/biacre-hyaluronic-filler-spray\/","title":{"rendered":"BIACR\u00c8 hyaluronic filler spray"},"content":{"rendered":"<p><strong>H\u00fcaluroonhape<\/strong> \u2013 erakordse niisutusv\u00f5imega komponent, mis aitab taastada rabedate ja kahjustatud juuste struktuuri. J\u00e4tab juuksed pehmeks ja kergeks.<\/p>\n<p><strong>Kollageen<\/strong> &#8211; kollageen toidab ja niisutab juukseid ja peanahka, andes juustele kohevama ja tervema v\u00e4limuse.<\/p>\n<p><strong>Mesi<\/strong>\u00a0\u2013 pakub pehmendavaid, toitvaid ja antibakteriaalseid omadusi. Mees sisalduvad mineraalid ja vitamiinid turgutavad ja niisutavad juukseid s\u00fcgavuti ning teevad nad pehmeks ja s\u00e4ravaks.<\/p>\n<p><strong>Orgaaniline taime keratiin<\/strong>\u00a0\u2013 taime mikroproteiin ehk f\u00fctokeratiin pakub juustele erakordset s\u00fcgavniisutust, pakkudes just parimat efekti kahjustatud juuste puhul. Tugevdab juuksestruktuuri sisemiselt.<\/p>\n<p><strong>Orgaaniline kaeraekstrakt<\/strong>\u00a0\u2013 selles v\u00e4\u00e4rtuslikus teraviljas sisalduvad ained on toitvate ja toniseerivate omadustega, mis aitavad hoiduda kuivusest ja rabedusest ning annavad juustele vormi, pehmust ja s\u00e4ra.<\/p>\n<p><strong><br \/>\nKASUTAMINE<\/strong><\/p>\n<ul>\n<li>Pihustage pestud niisketesse juustesse ning masseerige juurest otsteni sisse.<\/li>\n<li>Laske 3-5 min juustel m\u00f5juda\/imenduda ning seej\u00e4rel j\u00e4tkake tavap\u00e4rase stiliseerimisega.<\/li>\n<\/ul>\n","protected":false},"excerpt":{"rendered":"<p>Intensiivne <strong>juuksestruktuuri taastav<\/strong> toode, mis tugevdab ja toetab <strong>rabedaid ning kahjustatud juukseid<\/strong>.<br \/>\nNiisutab, annab kohevust ja mahtu ning j\u00e4tab samaaegselt juuksed pehmeks ja kergeks.<\/p>\n<ul>\n<li>Sisaldab h\u00fcaluroonhapet, mis\u00a0<strong>taastab ja toidab juukseid s\u00fcgavuti<\/strong><\/li>\n<li>Sisaldab h\u00fcdrol\u00fc\u00fcsitud <strong>kollageeni<\/strong><\/li>\n<li>Sisaldab orgaanilist taimset keratiini, mis niisutab s\u00fcgavuti ja\u00a0<strong>tugevdab juuksestruktuuri<\/strong><\/li>\n<li>Sisaldab orgaanilist kaeraekstrakti, mis\u00a0<strong>toidab ja toniseerib<\/strong><\/li>\n<li>97% komponentidest looduslikku p\u00e4ritolu<\/li>\n<li>pH 4.0 &#8211; 4.5<\/li>\n<\/ul>\n<p><strong>Ei sisalda:<\/strong> sulfaate SLES, silikoone, v\u00e4rvaineid, parabeene, alkohole.<br \/>\nDermatoloogiliselt ja nikkel testitud, sisaldab orgaaniliselt sertifitseeritud komponente<br \/>\n<strong>Suurus:<\/strong> 150 ml<\/p>\n","protected":false},"featured_media":9385,"comment_status":"open","ping_status":"closed","template":"","meta":[],"product_brand":[],"product_cat":[388,334,392,394],"product_tag":[77,84],"class_list":{"0":"post-9376","1":"product","2":"type-product","3":"status-publish","4":"has-post-thumbnail","6":"product_cat-biacre","7":"product_cat-biacre-hyaluronic","8":"product_cat-oils-serums","9":"product_cat-styling","10":"product_tag-niisutav","11":"product_tag-parandav","13":"first","14":"instock","15":"taxable","16":"shipping-taxable","17":"purchasable","18":"product-type-simple"},"_links":{"self":[{"href":"https:\/\/lieliskimati.lv\/et\/wp-json\/wp\/v2\/product\/9376","targetHints":{"allow":["GET"]}}],"collection":[{"href":"https:\/\/lieliskimati.lv\/et\/wp-json\/wp\/v2\/product"}],"about":[{"href":"https:\/\/lieliskimati.lv\/et\/wp-json\/wp\/v2\/types\/product"}],"replies":[{"embeddable":true,"href":"https:\/\/lieliskimati.lv\/et\/wp-json\/wp\/v2\/comments?post=9376"}],"version-history":[{"count":0,"href":"https:\/\/lieliskimati.lv\/et\/wp-json\/wp\/v2\/product\/9376\/revisions"}],"wp:featuredmedia":[{"embeddable":true,"href":"https:\/\/lieliskimati.lv\/et\/wp-json\/wp\/v2\/media\/9385"}],"wp:attachment":[{"href":"https:\/\/lieliskimati.lv\/et\/wp-json\/wp\/v2\/media?parent=9376"}],"wp:term":[{"taxonomy":"product_brand","embeddable":true,"href":"https:\/\/lieliskimati.lv\/et\/wp-json\/wp\/v2\/product_brand?post=9376"},{"taxonomy":"product_cat","embeddable":true,"href":"https:\/\/lieliskimati.lv\/et\/wp-json\/wp\/v2\/product_cat?post=9376"},{"taxonomy":"product_tag","embeddable":true,"href":"https:\/\/lieliskimati.lv\/et\/wp-json\/wp\/v2\/product_tag?post=9376"}],"curies":[{"name":"wp","href":"https:\/\/api.w.org\/{rel}","templated":true}]}}