{"id":9374,"date":"2022-08-15T21:54:38","date_gmt":"2022-08-15T19:54:38","guid":{"rendered":"https:\/\/lieliskimati.lv\/?post_type=product&#038;p=9374"},"modified":"2026-02-16T01:46:26","modified_gmt":"2026-02-15T22:46:26","slug":"biacre-hyaluronic-filler-shampoo","status":"publish","type":"product","link":"https:\/\/lieliskimati.lv\/et\/toode\/biacre-hyaluronic-filler-shampoo\/","title":{"rendered":"BIACR\u00c8 hyaluronic filler shampoo"},"content":{"rendered":"<p><strong>H\u00fcaluroonhape<\/strong> &#8211; aitab taastada rabedate ja kahjustatud juuste struktuuri. Niisutavate ja toitvate omadustega, j\u00e4tab juuksed pehmeks ja kergeks.<\/p>\n<p><strong>Mesi<\/strong> &#8211; pakub pehmendavaid, toitvaid ja antibakteriaalseid omadusi. Mees sisalduvad mineraalid ja vitamiinid turgutavad ja niisutavad juukseid s\u00fcgavuti ning teevad nad pehmeks ja s\u00e4ravaks.<\/p>\n<p><strong>Orgaaniline taime keratiin<\/strong> &#8211; taime mikroproteiin ehk f\u00fctokeratiin pakub juustele erakordset s\u00fcgavniisutust, pakkudes just parimat efekti kahjustatud juuste puhul. Tugevdab juuksestruktuuri sisemiselt.<\/p>\n<p><strong>Orgaaniline kaeraekstrakt<\/strong> &#8211; selles v\u00e4\u00e4rtuslikus teraviljas sisalduvad ained on toitvate ja toniseerivate omadustega, mis aitavad hoiduda kuivusest ja rabedusest ning annavad juustele vormi, pehmust ja s\u00e4ra.<\/p>\n<p><strong>KASUTAMINE<\/strong><\/p>\n<ul>\n<li>Kandke niisketele juustele, masseerige peanahale ja loputage.<\/li>\n<li>Vajadusel korrake.<\/li>\n<li>J\u00e4tkake hoolitsust BIACR\u00c8 Hyaluronic Filler palsami ja spray\u00b4ga<\/li>\n<\/ul>\n","protected":false},"excerpt":{"rendered":"<p>Toitainete rikas niisutav \u0161ampoon, mis sisaldab <strong>h\u00fcaluroonhapet<\/strong>, orgaanilist taimset <strong>keratiini<\/strong>, <strong>mett<\/strong> ning <strong>orgaanilist kaeraekstrakti.<\/strong><br \/>\nPuhastab ja niisutab s\u00fcgavuti eemaldades erinevad kemikaalide ja keskkonnast tingitud j\u00e4\u00e4gid.<br \/>\nValmistab juuksed ette t\u00e4iteefektiga h\u00fcaluroonhappe kreemiga rikastamiseks.<\/p>\n<ul>\n<li>Sisaldab h\u00fcaluroonhapet, mis <strong>taastab ja toidab juukseid s\u00fcgavuti<\/strong><\/li>\n<li>Sisaldab orgaanilist taimset keratiini, mis niisutab s\u00fcgavuti ja <strong>tugevdab juuksestruktuuri<\/strong><\/li>\n<li>Sisaldab orgaanilist kaeraekstrakti, mis <strong>toidab ja toniseerib<\/strong><\/li>\n<li>pH 5.0-5.5<\/li>\n<li>93% koostisainetest looduslikku p\u00e4ritolu<\/li>\n<li>Sobib k\u00f5ikidele juukset\u00fc\u00fcpidele: normaalsetele, kuivadele, t\u00f6\u00f6deldud ja\/v\u00f5i \u00f5hukestele.<\/li>\n<\/ul>\n<p><strong>Ei sisalda:<\/strong> sulfaate SLES, silikoone, v\u00e4rvaineid, parabeene, alkohole.<br \/>\nDermatoloogiliselt ja nikkel testitud, sisaldab orgaaniliselt sertifitseeritud komponente.<br \/>\n<strong>Suurus:<\/strong> 250 ml<\/p>\n","protected":false},"featured_media":23172,"comment_status":"open","ping_status":"closed","template":"","meta":[],"product_brand":[],"product_cat":[388,334,389,615],"product_tag":[77],"class_list":{"0":"post-9374","1":"product","2":"type-product","3":"status-publish","4":"has-post-thumbnail","6":"product_cat-biacre","7":"product_cat-biacre-hyaluronic","8":"product_cat-shampoos","9":"product_cat-ilulemmikud","10":"product_tag-niisutav","12":"first","13":"instock","14":"taxable","15":"shipping-taxable","16":"purchasable","17":"product-type-variable","18":"has-default-attributes"},"_links":{"self":[{"href":"https:\/\/lieliskimati.lv\/et\/wp-json\/wp\/v2\/product\/9374","targetHints":{"allow":["GET"]}}],"collection":[{"href":"https:\/\/lieliskimati.lv\/et\/wp-json\/wp\/v2\/product"}],"about":[{"href":"https:\/\/lieliskimati.lv\/et\/wp-json\/wp\/v2\/types\/product"}],"replies":[{"embeddable":true,"href":"https:\/\/lieliskimati.lv\/et\/wp-json\/wp\/v2\/comments?post=9374"}],"version-history":[{"count":2,"href":"https:\/\/lieliskimati.lv\/et\/wp-json\/wp\/v2\/product\/9374\/revisions"}],"predecessor-version":[{"id":23178,"href":"https:\/\/lieliskimati.lv\/et\/wp-json\/wp\/v2\/product\/9374\/revisions\/23178"}],"wp:featuredmedia":[{"embeddable":true,"href":"https:\/\/lieliskimati.lv\/et\/wp-json\/wp\/v2\/media\/23172"}],"wp:attachment":[{"href":"https:\/\/lieliskimati.lv\/et\/wp-json\/wp\/v2\/media?parent=9374"}],"wp:term":[{"taxonomy":"product_brand","embeddable":true,"href":"https:\/\/lieliskimati.lv\/et\/wp-json\/wp\/v2\/product_brand?post=9374"},{"taxonomy":"product_cat","embeddable":true,"href":"https:\/\/lieliskimati.lv\/et\/wp-json\/wp\/v2\/product_cat?post=9374"},{"taxonomy":"product_tag","embeddable":true,"href":"https:\/\/lieliskimati.lv\/et\/wp-json\/wp\/v2\/product_tag?post=9374"}],"curies":[{"name":"wp","href":"https:\/\/api.w.org\/{rel}","templated":true}]}}