{"id":400,"date":"2021-09-19T00:50:34","date_gmt":"2021-09-18T21:50:34","guid":{"rendered":"https:\/\/lieliskimati.lv\/toode\/lalga-seagrowth-juuksekasvu-ergutav-losjoon\/"},"modified":"2025-12-17T12:26:39","modified_gmt":"2025-12-17T09:26:39","slug":"lalga-seagrowth-lotion","status":"publish","type":"product","link":"https:\/\/lieliskimati.lv\/et\/toode\/lalga-seagrowth-lotion\/","title":{"rendered":"L\u2019Alga SEAGROWTH LOTION"},"content":{"rendered":"<p><strong>KASUTAMINE<\/strong><\/p>\n<ul>\n<li>Alustage juuksehooldust juuste pesemisest <em><strong>L<\/strong><\/em><span style=\"color: #666699;\"><strong><em><em><strong>\u2019<\/strong><\/em>Alga.SEAPURE s\u00fcgavpuhastava<\/em><\/strong><\/span>, <span style=\"color: #666699;\"><strong><em>SEAFLAKES k\u00f5\u00f5mavastase<\/em><\/strong><\/span> v\u00f5i <span style=\"color: #666699;\"><strong><em>SEAGROW juuksekasvu ergutava \u0161ampooniga<\/em><\/strong><\/span>.<\/li>\n<li>Seej\u00e4rel kandke juustele palsam v\u00f5i juuksemask.<\/li>\n<li>N\u00fc\u00fcd jaotage niisked puhtad juuksed sektsioonideks\/salkudeks ning kandke Seagrowth losjoon otse peanahale juukselahkudesse.<\/li>\n<li>Masseerige losjoon sisse kuni see on t\u00e4ielikult imendunud.<\/li>\n<li>Oodake t\u00e4iendavalt 3-5 minutit ning j\u00e4tkake tavap\u00e4rase stiliseerimisega.<\/li>\n<li>J\u00e4tke losjoon peanahale\/juustesse, \u00e4rge loputage v\u00e4lja,<\/li>\n<\/ul>\n","protected":false},"excerpt":{"rendered":"<p>L\u2019Alga.SEAGROWTH <strong>juuste v\u00e4ljalangemise v\u00e4hendamiseks ja juuksekasvu stimuleerimiseks<\/strong>\u00a0loodud losjoon puhastab ja tasakaalustab peanahka, ergutades samaaegselt selle rakkude tegevust. Losjooni koostises sisalduvad merevetikate ekstraktid on rikkad mineraalide, vitamiinide ja antioks\u00fcdantide poolest\u00a0ning\u00a0pakuvad juuksefolliikulitele olulisi toitaineid ja soodustavad tervislikku juuksekasvu.<\/p>\n<p>Losjoon sisaldab teaduslikult t\u00f5estatud vetikaekstraktide kompleksi\u00a0AlgaNord 5\u2122\u00a0, biotiini, niatsiinamiidi, kofeiini ja mentooli, mis <strong>t\u00f5stavad juuksefolliikulite vitaalsust\u00a0<\/strong>ning <strong>aeglustavad<\/strong> juuste <strong>v\u00e4ljalangemist<\/strong> ja <strong>vananemisprotsessi<\/strong>. Losjooni regulaarne kasutamine v\u00f5ib aidata luua optimaalse keskkonna juuste kasvu soodustamiseks ja s\u00e4ilitamiseks ning anda juustele tugevuse ja eluj\u00f5u.<\/p>\n<ul>\n<li>Aitab v\u00e4hendada juuste v\u00e4ljalangemist<\/li>\n<li>Toetab juuste kasvamist<\/li>\n<li>Puhastab ja tasakaalustab peanahka<\/li>\n<li>Tugevdab ja toetab juuksefolliikuleid<\/li>\n<li>Juuste vananemist aeglustav koostis<\/li>\n<li>Sisaldab teaduslikult t\u00f5estatud vetikap\u00f5hist AlgaNord 5\u2122 kompleksi, kofeiini, mentooli ning looduslikku teepuu\u00f5li<\/li>\n<li>On ohutu v\u00e4rvitud, sirgendatud ja keemiliselt t\u00f6\u00f6deldud juustele<\/li>\n<\/ul>\n<p><strong>Ei sisalda:<\/strong> sulfaate SLS\/SLES, parabeene, silikoone, ftalaate ega loomseid komponente.<br \/>\n<strong>Suurus:<\/strong> 85 ml<\/p>\n","protected":false},"featured_media":560,"comment_status":"open","ping_status":"closed","template":"","meta":[],"product_brand":[],"product_cat":[392,387,395,54],"product_tag":[79],"class_list":{"0":"post-400","1":"product","2":"type-product","3":"status-publish","4":"has-post-thumbnail","6":"product_cat-oils-serums","7":"product_cat-lalga","8":"product_cat-scalp","9":"product_cat-seascalp","10":"product_tag-juuksekasvu-ergutav","12":"first","13":"instock","14":"taxable","15":"shipping-taxable","16":"purchasable","17":"product-type-simple"},"_links":{"self":[{"href":"https:\/\/lieliskimati.lv\/et\/wp-json\/wp\/v2\/product\/400","targetHints":{"allow":["GET"]}}],"collection":[{"href":"https:\/\/lieliskimati.lv\/et\/wp-json\/wp\/v2\/product"}],"about":[{"href":"https:\/\/lieliskimati.lv\/et\/wp-json\/wp\/v2\/types\/product"}],"replies":[{"embeddable":true,"href":"https:\/\/lieliskimati.lv\/et\/wp-json\/wp\/v2\/comments?post=400"}],"version-history":[{"count":1,"href":"https:\/\/lieliskimati.lv\/et\/wp-json\/wp\/v2\/product\/400\/revisions"}],"predecessor-version":[{"id":22759,"href":"https:\/\/lieliskimati.lv\/et\/wp-json\/wp\/v2\/product\/400\/revisions\/22759"}],"wp:featuredmedia":[{"embeddable":true,"href":"https:\/\/lieliskimati.lv\/et\/wp-json\/wp\/v2\/media\/560"}],"wp:attachment":[{"href":"https:\/\/lieliskimati.lv\/et\/wp-json\/wp\/v2\/media?parent=400"}],"wp:term":[{"taxonomy":"product_brand","embeddable":true,"href":"https:\/\/lieliskimati.lv\/et\/wp-json\/wp\/v2\/product_brand?post=400"},{"taxonomy":"product_cat","embeddable":true,"href":"https:\/\/lieliskimati.lv\/et\/wp-json\/wp\/v2\/product_cat?post=400"},{"taxonomy":"product_tag","embeddable":true,"href":"https:\/\/lieliskimati.lv\/et\/wp-json\/wp\/v2\/product_tag?post=400"}],"curies":[{"name":"wp","href":"https:\/\/api.w.org\/{rel}","templated":true}]}}