{"id":399,"date":"2021-09-19T00:50:34","date_gmt":"2021-09-18T21:50:34","guid":{"rendered":"https:\/\/lieliskimati.lv\/toode\/lalga-seagrow-juuksekasvu-ergutav-sampoon\/"},"modified":"2026-05-12T20:12:39","modified_gmt":"2026-05-12T17:12:39","slug":"lalga-seagrow-shampoo","status":"publish","type":"product","link":"https:\/\/lieliskimati.lv\/et\/toode\/lalga-seagrow-shampoo\/","title":{"rendered":"L\u2019Alga SEAGROW shampoo"},"content":{"rendered":"<p><strong>KASUTAMINE<\/strong><\/p>\n<ul>\n<li>Raputage \u0161ampoonipudelit hoolikalt enne kasutamist \u2013 aktiivsed toimeained kipuvad p\u00f5hja ladestuma ning nii tagad nende \u00fchtlase jaotumise.<\/li>\n<li>Kandke m\u00e4rgadele juustele ja peanahale, masseerige sisse ning j\u00e4tke 3-5 minutiks m\u00f5juma.<\/li>\n<li>Soovitame juukseid \u0161ampooniga pesta 2 korda. Esimene pesu eemaldab mustuse, surnud naharakud ja liigse rasu peanahalt. Teine pesu puhastab juuksed ja aitab parandavatel-toitvatel komponentidel levida ja oma t\u00f6\u00f6d teha.<\/li>\n<li>Loputage hoolikalt leige veega.<\/li>\n<li>J\u00e4tka hooldust kandes juustele <strong><em><u>L\u2019Alga.SeaGrowth ergutav losjoon<\/u><\/em><\/strong>, mis puhastab ja tasakaalustab peanahka.<\/li>\n<\/ul>\n","protected":false},"excerpt":{"rendered":"<p>L\u2019Alga.SEAGROW \u0161ampoon on spetsiaalselt formuleeritud koostisega, mis aitab <strong>stimuleerida ja ergutada juuste kasvamist<\/strong>.<\/p>\n<p>Tervete ja tugevate juuste kasvamiseks on h\u00e4davajalik tagada soodne keskkond ehk peanaha hea tervis.\u00a0SeaGrow \u0161ampoon teeb selleks vajaliku eelt\u00f6\u00f6 \u2013 <strong>puhastab peanaha ja juuksed<\/strong>, tasakaalustab peanaha seisukorra ja pH taseme ning <strong>ergutab selle rakke<\/strong> t\u00e4nu aktiivsetele koostisosadele nagu biotiin,\u00a0kofeiin, Panax zensenni juure ekstrakt, piparm\u00fcndi\u00f5li\u00a0ja teepuu\u00f5li, mis soodustavad peanaha vereringet, toitainete juurdevoolu juuksefolliikulitesse ning aitavad tugevdada juukseid. Need koostisosad v\u00f5ivad aidata v\u00e4hendada juuste v\u00e4ljalangemist ja soodustada uute tervislike juuste kasvu.<\/p>\n<p>\u0160ampoon <strong>taastab niiskustaseme<\/strong>, <strong>tugevdab juuksefolliikuleid<\/strong> ning <strong>toetab iga juuksekarva<\/strong> seestpoolt.<br \/>\nNB:\u00a0individuaalsed tulemused v\u00f5ivad varieeruda ja tugevate juuste kasvu saavutamiseks on vajalik pikaajalisem kasutamine.<\/p>\n<ul>\n<li>Sobib k\u00f5igile juukset\u00fc\u00fcpidele<\/li>\n<li>S\u00fcgavpuhastav toime peanahale ja juustele<\/li>\n<li>Tasakaalustab peanahka ja selle rakke<\/li>\n<li>Toetab juuste kasvu<\/li>\n<li>Tugevdab juuksekutiikuleid<\/li>\n<li>Sisaldab teaduslikult t\u00f5estatud<\/li>\n<li>vetikap\u00f5hist <span style=\"color: #666699;\">AlgaNord<em> 5\u2122<\/em><\/span> kompleksi, biotiini, niatsiinamiidi, kofeiini, piparm\u00fcndi\u00f5li, Panax zensenni juure ekstrakti ning looduslikku teepuu\u00f5li<\/li>\n<li>On ohutu v\u00e4rvitud, sirgendatud ja keemiliselt t\u00f6\u00f6deldud juustele<\/li>\n<\/ul>\n<p><strong>Ei sisalda:<\/strong> sulfaate SLS\/SLES, alkoholi ega loomseid komponente.<br \/>\n<strong>Suurus:<\/strong> 250 ml<\/p>\n","protected":false},"featured_media":24660,"comment_status":"open","ping_status":"closed","template":"","meta":[],"product_brand":[],"product_cat":[387,395,389,54],"product_tag":[79],"class_list":{"0":"post-399","1":"product","2":"type-product","3":"status-publish","4":"has-post-thumbnail","6":"product_cat-lalga","7":"product_cat-scalp","8":"product_cat-shampoos","9":"product_cat-seascalp","10":"product_tag-juuksekasvu-ergutav","12":"first","13":"instock","14":"taxable","15":"shipping-taxable","16":"purchasable","17":"product-type-simple"},"_links":{"self":[{"href":"https:\/\/lieliskimati.lv\/et\/wp-json\/wp\/v2\/product\/399","targetHints":{"allow":["GET"]}}],"collection":[{"href":"https:\/\/lieliskimati.lv\/et\/wp-json\/wp\/v2\/product"}],"about":[{"href":"https:\/\/lieliskimati.lv\/et\/wp-json\/wp\/v2\/types\/product"}],"replies":[{"embeddable":true,"href":"https:\/\/lieliskimati.lv\/et\/wp-json\/wp\/v2\/comments?post=399"}],"version-history":[{"count":1,"href":"https:\/\/lieliskimati.lv\/et\/wp-json\/wp\/v2\/product\/399\/revisions"}],"predecessor-version":[{"id":24659,"href":"https:\/\/lieliskimati.lv\/et\/wp-json\/wp\/v2\/product\/399\/revisions\/24659"}],"wp:featuredmedia":[{"embeddable":true,"href":"https:\/\/lieliskimati.lv\/et\/wp-json\/wp\/v2\/media\/24660"}],"wp:attachment":[{"href":"https:\/\/lieliskimati.lv\/et\/wp-json\/wp\/v2\/media?parent=399"}],"wp:term":[{"taxonomy":"product_brand","embeddable":true,"href":"https:\/\/lieliskimati.lv\/et\/wp-json\/wp\/v2\/product_brand?post=399"},{"taxonomy":"product_cat","embeddable":true,"href":"https:\/\/lieliskimati.lv\/et\/wp-json\/wp\/v2\/product_cat?post=399"},{"taxonomy":"product_tag","embeddable":true,"href":"https:\/\/lieliskimati.lv\/et\/wp-json\/wp\/v2\/product_tag?post=399"}],"curies":[{"name":"wp","href":"https:\/\/api.w.org\/{rel}","templated":true}]}}