{"id":398,"date":"2021-09-19T00:50:33","date_gmt":"2021-09-18T21:50:33","guid":{"rendered":"https:\/\/lieliskimati.lv\/toode\/lalga-seaflakes-koomavastane-sampoon\/"},"modified":"2026-04-07T11:24:16","modified_gmt":"2026-04-07T08:24:16","slug":"lalga-seaflakes-shampoo","status":"publish","type":"product","link":"https:\/\/lieliskimati.lv\/et\/toode\/lalga-seaflakes-shampoo\/","title":{"rendered":"L\u2019Alga SEAFLAKES FREE SHAMPOO"},"content":{"rendered":"<p><strong>KASUTAMINE<\/strong><\/p>\n<ul>\n<li>Raputage \u0161ampoonipudelit hoolikalt enne kasutamist \u2013 aktiivsed toimeained kipuvad p\u00f5hja ladestuma ning nii tagad nende \u00fchtlase jaotumise.<\/li>\n<li>Kandke m\u00e4rgadele juustele ja peanahale, masseerige sisse ning j\u00e4tke 3-5 minutiks m\u00f5juma.<\/li>\n<li>Soovitame juukseid \u0161ampooniga pesta 2 korda. Esimene pesu eemaldab mustuse, surnud naharakud ja liigse rasu peanahalt. Teine pesu puhastab juuksed ja aitab parandavatel-toitvatel komponentidel levida ja oma t\u00f6\u00f6d teha.<\/li>\n<li>Loputage hoolikalt leige veega.<\/li>\n<\/ul>\n","protected":false},"excerpt":{"rendered":"<p>L\u2019Alga.SEAFLAKES k\u00f5\u00f5mavastane \u0161ampoon <strong>ravib<\/strong> ja <strong>eemaldab<\/strong> erinevat t\u00fc\u00fcpi <strong>peanahaketendust<\/strong>. Sisaldab teaduslikult t\u00f5estatud vetikap\u00f5hist <strong><em>AlgaNord 5\u2122<\/em><\/strong> kompleksi, biotiini, niatsiinamiidi, mentooli, piparm\u00fcndi\u00f5li ja teepuu\u00f5li, mis <strong>puhastavad hoolikalt<\/strong> peanahka <strong>neutraliseerides liigsed \u00f5lid<\/strong> ning <strong>leevendavad<\/strong> k\u00f5\u00f5mast tingitud <strong>peanaha s\u00fcgelust<\/strong>.<\/p>\n<p>\u0160ampoon taastab juuste niiskustaseme, vitaalsuse, pehmuse ning terve s\u00e4ra.<\/p>\n<ul>\n<li>Toimib t\u00f5husalt erinevat t\u00fc\u00fcpi peanahaketenduste korral<\/li>\n<li>S\u00fcgavpuhastav toime peanahale ja juustele<\/li>\n<li>Neutraliseerib liigsed \u00f5lid<\/li>\n<li>Leevendab k\u00f5\u00f5mast tingitud peanaha s\u00fcgelust<\/li>\n<li>Sisaldab teaduslikult t\u00f5estatud vetikap\u00f5hist <span style=\"color: #666699;\"><em><strong>AlgaNord 5\u2122<\/strong><\/em><\/span> kompleksi, biotiini, niatsiinamiidi, mentooli, piparm\u00fcndi\u00f5li ja looduslikku teepuu\u00f5li<\/li>\n<li>On ohutu v\u00e4rvitud, sirgendatud ja keemiliselt t\u00f6\u00f6deldud juustele<\/li>\n<\/ul>\n<p><strong>Ei sisalda:<\/strong> sulfaate SLS\/SLES, parabeene, alkoholi ega loomseid komponente.<br \/>\n<strong>Suurus:<\/strong> 250 ml<\/p>\n","protected":false},"featured_media":568,"comment_status":"open","ping_status":"closed","template":"","meta":[],"product_brand":[],"product_cat":[387,395,389,54],"product_tag":[82,87],"class_list":{"0":"post-398","1":"product","2":"type-product","3":"status-publish","4":"has-post-thumbnail","6":"product_cat-lalga","7":"product_cat-scalp","8":"product_cat-shampoos","9":"product_cat-seascalp","10":"product_tag-koomavastane","11":"product_tag-sugavpuhastav","13":"first","14":"instock","15":"taxable","16":"shipping-taxable","17":"purchasable","18":"product-type-simple"},"_links":{"self":[{"href":"https:\/\/lieliskimati.lv\/et\/wp-json\/wp\/v2\/product\/398","targetHints":{"allow":["GET"]}}],"collection":[{"href":"https:\/\/lieliskimati.lv\/et\/wp-json\/wp\/v2\/product"}],"about":[{"href":"https:\/\/lieliskimati.lv\/et\/wp-json\/wp\/v2\/types\/product"}],"replies":[{"embeddable":true,"href":"https:\/\/lieliskimati.lv\/et\/wp-json\/wp\/v2\/comments?post=398"}],"version-history":[{"count":1,"href":"https:\/\/lieliskimati.lv\/et\/wp-json\/wp\/v2\/product\/398\/revisions"}],"predecessor-version":[{"id":23862,"href":"https:\/\/lieliskimati.lv\/et\/wp-json\/wp\/v2\/product\/398\/revisions\/23862"}],"wp:featuredmedia":[{"embeddable":true,"href":"https:\/\/lieliskimati.lv\/et\/wp-json\/wp\/v2\/media\/568"}],"wp:attachment":[{"href":"https:\/\/lieliskimati.lv\/et\/wp-json\/wp\/v2\/media?parent=398"}],"wp:term":[{"taxonomy":"product_brand","embeddable":true,"href":"https:\/\/lieliskimati.lv\/et\/wp-json\/wp\/v2\/product_brand?post=398"},{"taxonomy":"product_cat","embeddable":true,"href":"https:\/\/lieliskimati.lv\/et\/wp-json\/wp\/v2\/product_cat?post=398"},{"taxonomy":"product_tag","embeddable":true,"href":"https:\/\/lieliskimati.lv\/et\/wp-json\/wp\/v2\/product_tag?post=398"}],"curies":[{"name":"wp","href":"https:\/\/api.w.org\/{rel}","templated":true}]}}