{"id":397,"date":"2021-09-19T00:50:33","date_gmt":"2021-09-18T21:50:33","guid":{"rendered":"https:\/\/lieliskimati.lv\/toode\/lalga-seapure-sugavpuhastav-sampoon\/"},"modified":"2026-05-12T20:19:06","modified_gmt":"2026-05-12T17:19:06","slug":"lalga-seapure-shampoo","status":"publish","type":"product","link":"https:\/\/lieliskimati.lv\/et\/toode\/lalga-seapure-shampoo\/","title":{"rendered":"L\u2019Alga SEAPURE SHAMPOO"},"content":{"rendered":"<p><strong>KASUTAMINE<\/strong><\/p>\n<ul>\n<li>Raputage \u0161ampoonipudelit hoolikalt enne kasutamist \u2013 aktiivsed toimeained kipuvad p\u00f5hja ladestuma ning nii tagad nende \u00fchtlase jaotumise.<\/li>\n<li>Jaotage juuksed sektsioonideks\/salkudeks ning jaotage \u0161ampoon otse juukselahkudesse.<\/li>\n<li>Masseerige \u0161ampoon rahulike liigutustega peanahale ning j\u00e4tke 2-3 minutiks m\u00f5juma (v\u00f5ite samal ajal masseerimist j\u00e4tkata).<\/li>\n<li>Loputage leige veega v\u00e4lja.<\/li>\n<\/ul>\n","protected":false},"excerpt":{"rendered":"<p>L\u2019Alga.SEAPURE s\u00fcgavpuhastav \u0161ampoon eemaldab t\u00f5husalt peanahale ja juustesse kogunenud tootej\u00e4\u00e4gid, mustuse ja liigsed \u00f5lid, mis v\u00f5ivad muuta juuksed tuhmiks, raskeks ja elutuks ning takistada teiste hooldusvahendite nagu juuksemaskide v\u00f5i palsamite, efektiivset toimimist.<\/p>\n<p>S\u00fcgavpuhastav \u0161ampoon v\u00e4rskendab ka peanahka ja v\u00e4hendab rasueritust ning taastab juuste eluj\u00f5u ja s\u00e4ra. V\u00f5id m\u00e4rgata, et Su juuksetoon on peale pesu s\u00fcgavpuhastava \u0161ampooniga erksam, juuksed kergemad ja \u00f5hulisemad ning s\u00e4ravamad.<\/p>\n<p>L\u2019Alga.SEAPURE \u0161ampoon sisaldab taastavaid koostisosi <strong>peanaha s\u00fcgavpuhastamiseks, tasakaalustamiseks ja niiskuse taastamiseks<\/strong>.<br \/>\nSeaPure \u0161ampoon <strong>ergutab peanaha vereringet<\/strong>, <strong>taastab niiskuse<\/strong> ja <strong>juuste pehmuse<\/strong>ning valmistab juuksed ette erinevateks juuksehoolduse protseduurideks.<\/p>\n<ul>\n<li>Sobib k\u00f5ikidele juukset\u00fc\u00fcpidele<\/li>\n<li>S\u00fcgavpuhastava toimega<\/li>\n<li>Tasakaalustab ja niisutab juukseid ning peanahka<\/li>\n<li>Ergutab peanaha vereringet<\/li>\n<li>Taastab juuste vitaalsuse, pehmuse ja s\u00e4ra<\/li>\n<li>Sisaldab teaduslikult t\u00f5estatud vetikap\u00f5hist <span style=\"color: #666699;\">AlgaNord<em> 5\u2122<\/em><\/span> kompleksi, sh. biotiini, niatsiinamiidi, mentooli ning looduslikku teepuu\u00f5li<\/li>\n<li>On ohutu v\u00e4rvitud, sirgendatud ja keemiliselt t\u00f6\u00f6deldud juustele<\/li>\n<li>pH 5,00 &#8211; 6,00<\/li>\n<\/ul>\n<p><strong>Ei sisalda:<\/strong> sulfaate SLS\/SLES, parabeene, alkoholi, ftalaate ega loomseid komponente.<br \/>\n<strong>Suurus:<\/strong> 250 ml<\/p>\n","protected":false},"featured_media":24673,"comment_status":"open","ping_status":"closed","template":"","meta":[],"product_brand":[],"product_cat":[387,395,389,54],"product_tag":[87],"class_list":{"0":"post-397","1":"product","2":"type-product","3":"status-publish","4":"has-post-thumbnail","6":"product_cat-lalga","7":"product_cat-scalp","8":"product_cat-shampoos","9":"product_cat-seascalp","10":"product_tag-sugavpuhastav","12":"first","13":"instock","14":"taxable","15":"shipping-taxable","16":"purchasable","17":"product-type-simple"},"_links":{"self":[{"href":"https:\/\/lieliskimati.lv\/et\/wp-json\/wp\/v2\/product\/397","targetHints":{"allow":["GET"]}}],"collection":[{"href":"https:\/\/lieliskimati.lv\/et\/wp-json\/wp\/v2\/product"}],"about":[{"href":"https:\/\/lieliskimati.lv\/et\/wp-json\/wp\/v2\/types\/product"}],"replies":[{"embeddable":true,"href":"https:\/\/lieliskimati.lv\/et\/wp-json\/wp\/v2\/comments?post=397"}],"version-history":[{"count":1,"href":"https:\/\/lieliskimati.lv\/et\/wp-json\/wp\/v2\/product\/397\/revisions"}],"predecessor-version":[{"id":24667,"href":"https:\/\/lieliskimati.lv\/et\/wp-json\/wp\/v2\/product\/397\/revisions\/24667"}],"wp:featuredmedia":[{"embeddable":true,"href":"https:\/\/lieliskimati.lv\/et\/wp-json\/wp\/v2\/media\/24673"}],"wp:attachment":[{"href":"https:\/\/lieliskimati.lv\/et\/wp-json\/wp\/v2\/media?parent=397"}],"wp:term":[{"taxonomy":"product_brand","embeddable":true,"href":"https:\/\/lieliskimati.lv\/et\/wp-json\/wp\/v2\/product_brand?post=397"},{"taxonomy":"product_cat","embeddable":true,"href":"https:\/\/lieliskimati.lv\/et\/wp-json\/wp\/v2\/product_cat?post=397"},{"taxonomy":"product_tag","embeddable":true,"href":"https:\/\/lieliskimati.lv\/et\/wp-json\/wp\/v2\/product_tag?post=397"}],"curies":[{"name":"wp","href":"https:\/\/api.w.org\/{rel}","templated":true}]}}