{"id":396,"date":"2021-09-19T00:50:33","date_gmt":"2021-09-18T21:50:33","guid":{"rendered":"https:\/\/lieliskimati.lv\/toode\/lalga-seascent-juukseparfuum\/"},"modified":"2025-11-07T15:51:55","modified_gmt":"2025-11-07T12:51:55","slug":"lalga-seascent","status":"publish","type":"product","link":"https:\/\/lieliskimati.lv\/et\/toode\/lalga-seascent\/","title":{"rendered":"L\u2019Alga SEASCENT HAIR PERFUME"},"content":{"rendered":"<p><strong>KASUTAMINE<\/strong><\/p>\n<ul>\n<li>Piserdage kuivadele v\u00f5i niisketele juustele nende v\u00e4rskendamiseks.<\/li>\n<li>Piserdage juukseparf\u00fc\u00fcmi ca 30cm kauguselt ning hoidke pudelike piserdamise ajal pidevas liikumises, et toode jaotuks juustele \u00fchtlaselt.<\/li>\n<li>J\u00e4tke juustesse, \u00e4rge peske v\u00e4lja!<\/li>\n<\/ul>\n","protected":false},"excerpt":{"rendered":"<p>Me armastame L\u2019Alga imelist ja unikaalset signatuurl\u00f5hna, mist\u00f5ttu on eriti suur r\u00f5\u00f5m, et valikus on ka juukseparf\u00fc\u00fcm, mis sobib k\u00f5igile juukset\u00fc\u00fcpidele ning <strong>toimib t\u00f5husa viimistlustootena, <\/strong>andes juustele <strong>niiskust, s\u00e4ra ja pehmust<\/strong>!<\/p>\n<p>L\u2019Alga juukseparf\u00fc\u00fcmil on\u00a0puhas ja v\u00e4rske l\u00f5hn \u2013 <strong>rabarber, bergamot ja lootoselilled<\/strong> annavad l\u00f5hnale ahvatleva, rannal\u00f5hnalise karakteri.<br \/>\nJuukseparf\u00fc\u00fcm sisaldab <span style=\"color: #666699;\"><em><strong>AlgaNord 5\u2122<\/strong><\/em><\/span> kompleksi ja\u00a0<strong>s\u00fcgavniisutavaid<\/strong> taastavaid koostisosi<strong>, <\/strong>mis <strong>neutraliseerivad soovimatud l\u00f5hnad<\/strong> juustes, parandades samaaegselt kahjustusi ja pakkudes juustele lisakaitset t\u00f6\u00f6tlemise eest.<\/p>\n<ul>\n<li>Sobib k\u00f5igile juukset\u00fc\u00fcpidele<\/li>\n<li>Neutraliseerib ebasoovitavad l\u00f5hnad<\/li>\n<li>Aitab parandada kahjustatud juukseid<\/li>\n<li>Lisab niiskust, s\u00e4ra ning pehmust<\/li>\n<li>Sisaldab teaduslikult t\u00f5estatud vetikap\u00f5hist <span style=\"color: #666699;\"><em><strong>AlgaNord 5\u2122<\/strong><\/em><\/span> kompleksi<\/li>\n<li>On ohutu v\u00e4rvitud, sirgendatud ja keemiliselt t\u00f6\u00f6deldud juustele.<\/li>\n<\/ul>\n<p><strong>Ei sisalda:<\/strong> sulfaate SLS\/SLES, parabeene, ftalaate ega loomseid komponente.<br \/>\n<strong>Suurus:<\/strong> 85 ml<\/p>\n","protected":false},"featured_media":581,"comment_status":"open","ping_status":"closed","template":"","meta":[],"product_brand":[],"product_cat":[392,387,53,394,436],"product_tag":[],"class_list":{"0":"post-396","1":"product","2":"type-product","3":"status-publish","4":"has-post-thumbnail","6":"product_cat-oils-serums","7":"product_cat-lalga","8":"product_cat-seahair","9":"product_cat-styling","10":"product_cat-gifts","12":"first","13":"instock","14":"taxable","15":"shipping-taxable","16":"purchasable","17":"product-type-simple"},"_links":{"self":[{"href":"https:\/\/lieliskimati.lv\/et\/wp-json\/wp\/v2\/product\/396","targetHints":{"allow":["GET"]}}],"collection":[{"href":"https:\/\/lieliskimati.lv\/et\/wp-json\/wp\/v2\/product"}],"about":[{"href":"https:\/\/lieliskimati.lv\/et\/wp-json\/wp\/v2\/types\/product"}],"replies":[{"embeddable":true,"href":"https:\/\/lieliskimati.lv\/et\/wp-json\/wp\/v2\/comments?post=396"}],"version-history":[{"count":0,"href":"https:\/\/lieliskimati.lv\/et\/wp-json\/wp\/v2\/product\/396\/revisions"}],"wp:featuredmedia":[{"embeddable":true,"href":"https:\/\/lieliskimati.lv\/et\/wp-json\/wp\/v2\/media\/581"}],"wp:attachment":[{"href":"https:\/\/lieliskimati.lv\/et\/wp-json\/wp\/v2\/media?parent=396"}],"wp:term":[{"taxonomy":"product_brand","embeddable":true,"href":"https:\/\/lieliskimati.lv\/et\/wp-json\/wp\/v2\/product_brand?post=396"},{"taxonomy":"product_cat","embeddable":true,"href":"https:\/\/lieliskimati.lv\/et\/wp-json\/wp\/v2\/product_cat?post=396"},{"taxonomy":"product_tag","embeddable":true,"href":"https:\/\/lieliskimati.lv\/et\/wp-json\/wp\/v2\/product_tag?post=396"}],"curies":[{"name":"wp","href":"https:\/\/api.w.org\/{rel}","templated":true}]}}