{"id":395,"date":"2021-09-19T00:50:33","date_gmt":"2021-09-18T21:50:33","guid":{"rendered":"https:\/\/lieliskimati.lv\/toode\/lalga-sealight-voluumi-ja-saraseerum\/"},"modified":"2026-04-05T14:42:11","modified_gmt":"2026-04-05T11:42:11","slug":"lalga-sealight-serum","status":"publish","type":"product","link":"https:\/\/lieliskimati.lv\/et\/toode\/lalga-sealight-serum\/","title":{"rendered":"L\u2019Alga SEALIGHT VOLUME &#038; SHINE SERUM"},"content":{"rendered":"<p><strong>KASUTAMINE<\/strong><\/p>\n<ul>\n<li>Raputage seerumipudelit hoolikalt enne kasutamist, et p\u00f5hja settivad koostisained \u00fchtlaselt jaotuks.<\/li>\n<li>Piserdage seerumit juustele enne f\u00f6\u00f6nitamist ca 30cm kauguselt hoides seerumipudelit pidevas liikumises.<\/li>\n<li>J\u00e4tkake stiliseerimisega. \u00c4rge peske v\u00e4lja!<\/li>\n<li>Parima tulemuse saavutad kui kombineerid omavahel L\u2019Alga sarja tooteid, sest nii t\u00e4iendavad erinevad toimeained teineteise m\u00f5ju ja tulemuseks on terved, s\u00e4ravad ja ilusad juuksed.<\/li>\n<\/ul>\n","protected":false},"excerpt":{"rendered":"<p><strong>T\u00f5hus juustesse j\u00e4etav<\/strong> L\u2019Alga.SEALIGHT seerum <strong>annab<\/strong> \u00f5hukestele ja peene struktuuriga juustele <strong>kohevust ja s\u00e4ra<\/strong> ning <strong>kaitseb<\/strong> <strong>kuumaga t\u00f6\u00f6tlemise eest<\/strong> (f\u00f6\u00f6nitamine, sirgendamine, lokitamine).<br \/>\nKahu kontrolliv koostis &#8211; koos vetikap\u00f5hise <span style=\"color: #666699;\"><em><strong>AlgaNord 5\u2122<\/strong><\/em><\/span> kompleksi, biotiini ja niatsiinamiidiga &#8211; parandavad juuste <strong>painduvust, pehmust ja s\u00e4ra ning<\/strong> muudab juuksed <strong>kergesti kammitavaks.<\/strong>. Kerge kuid t\u00f5husa toimega seerum <strong>parandab juuksekahjustusi<\/strong> siludes l\u00f5henenud juuksekutiikuleid ning aitab hoiduda pusade tekkest juustesse.<\/p>\n<ul>\n<li>Lisab juustele kohevust ja s\u00e4ra<\/li>\n<li>Parandab juuksekahjustused ja aitab hoiduda pusade tekkimisest<\/li>\n<li>Muudab juuksed kergesti kammitavaks<\/li>\n<li>Kaitseb juukseid kuumaga t\u00f6\u00f6tlemise eest<\/li>\n<li>Kerge koostisega, kiirelt imenduv<\/li>\n<li>Lisab juustele painduvust, pehmust<\/li>\n<li>Sisaldab vetikap\u00f5hist <span style=\"color: #666699;\"><em><strong>AlgaNord 5\u2122<\/strong><\/em><\/span> kompleksi, sh. biotiini, niatsiinamiidi<\/li>\n<li>On ohutu v\u00e4rvitud, sirgendatud ja keemiliselt t\u00f6\u00f6deldud juustele.<\/li>\n<\/ul>\n<p><strong>Ei sisalda:<\/strong> sulfaate SLS\/SLES, parabeene, alkoholi, ftalaate ega loomseid komponente.<br \/>\n<strong>Suurus:<\/strong> 100 ml<\/p>\n","protected":false},"featured_media":23193,"comment_status":"open","ping_status":"closed","template":"","meta":[],"product_brand":[],"product_cat":[392,387,53,50,394,615],"product_tag":[80,81,86],"class_list":{"0":"post-395","1":"product","2":"type-product","3":"status-publish","4":"has-post-thumbnail","6":"product_cat-oils-serums","7":"product_cat-lalga","8":"product_cat-seahair","9":"product_cat-sealight","10":"product_cat-styling","11":"product_cat-ilulemmikud","12":"product_tag-kahusust-vahendav","13":"product_tag-kohevust-lisav","14":"product_tag-sara-andev","16":"first","17":"instock","18":"taxable","19":"shipping-taxable","20":"purchasable","21":"product-type-simple"},"_links":{"self":[{"href":"https:\/\/lieliskimati.lv\/et\/wp-json\/wp\/v2\/product\/395","targetHints":{"allow":["GET"]}}],"collection":[{"href":"https:\/\/lieliskimati.lv\/et\/wp-json\/wp\/v2\/product"}],"about":[{"href":"https:\/\/lieliskimati.lv\/et\/wp-json\/wp\/v2\/types\/product"}],"replies":[{"embeddable":true,"href":"https:\/\/lieliskimati.lv\/et\/wp-json\/wp\/v2\/comments?post=395"}],"version-history":[{"count":1,"href":"https:\/\/lieliskimati.lv\/et\/wp-json\/wp\/v2\/product\/395\/revisions"}],"predecessor-version":[{"id":23192,"href":"https:\/\/lieliskimati.lv\/et\/wp-json\/wp\/v2\/product\/395\/revisions\/23192"}],"wp:featuredmedia":[{"embeddable":true,"href":"https:\/\/lieliskimati.lv\/et\/wp-json\/wp\/v2\/media\/23193"}],"wp:attachment":[{"href":"https:\/\/lieliskimati.lv\/et\/wp-json\/wp\/v2\/media?parent=395"}],"wp:term":[{"taxonomy":"product_brand","embeddable":true,"href":"https:\/\/lieliskimati.lv\/et\/wp-json\/wp\/v2\/product_brand?post=395"},{"taxonomy":"product_cat","embeddable":true,"href":"https:\/\/lieliskimati.lv\/et\/wp-json\/wp\/v2\/product_cat?post=395"},{"taxonomy":"product_tag","embeddable":true,"href":"https:\/\/lieliskimati.lv\/et\/wp-json\/wp\/v2\/product_tag?post=395"}],"curies":[{"name":"wp","href":"https:\/\/api.w.org\/{rel}","templated":true}]}}