{"id":394,"date":"2021-09-19T00:50:33","date_gmt":"2021-09-18T21:50:33","guid":{"rendered":"https:\/\/lieliskimati.lv\/toode\/lalga-sealight-voluumi-ja-tekstuurispray\/"},"modified":"2025-11-07T15:51:41","modified_gmt":"2025-11-07T12:51:41","slug":"lalga-sealight-spray","status":"publish","type":"product","link":"https:\/\/lieliskimati.lv\/et\/toode\/lalga-sealight-spray\/","title":{"rendered":"L\u2019Alga SEALIGHT VOLUME &#038; TEXTURE SPRAY"},"content":{"rendered":"<p><strong>KASUTAMINE<\/strong><\/p>\n<ul>\n<li>Raputage spray-pudelit hoolikalt enne kasutamist, et p\u00f5hja settivad koostisained \u00fchtlaselt jaotuks.<\/li>\n<li>Piserdage puhastele niisketele juustele keskendudes <strong>juuksejuurtele<\/strong>.<\/li>\n<li>F\u00f6\u00f6nitades suunake \u00f5huvool peanaha suunas &#8211; see tehnika loob koheselt juustesse lisamahtu.<\/li>\n<li>J\u00e4tke juustesse, \u00e4rge peske v\u00e4lja!<\/li>\n<li>Kerge Sealight vol\u00fc\u00fcmispray sobib ideaalselt ka soengu j\u00e4relviimistlemiseks. Piserdage spray\u00b4d ca 30 cm kauguselt otse kuivadele juustele \u2013 tekkiv \u201eudu\u201c loob juustele \u00f5rna kaitsekihi, mis kaitseb, annab juustele t\u00e4iendavat pehmust ja painduvust ning imelise s\u00e4ra juukseid raskeks muutmata.<\/li>\n<li>Parima tulemuse saavutad kui kombineerid omavahel L\u2019Alga sarja tooteid, sest nii t\u00e4iendavad erinevad toimeained teineteise m\u00f5ju ja tulemuseks on terved, s\u00e4ravad ja ilusad juuksed.<\/li>\n<\/ul>\n","protected":false},"excerpt":{"rendered":"<p>L\u2019Alga.SEALIGHT juustesse j\u00e4etav <strong>vol\u00fc\u00fcmi- ja tekstuuri<\/strong><strong>spray <\/strong>aitab saavutada pikemalt p\u00fcsiva kohevuse \u00f5hukestes, peene struktuuriga juustes. Lisab juustesse <strong>tekstuuri<\/strong>, mis aitab n\u00e4iteks <strong>lokkidel ja soengutel kauem p\u00fcsida<\/strong>.<\/p>\n<p>See v\u00f5imekas juuksespray <strong>parandab juuste kahjustused<\/strong> siludes katkisi juuksekutiikuleid ning <strong>annab sileda, pehme, kahuvaba ja s\u00e4rava l\u00f5pptulemuse<\/strong>. Lisaks <strong>kaitseb<\/strong> juukseid <strong>kuumaga t\u00f6\u00f6tlemise eest<\/strong>.<br \/>\nBoonuseks imeline L\u2019Alga signatuurl\u00f5hn, mis p\u00fcsib Su juustel 2-3 p\u00e4eva!<\/p>\n<ul>\n<li>Annab juustele kohevust ja tekstuuri, mis aitab soengutel kauem p\u00fcsida<\/li>\n<li>Tagab kahuvaba ning sileda l\u00f5pptulemuse<\/li>\n<li>Aitab hoiduda juustesse tekkivatest pusadest<\/li>\n<li>Pehmendab kahjustunud juuksekutiikuleid<\/li>\n<li>Kerge koostisega, ei tee juukseid raskeks<\/li>\n<li>Kaitseb juukseid kuumaga t\u00f6\u00f6tlemise eest<\/li>\n<li>Sisaldab vetikap\u00f5hist <em><strong>AlgaNord 5\u2122<\/strong><\/em> kompleksi, sh. biotiini, niatsiinamiidi<\/li>\n<li>On ohutu v\u00e4rvitud, sirgendatud ja keemiliselt t\u00f6\u00f6deldud juustele.<\/li>\n<\/ul>\n<p><strong>Ei sisalda:<\/strong> sulfaate SLS\/SLES, parabeene. alkoholi, ftalaate ega loomseid komponente.<br \/>\n<strong>Suurus:<\/strong> 125 ml<\/p>\n","protected":false},"featured_media":509,"comment_status":"open","ping_status":"closed","template":"","meta":[],"product_brand":[],"product_cat":[392,387,53,50,394],"product_tag":[81,83],"class_list":{"0":"post-394","1":"product","2":"type-product","3":"status-publish","4":"has-post-thumbnail","6":"product_cat-oils-serums","7":"product_cat-lalga","8":"product_cat-seahair","9":"product_cat-sealight","10":"product_cat-styling","11":"product_tag-kohevust-lisav","12":"product_tag-kuumakaitse","14":"first","15":"instock","16":"taxable","17":"shipping-taxable","18":"purchasable","19":"product-type-simple"},"_links":{"self":[{"href":"https:\/\/lieliskimati.lv\/et\/wp-json\/wp\/v2\/product\/394","targetHints":{"allow":["GET"]}}],"collection":[{"href":"https:\/\/lieliskimati.lv\/et\/wp-json\/wp\/v2\/product"}],"about":[{"href":"https:\/\/lieliskimati.lv\/et\/wp-json\/wp\/v2\/types\/product"}],"replies":[{"embeddable":true,"href":"https:\/\/lieliskimati.lv\/et\/wp-json\/wp\/v2\/comments?post=394"}],"version-history":[{"count":0,"href":"https:\/\/lieliskimati.lv\/et\/wp-json\/wp\/v2\/product\/394\/revisions"}],"wp:featuredmedia":[{"embeddable":true,"href":"https:\/\/lieliskimati.lv\/et\/wp-json\/wp\/v2\/media\/509"}],"wp:attachment":[{"href":"https:\/\/lieliskimati.lv\/et\/wp-json\/wp\/v2\/media?parent=394"}],"wp:term":[{"taxonomy":"product_brand","embeddable":true,"href":"https:\/\/lieliskimati.lv\/et\/wp-json\/wp\/v2\/product_brand?post=394"},{"taxonomy":"product_cat","embeddable":true,"href":"https:\/\/lieliskimati.lv\/et\/wp-json\/wp\/v2\/product_cat?post=394"},{"taxonomy":"product_tag","embeddable":true,"href":"https:\/\/lieliskimati.lv\/et\/wp-json\/wp\/v2\/product_tag?post=394"}],"curies":[{"name":"wp","href":"https:\/\/api.w.org\/{rel}","templated":true}]}}