{"id":393,"date":"2021-09-19T00:50:33","date_gmt":"2021-09-18T21:50:33","guid":{"rendered":"https:\/\/lieliskimati.lv\/toode\/lalga-sealight-voluumi-andev-juuksemask\/"},"modified":"2025-11-07T15:51:29","modified_gmt":"2025-11-07T12:51:29","slug":"lalga-sealight-mask","status":"publish","type":"product","link":"https:\/\/lieliskimati.lv\/et\/toode\/lalga-sealight-mask\/","title":{"rendered":"L\u2019Alga SEALIGHT VOLUME HAIR MASK"},"content":{"rendered":"<p><strong>KASUTAMINE<\/strong><\/p>\n<ul>\n<li>Enne maski pealekandmist peske juukseid keskmisest soojema veega. Soe vesi avab juuksekutiikulid ning juuksed imavad endasse seel\u00e4bi paremini nii niiskust kui ka ravivaid komponente.<\/li>\n<li>Kandke m\u00e4rgadele juustele peale \u0161ampoonitamist.<\/li>\n<li>Laske v\u00e4hemalt 2-3 minutit m\u00f5juda ning peske leige veega v\u00e4lja.<\/li>\n<li>Mida kauem juuksemaski peas hoiate, seda parem! Kasv\u00f5i \u00fcle\u00f6\u00f6!<\/li>\n<li>Parima tulemuse saavutate kui kombineerid omavahel L\u2019Alga sarja tooteid, sest nii t\u00e4iendavad erinevad toimeained teineteise m\u00f5ju ja tulemuseks on terved, s\u00e4ravad ja ilusad juuksed.<\/li>\n<\/ul>\n","protected":false},"excerpt":{"rendered":"<p>L\u2019Alga.SEALIGHT <strong>vol\u00fc\u00fcmi andev<\/strong> juuksemask <strong>\u00f5hukestele ja peene struktuuriga juustele<\/strong>. <strong>Taastab<\/strong> juuste <strong>niiskustaseme<\/strong>, <strong>pehmendab juuksekutiikuleid<\/strong> ning<strong> lisab s\u00e4ra<\/strong>.<\/p>\n<p>Sisaldab teaduslikult t\u00f5estatud vetikap\u00f5hist kompleksi <em><strong>AlgaNord 5\u2122 <\/strong><\/em>, sh. <strong>biotiini ja niatsiinamiidi<\/strong>, mis <strong>parandavad kahjustused<\/strong> niisutades ja toites s\u00fcgavuti juuksekutiikuleid ning stimuleerivad peanaha mikrovereringet.<br \/>\nKerge koostis annab juustele <strong>pikemalt p\u00fcsiva vol\u00fc\u00fcmi<\/strong>, elavdab v\u00e4sinud juukseid ning aitab <strong>kontrollida kahusust<\/strong>. Juuksed on s\u00e4ravad ning tunduvad t\u00e4idlasemad.<br \/>\nBoonuseks imeline L\u2019Alga signatuurl\u00f5hn, mis p\u00fcsib Su juustel 2-3 p\u00e4eva!<\/p>\n<ul>\n<li>Parandab kahjustatud juukseid<\/li>\n<li>Taastab juuste niiskustaseme<\/li>\n<li>Silub l\u00f5henenud juuksekutiikuleid<\/li>\n<li>Lisab juustele mahtu ja vol\u00fc\u00fcmi<\/li>\n<li>Turgutab tuhme juukseid ning lisab s\u00e4ra<\/li>\n<li>Kontrollib kahusust<\/li>\n<li>Kerge koostisega, ei tee juukseid raskeks<\/li>\n<li>Sisaldab vetikap\u00f5hist <span style=\"color: #666699;\"><em><strong>AlgaNord 5\u2122<\/strong><\/em><\/span> kompleksi, sh. biotiini, niatsiinamiidi, kastoor\u00f5li ning 9 intensiivselt niisutavat komponenti<\/li>\n<li>On ohutu v\u00e4rvitud, sirgendatud ja keemiliselt t\u00f6\u00f6deldud juustele.<\/li>\n<li>pH 3,8 &#8211; 4,8<\/li>\n<\/ul>\n<p><strong>Ei sisalda:<\/strong> sulfaate SLS\/SLES, parabeene, ftalaate ega loomseid komponente.<br \/>\n<strong>Suurused:<\/strong> 100ml, 250 ml<\/p>\n","protected":false},"featured_media":503,"comment_status":"open","ping_status":"closed","template":"","meta":[],"product_brand":[],"product_cat":[391,387,50],"product_tag":[80,81,77],"class_list":{"0":"post-393","1":"product","2":"type-product","3":"status-publish","4":"has-post-thumbnail","6":"product_cat-hair-masks","7":"product_cat-lalga","8":"product_cat-sealight","9":"product_tag-kahusust-vahendav","10":"product_tag-kohevust-lisav","11":"product_tag-niisutav","13":"first","14":"instock","15":"taxable","16":"shipping-taxable","17":"purchasable","18":"product-type-variable","19":"has-default-attributes"},"_links":{"self":[{"href":"https:\/\/lieliskimati.lv\/et\/wp-json\/wp\/v2\/product\/393","targetHints":{"allow":["GET"]}}],"collection":[{"href":"https:\/\/lieliskimati.lv\/et\/wp-json\/wp\/v2\/product"}],"about":[{"href":"https:\/\/lieliskimati.lv\/et\/wp-json\/wp\/v2\/types\/product"}],"replies":[{"embeddable":true,"href":"https:\/\/lieliskimati.lv\/et\/wp-json\/wp\/v2\/comments?post=393"}],"version-history":[{"count":0,"href":"https:\/\/lieliskimati.lv\/et\/wp-json\/wp\/v2\/product\/393\/revisions"}],"wp:featuredmedia":[{"embeddable":true,"href":"https:\/\/lieliskimati.lv\/et\/wp-json\/wp\/v2\/media\/503"}],"wp:attachment":[{"href":"https:\/\/lieliskimati.lv\/et\/wp-json\/wp\/v2\/media?parent=393"}],"wp:term":[{"taxonomy":"product_brand","embeddable":true,"href":"https:\/\/lieliskimati.lv\/et\/wp-json\/wp\/v2\/product_brand?post=393"},{"taxonomy":"product_cat","embeddable":true,"href":"https:\/\/lieliskimati.lv\/et\/wp-json\/wp\/v2\/product_cat?post=393"},{"taxonomy":"product_tag","embeddable":true,"href":"https:\/\/lieliskimati.lv\/et\/wp-json\/wp\/v2\/product_tag?post=393"}],"curies":[{"name":"wp","href":"https:\/\/api.w.org\/{rel}","templated":true}]}}