{"id":392,"date":"2021-09-19T00:50:33","date_gmt":"2021-09-18T21:50:33","guid":{"rendered":"https:\/\/lieliskimati.lv\/toode\/lalga-seanord5-sara-andev-juukseoli\/"},"modified":"2025-11-07T15:51:20","modified_gmt":"2025-11-07T12:51:20","slug":"lalga-seanord5","status":"publish","type":"product","link":"https:\/\/lieliskimati.lv\/et\/toode\/lalga-seanord5\/","title":{"rendered":"L\u2019Alga SEANORD5 SHINE OIL"},"content":{"rendered":"<p><strong>KASUTAMINE<\/strong><\/p>\n<ul>\n<li>Lisage 2-3 pumbat\u00e4it \u00f5li kas niisketele juustele enne f\u00f6\u00f6nitamist kaitsmaks juukseid kuumaga t\u00f6\u00f6tlemise eest v\u00f5i juba kuivadele juustele peale f\u00f6\u00f6nitamist.<\/li>\n<li>Keskenduge juukse\u00f5li kandmisel juukseotstele ja pikkusele.<\/li>\n<li>\u00c4rge peske v\u00e4lja, j\u00e4tke juukse\u00f5li p\u00e4he.<\/li>\n<\/ul>\n","protected":false},"excerpt":{"rendered":"<p><strong>L\u00b4Alga.SEANORD5<\/strong> <strong>s\u00e4ra andev<\/strong> ja <strong>juukseotsi parandav<\/strong> juukse\u00f5li on lihtsalt <strong>imeline!<\/strong><br \/>\nSee on ideaalne stiliseerimis- ja viimistlustoode, mis sobib k\u00f5igile juukset\u00fc\u00fcpidele: pehmendab kuivi ja kahjustatud juukseid, niisutab, kaitseb ja annab imelise s\u00e4ra.<\/p>\n<p>T\u00e4nu teaduslikult t\u00f5estatud vetikaekstraktide kompleksile\u00a0AlgaNord 5<em><strong>\u2122 <\/strong><\/em>sisaldab juukse\u00f5li <strong>niisutavaid rekonstrueerivaid koostisaineid<\/strong>, mis toetavad juuste tervist, annavad l\u00e4iget ja teevad juuksed siidiselt pehmeks. S\u00e4ra\u00f5li <strong>sulgeb katkenud juukseotsad<\/strong> ning <strong>katab need kaitsva kihiga<\/strong>. Juukse\u00f5li <strong>pehmendab juukseid<\/strong>, niisutab ning kaitseb kuumaga t\u00f6\u00f6tlemise ja UV-kiirguse eest.<\/p>\n<p>NB: L\u2019Alga juukse\u00f5li sobib ideaalselt blondidele juustele, sest on toonilt <strong>l\u00e4bipaistev <\/strong>ning\u00a0<strong>ei tekita<\/strong>\u00a0blondidesse juustesse\u00a0<strong>sooje varjundeid<\/strong>!<\/p>\n<ul>\n<li>Annab juustele pehmust ja s\u00e4ra<\/li>\n<li>Kaitseb juukseid kuumaga t\u00f6\u00f6tlemise\/stiliseerimise eest<\/li>\n<li>Kaitseb juukseid p\u00e4ikese, ehk UV-kiirguse eest<\/li>\n<li>Sulgeb l\u00f5henenud juukseotsad<\/li>\n<li>On kiiresti imenduv ning ei kleepu, tagab sileda ja elastse l\u00f5pptulemuse<\/li>\n<li>\u00d5li on toonilt l\u00e4bipaistev, seega ei tekita blondidesse juustesse sooje varjundeid<\/li>\n<li>Sisaldab teaduslikult t\u00f5estatud vetikaekstraktide kompleksi\u00a0AlgaNord 5<em><strong>\u2122<\/strong><\/em><\/li>\n<li>On ohutu v\u00e4rvitud, sirgendatud ja keemiliselt t\u00f6\u00f6deldud juustele<\/li>\n<\/ul>\n<p><strong>Ei sisalda:<\/strong> sulfaate SLS\/SLES, parabeene, alkoholi, ftalaate ega loomseid komponente.<br \/>\n<strong>Suurus:<\/strong> 85 ml<\/p>\n","protected":false},"featured_media":17995,"comment_status":"open","ping_status":"closed","template":"","meta":[],"product_brand":[],"product_cat":[392,393,387,520,53,394,436],"product_tag":[80,84,86],"class_list":{"0":"post-392","1":"product","2":"type-product","3":"status-publish","4":"has-post-thumbnail","6":"product_cat-oils-serums","7":"product_cat-heat-protectors","8":"product_cat-lalga","9":"product_cat-paike","10":"product_cat-seahair","11":"product_cat-styling","12":"product_cat-gifts","13":"product_tag-kahusust-vahendav","14":"product_tag-parandav","15":"product_tag-sara-andev","17":"first","18":"instock","19":"taxable","20":"shipping-taxable","21":"purchasable","22":"product-type-simple"},"_links":{"self":[{"href":"https:\/\/lieliskimati.lv\/et\/wp-json\/wp\/v2\/product\/392","targetHints":{"allow":["GET"]}}],"collection":[{"href":"https:\/\/lieliskimati.lv\/et\/wp-json\/wp\/v2\/product"}],"about":[{"href":"https:\/\/lieliskimati.lv\/et\/wp-json\/wp\/v2\/types\/product"}],"replies":[{"embeddable":true,"href":"https:\/\/lieliskimati.lv\/et\/wp-json\/wp\/v2\/comments?post=392"}],"version-history":[{"count":0,"href":"https:\/\/lieliskimati.lv\/et\/wp-json\/wp\/v2\/product\/392\/revisions"}],"wp:featuredmedia":[{"embeddable":true,"href":"https:\/\/lieliskimati.lv\/et\/wp-json\/wp\/v2\/media\/17995"}],"wp:attachment":[{"href":"https:\/\/lieliskimati.lv\/et\/wp-json\/wp\/v2\/media?parent=392"}],"wp:term":[{"taxonomy":"product_brand","embeddable":true,"href":"https:\/\/lieliskimati.lv\/et\/wp-json\/wp\/v2\/product_brand?post=392"},{"taxonomy":"product_cat","embeddable":true,"href":"https:\/\/lieliskimati.lv\/et\/wp-json\/wp\/v2\/product_cat?post=392"},{"taxonomy":"product_tag","embeddable":true,"href":"https:\/\/lieliskimati.lv\/et\/wp-json\/wp\/v2\/product_tag?post=392"}],"curies":[{"name":"wp","href":"https:\/\/api.w.org\/{rel}","templated":true}]}}