{"id":391,"date":"2021-09-19T00:50:32","date_gmt":"2021-09-18T21:50:32","guid":{"rendered":"https:\/\/lieliskimati.lv\/toode\/lalga-sealver-seerum-blondidele-juustele\/"},"modified":"2025-11-07T15:53:11","modified_gmt":"2025-11-07T12:53:11","slug":"lalga-sealver-serum","status":"publish","type":"product","link":"https:\/\/lieliskimati.lv\/et\/toode\/lalga-sealver-serum\/","title":{"rendered":"L&#8217;Alga SEALVER SERUM"},"content":{"rendered":"<p><strong>KASUTAMINE<\/strong><\/p>\n<ul>\n<li>Raputage seerumipudelit hoolikalt enne kasutamist \u2013 aktiivsed toimeained kipuvad p\u00f5hja ladestuma ning nii tagad nende \u00fchtlase jaotumise.<\/li>\n<li>Kandke peale juuste pesu r\u00e4tikukuivadele\/niisketele juustele, kammige juuste kogupikkuses l\u00e4bi ning j\u00e4tkake stiliseerimisega.<\/li>\n<li>J\u00e4tke seerum juustesse, \u00e4rge peske seda v\u00e4lja.<\/li>\n<li>Parima tulemuse saavutate koos <strong><em>SEALVER \u0161ampooni<\/em><\/strong>\u00a0ning\u00a0<strong><em>SEALVER\u00a0<\/em>juuksemaskiga<\/strong>.<\/li>\n<li>Sealver seerum sobib kasutamiseks nii enne kui ka p\u00e4rast f\u00f6\u00f6nitamist.<\/li>\n<\/ul>\n","protected":false},"excerpt":{"rendered":"<p data-start=\"978\" data-end=\"1169\">Sealver seerum on kontsentreeritud viimistlusseerum, mis lisab juustele\u00a0<strong data-start=\"1079\" data-end=\"1110\">l\u00e4iget, pehmust ja libedust<\/strong>, aidates samal ajal\u00a0<strong data-start=\"1131\" data-end=\"1166\">ennetada juukseotste l\u00f5henemist.\u00a0<\/strong>T\u00e4nu\u00a0<strong data-start=\"1181\" data-end=\"1245\">kuumuskaitsvatele ja UV-filtrit sisaldavatele koostisosadele<\/strong>\u00a0aitab seerum kaitsta juukseid f\u00f6\u00f6nitamise, sirgendamise ning p\u00e4ikesekiirguse kahjuliku m\u00f5ju eest.<\/p>\n<p data-start=\"1352\" data-end=\"1509\">Seerum sisaldab\u00a0<strong data-start=\"1367\" data-end=\"1429\">v\u00e4rvikaitset toetavaid antioks\u00fcdante ja AlgaNord 5\u2122 vetikaekstraktide kompleksi<\/strong>, mis aitavad\u00a0<strong data-start=\"1443\" data-end=\"1476\">s\u00e4ilitada juuksev\u00e4rvi\u00a0 erksust<\/strong>\u00a0ja v\u00e4hendada selle pleekimist. L\u00e4bipaistva tooniga seerum ei lisa blondidele juustele kollakat varjundit ja sobib suurep\u00e4raselt ka\u00a0<strong data-start=\"1696\" data-end=\"1735\">heledatele v\u00f5i pleegitatud juustele<\/strong>.<\/p>\n<p data-start=\"1654\" data-end=\"1754\"><strong data-start=\"1654\" data-end=\"1666\">Tulemus:<\/strong>\u00a0juuksed on\u00a0<strong data-start=\"1678\" data-end=\"1720\">kaitstud, s\u00e4ravad ja siidiselt siledad<\/strong>\u00a0\u2013 justkui p\u00e4rast salongihooldust.<\/p>\n<ul>\n<li>Kuivadele ja kahustele juustele, mis vajavad\u00a0<strong data-start=\"1413\" data-end=\"1440\">lisaniiskust ja kaitset<\/strong><\/li>\n<li>Lisab pehmust, elastsust, s\u00e4ra ja ennetab juukseotste l\u00f5henemist<\/li>\n<li>Kaitseb kuumaga t\u00f6\u00f6tlemise (kuni ~200\u202f\u00b0C) ja UV-kiirguse eest<\/li>\n<li>Sisaldab vetikap\u00f5hist teaduslikult t\u00f5estatud vetikaekstraktide kompleksi\u00a0AlgaNord 5\u2122<\/li>\n<li>Ei j\u00e4ta blondidele juustele kollakaid varjundeid<\/li>\n<\/ul>\n<p><strong>Ei sisalda:<\/strong> Sulfaate SLS\/SLES, parabeene, alkoholi ega loomseid komponente.<br \/>\n<strong>Suurus:<\/strong> 100 ml<\/p>\n","protected":false},"featured_media":543,"comment_status":"open","ping_status":"closed","template":"","meta":[],"product_brand":[],"product_cat":[392,397,393,387,520,53,51,394],"product_tag":[77,86,88],"class_list":{"0":"post-391","1":"product","2":"type-product","3":"status-publish","4":"has-post-thumbnail","6":"product_cat-oils-serums","7":"product_cat-toning","8":"product_cat-heat-protectors","9":"product_cat-lalga","10":"product_cat-paike","11":"product_cat-seahair","12":"product_cat-sealver","13":"product_cat-styling","14":"product_tag-niisutav","15":"product_tag-sara-andev","16":"product_tag-varvi-kaitsev","18":"first","19":"instock","20":"taxable","21":"shipping-taxable","22":"purchasable","23":"product-type-simple"},"_links":{"self":[{"href":"https:\/\/lieliskimati.lv\/et\/wp-json\/wp\/v2\/product\/391","targetHints":{"allow":["GET"]}}],"collection":[{"href":"https:\/\/lieliskimati.lv\/et\/wp-json\/wp\/v2\/product"}],"about":[{"href":"https:\/\/lieliskimati.lv\/et\/wp-json\/wp\/v2\/types\/product"}],"replies":[{"embeddable":true,"href":"https:\/\/lieliskimati.lv\/et\/wp-json\/wp\/v2\/comments?post=391"}],"version-history":[{"count":0,"href":"https:\/\/lieliskimati.lv\/et\/wp-json\/wp\/v2\/product\/391\/revisions"}],"wp:featuredmedia":[{"embeddable":true,"href":"https:\/\/lieliskimati.lv\/et\/wp-json\/wp\/v2\/media\/543"}],"wp:attachment":[{"href":"https:\/\/lieliskimati.lv\/et\/wp-json\/wp\/v2\/media?parent=391"}],"wp:term":[{"taxonomy":"product_brand","embeddable":true,"href":"https:\/\/lieliskimati.lv\/et\/wp-json\/wp\/v2\/product_brand?post=391"},{"taxonomy":"product_cat","embeddable":true,"href":"https:\/\/lieliskimati.lv\/et\/wp-json\/wp\/v2\/product_cat?post=391"},{"taxonomy":"product_tag","embeddable":true,"href":"https:\/\/lieliskimati.lv\/et\/wp-json\/wp\/v2\/product_tag?post=391"}],"curies":[{"name":"wp","href":"https:\/\/api.w.org\/{rel}","templated":true}]}}