{"id":390,"date":"2021-09-19T00:50:32","date_gmt":"2021-09-18T21:50:32","guid":{"rendered":"https:\/\/lieliskimati.lv\/toode\/lalga-sealver-juuksemask-blondidele-juustele\/"},"modified":"2025-11-07T15:53:01","modified_gmt":"2025-11-07T12:53:01","slug":"lalga-sealver-mask","status":"publish","type":"product","link":"https:\/\/lieliskimati.lv\/et\/toode\/lalga-sealver-mask\/","title":{"rendered":"L&#8217;Alga SEALVER HAIR MASK"},"content":{"rendered":"<p><strong>KASUTAMINE<\/strong><\/p>\n<ul>\n<li>Kandke peale \u0161ampoonitamist kogu pikkuses m\u00e4rgadele juustele (kammige juurtest otsteni, et juuksemask \u00fchtlaselt jaotuks).<\/li>\n<li>Hoidke juustes ca 3-5 minutit ning loputage v\u00e4lja.<br \/>\nJuustel hoidmise aeg p\u00f5hineb Su juuste seisukorral. Hinda millist t\u00fc\u00fcpi blondid juuksed Sul on (soe blond, plaatinablond, h\u00f5behallid), milliseid t\u00f6\u00f6tlusi Su juustele on tehtud (v\u00e4rvitud, blondeeritud, triibutatud vms) ning oma <span style=\"color: #666699;\">juukset\u00fc\u00fcpi<\/span>. Kui Sa ei ei oska t\u00e4pselt oma juuste seisukorda hinnata, siis hoia \u0161ampooni juustel pigem l\u00fchemat aega.<\/li>\n<li>Kasutage kindaid k\u00e4te kaitsmiseks v\u00e4rvipigmendi eest.<\/li>\n<li>Parima tulemuse saavutate koos <em><strong>SEALVER \u0161ampooni<\/strong><\/em>\u00a0ning\u00a0<strong><em>SEALVER seerumiga<\/em><\/strong>.<\/li>\n<\/ul>\n","protected":false},"excerpt":{"rendered":"<p>L&#8217;Alga.SEALVER <strong>taastav ja niisutav juuksemask <\/strong>on loodud <strong>neutraliseerima kollaseid, vaskseid ja sooje toone<\/strong> blondides, blondeeritud, triibutatud\/salgutatud ning h\u00f5behallides juustes.<br \/>\nSEALVER juuksemask<strong> toidab ja niisutab juukseid s\u00fcgavuti<\/strong>, aitab iga kasutuskorraga <strong>taastada \u00fclet\u00f6\u00f6deldud juuste<\/strong> hea seisukorra, suurendades juuste <strong>pehmust<\/strong> ning <strong>elastsust<\/strong>.<br \/>\nJuuksemask <strong>taastab kahjustunud juuksekiude ja kutiikuleid <\/strong>ning aitab saavutada <strong>s\u00e4rava, terve<\/strong> ning<strong> kahuvaba<\/strong> tulemuse.<\/p>\n<ul>\n<li>Neutraliseerib kollased, vasksed ja soojad toonid<\/li>\n<li>Taastab niiskuse, sisaldab 9 erinevat intensiivselt niisutavat komponenti<\/li>\n<li>Toidab s\u00fcgavuti<\/li>\n<li>Lisab pehmust ja elastsust<\/li>\n<li>Taastab \u00fclet\u00f6\u00f6deldud juuste hea seisukorra<\/li>\n<li>Pehmendab, silub, aitab v\u00e4ltida pusade teket ning muudab juuksed kergesti kammitavaks<\/li>\n<li>Sisaldab vetikap\u00f5hist teaduslikult t\u00f5estatud vetikap\u00f5hist <span style=\"color: #800080;\"><strong>AlgaNord 5\u2122 <\/strong><\/span>\u00a0kompleksi, sh. biotiini ja niatsiinamiidi<\/li>\n<li>On ohutu v\u00e4rvitud, sirgendatud ja keemliselt t\u00f6\u00f6deldud juustele<\/li>\n<\/ul>\n<p><strong>Ei sisalda:<\/strong> sulfaate SLS\/SLES, parabeene, ftalaate ega loomseid komponente.<br \/>\n<strong>Suurus:<\/strong> 250 ml<\/p>\n","protected":false},"featured_media":540,"comment_status":"open","ping_status":"closed","template":"","meta":[],"product_brand":[],"product_cat":[391,397,387,51],"product_tag":[77,88],"class_list":{"0":"post-390","1":"product","2":"type-product","3":"status-publish","4":"has-post-thumbnail","6":"product_cat-hair-masks","7":"product_cat-toning","8":"product_cat-lalga","9":"product_cat-sealver","10":"product_tag-niisutav","11":"product_tag-varvi-kaitsev","13":"first","14":"instock","15":"taxable","16":"shipping-taxable","17":"purchasable","18":"product-type-simple"},"_links":{"self":[{"href":"https:\/\/lieliskimati.lv\/et\/wp-json\/wp\/v2\/product\/390","targetHints":{"allow":["GET"]}}],"collection":[{"href":"https:\/\/lieliskimati.lv\/et\/wp-json\/wp\/v2\/product"}],"about":[{"href":"https:\/\/lieliskimati.lv\/et\/wp-json\/wp\/v2\/types\/product"}],"replies":[{"embeddable":true,"href":"https:\/\/lieliskimati.lv\/et\/wp-json\/wp\/v2\/comments?post=390"}],"version-history":[{"count":0,"href":"https:\/\/lieliskimati.lv\/et\/wp-json\/wp\/v2\/product\/390\/revisions"}],"wp:featuredmedia":[{"embeddable":true,"href":"https:\/\/lieliskimati.lv\/et\/wp-json\/wp\/v2\/media\/540"}],"wp:attachment":[{"href":"https:\/\/lieliskimati.lv\/et\/wp-json\/wp\/v2\/media?parent=390"}],"wp:term":[{"taxonomy":"product_brand","embeddable":true,"href":"https:\/\/lieliskimati.lv\/et\/wp-json\/wp\/v2\/product_brand?post=390"},{"taxonomy":"product_cat","embeddable":true,"href":"https:\/\/lieliskimati.lv\/et\/wp-json\/wp\/v2\/product_cat?post=390"},{"taxonomy":"product_tag","embeddable":true,"href":"https:\/\/lieliskimati.lv\/et\/wp-json\/wp\/v2\/product_tag?post=390"}],"curies":[{"name":"wp","href":"https:\/\/api.w.org\/{rel}","templated":true}]}}