{"id":389,"date":"2021-09-19T00:50:32","date_gmt":"2021-09-18T21:50:32","guid":{"rendered":"https:\/\/lieliskimati.lv\/toode\/lalga-sealver-sampoon-blondidele-juustele\/"},"modified":"2025-11-07T15:52:58","modified_gmt":"2025-11-07T12:52:58","slug":"lalga-sealver-shampoo","status":"publish","type":"product","link":"https:\/\/lieliskimati.lv\/et\/toode\/lalga-sealver-shampoo\/","title":{"rendered":"L&#8217;Alga SEALVER SHAMPOO"},"content":{"rendered":"<p><strong>KASUTAMINE<\/strong><\/p>\n<ul>\n<li>Raputa \u0161ampoonipudelit hoolikalt enne kasutamist \u2013 aktiivsed toimeained kipuvad p\u00f5hja ladestuma ning nii tagad nende \u00fchtlase jaotumise.<\/li>\n<li>Kandke \u0161ampoon m\u00e4rgadele juustele, masseerige peanahale ja juustesse, oodake ca 3-5 minutit ning loputage v\u00e4lja (NB: kui Sa ei ei oska t\u00e4pselt oma juuste seisukorda hinnata, siis hoia \u0161ampooni juustel pigem l\u00fchemat aega).<\/li>\n<li>Kasutage vajadusel kindaid k\u00e4te kaitsmiseks v\u00e4rvipigmendi eest.<\/li>\n<li>J\u00e4tka juuksehooldust\u00a0<em><strong><span style=\"color: #666699;\">SEALVER juuksemaskiga<\/span><\/strong><\/em> ning viimistle l\u00f5pptulemus <span style=\"color: #666699;\"><strong><em>SEALVER seerumiga.<\/em><\/strong><\/span><\/li>\n<\/ul>\n","protected":false},"excerpt":{"rendered":"<p>Kauni ja s\u00e4rava blondi v\u00e4rvitooni hoidmine ja juuste niiskustasakaalu s\u00e4ilitamine on keeruline ning n\u00f5uab hoolikalt valitud juuksehooldusvahendeid.<br \/>\nL&#8217;Alga.SEALVER on spetsiaalselt blondidele ja hallidele juustele m\u00f5eldud \u0161ampoon, mis <strong>aitab s\u00e4ilitada<\/strong> heledate juuste <strong>kauni v\u00e4rvi,<\/strong> samaaegselt <strong>niisutades ning taastades juuste elastsuse.<\/strong><br \/>\nSee noorendav \u0161ampoon \u00fchendab pigmendid niisutavate taastavate koostisainetega eesm\u00e4rgiga puhastada ja <strong>neutraliseerida kollaseid, vaskseid ja sooje toone<\/strong> blondides, blondeeritud, triibutatud\/salgutatud ning hallides juustes. Sealver \u0161ampoon elustab tuhmuma kippuvad plaatinatoonid, <strong>taastab niiskuse ning suurendab juuste pehmust ja elastsust.<\/strong><\/p>\n<ul>\n<li>Neutraliseerib kollased ja soojad toonid<\/li>\n<li>Taastab niiskuse, sisaldab 5 erinevat intensiivselt niisutavat komponenti<\/li>\n<li>Lisab pehmust ja elastsust<\/li>\n<li>Sisaldab teaduslikult t\u00f5estatud vetikap\u00f5hist <em><span style=\"color: #800080;\"><strong>AlgaNord 5\u2122 <\/strong><\/span><\/em>kompleksi, sh. biotiini ja niatsiinamiidi<\/li>\n<li>On ohutu v\u00e4rvitud, sirgendatud ja keemliselt t\u00f6\u00f6deldud juustele<\/li>\n<\/ul>\n<p><strong>Ei sisalda:<\/strong> sulfaate SLS\/SLES, parabeene, ftalaate ega loomseid komponente.<br \/>\n<strong>Suurus:<\/strong>\u00a0250ml<\/p>\n","protected":false},"featured_media":546,"comment_status":"open","ping_status":"closed","template":"","meta":[],"product_brand":[],"product_cat":[397,387,389,51],"product_tag":[77,88],"class_list":{"0":"post-389","1":"product","2":"type-product","3":"status-publish","4":"has-post-thumbnail","6":"product_cat-toning","7":"product_cat-lalga","8":"product_cat-shampoos","9":"product_cat-sealver","10":"product_tag-niisutav","11":"product_tag-varvi-kaitsev","13":"first","14":"instock","15":"taxable","16":"shipping-taxable","17":"purchasable","18":"product-type-simple"},"_links":{"self":[{"href":"https:\/\/lieliskimati.lv\/et\/wp-json\/wp\/v2\/product\/389","targetHints":{"allow":["GET"]}}],"collection":[{"href":"https:\/\/lieliskimati.lv\/et\/wp-json\/wp\/v2\/product"}],"about":[{"href":"https:\/\/lieliskimati.lv\/et\/wp-json\/wp\/v2\/types\/product"}],"replies":[{"embeddable":true,"href":"https:\/\/lieliskimati.lv\/et\/wp-json\/wp\/v2\/comments?post=389"}],"version-history":[{"count":0,"href":"https:\/\/lieliskimati.lv\/et\/wp-json\/wp\/v2\/product\/389\/revisions"}],"wp:featuredmedia":[{"embeddable":true,"href":"https:\/\/lieliskimati.lv\/et\/wp-json\/wp\/v2\/media\/546"}],"wp:attachment":[{"href":"https:\/\/lieliskimati.lv\/et\/wp-json\/wp\/v2\/media?parent=389"}],"wp:term":[{"taxonomy":"product_brand","embeddable":true,"href":"https:\/\/lieliskimati.lv\/et\/wp-json\/wp\/v2\/product_brand?post=389"},{"taxonomy":"product_cat","embeddable":true,"href":"https:\/\/lieliskimati.lv\/et\/wp-json\/wp\/v2\/product_cat?post=389"},{"taxonomy":"product_tag","embeddable":true,"href":"https:\/\/lieliskimati.lv\/et\/wp-json\/wp\/v2\/product_tag?post=389"}],"curies":[{"name":"wp","href":"https:\/\/api.w.org\/{rel}","templated":true}]}}