{"id":388,"date":"2021-09-19T00:50:32","date_gmt":"2021-09-18T21:50:32","guid":{"rendered":"https:\/\/lieliskimati.lv\/toode\/lalga-sealight-voluumisampoon\/"},"modified":"2026-05-14T21:11:54","modified_gmt":"2026-05-14T18:11:54","slug":"lalga-sealight-shampoo","status":"publish","type":"product","link":"https:\/\/lieliskimati.lv\/et\/toode\/lalga-sealight-shampoo\/","title":{"rendered":"L&#8217;Alga SEALIGHT VOLUME SHAMPOO"},"content":{"rendered":"<p><strong>KASUTAMINE:<\/strong><\/p>\n<ul>\n<li>Raputage \u0161ampoonipudelit hoolikalt enne kasutamist \u2013 aktiivsed toimeained kipuvad p\u00f5hja ladestuma ning nii tagad nende \u00fchtlase jaotumise.<\/li>\n<li>Kandke m\u00e4rgadele juustele, masseeri juuksejuurtele ja peanahale.<\/li>\n<li>Soovitame juukseid \u0161ampooniga pesta 2 korda. Esimene pesu eemaldab mustuse, surnud naharakud ja liigse rasu peanahalt. Teine pesu puhastab juuksed ja aitab parandavatel-toitvatel komponentidel levida ja oma t\u00f6\u00f6d teha. PS: \u0161ampoon vahutab tavap\u00e4rasest v\u00e4hem, sest ei sisalda sulfaate SLS\/SLES.<\/li>\n<li>Oodake 1-2 minutit ning peske leige veega v\u00e4lja.<\/li>\n<li>Parima tulemuse saavutad kombineerides omavahel L\u2019Alga sarja tooteid, sest nii t\u00e4iendavad erinevad toimeained teineteise m\u00f5ju ja tulemuseks on terved, s\u00e4ravad ja ilusad juuksed.<\/li>\n<\/ul>\n","protected":false},"excerpt":{"rendered":"<p>Kui Sul on \u00f5hukesed ja peene struktuuriga juuksed, siis L&#8217;Alga.SEALIGHT seeria on t\u00e4pselt see, mida igap\u00e4evaseks juuksehoolduseks vajad.<br \/>\nL&#8217;Alga.SEALIGHT on <strong>vol\u00fc\u00fcmi\u0161ampoon \u00f5hukestele ja peene struktuuriga juustele<\/strong>. Kerge koostisega kohevust lisav \u0161ampoon <strong>puhastab \u00f5rnalt<\/strong> juukseid ja peanahka, loomulikku rasu eemaldamata. \u0160ampoon <strong>taastab<\/strong> juuste <strong>niiskuse<\/strong> ja <strong>pehmuse<\/strong> ning aitab saavutada <strong>kahuvaba tulemuse<\/strong>.<br \/>\nBoonuseks imeline L\u2019Alga signatuurl\u00f5hn, mis p\u00fcsib Su juustel 2-3 p\u00e4eva!<\/p>\n<ul>\n<li>Sobib k\u00f5igile \u00f5hukestele ja peene struktuuriga juustele<\/li>\n<li>Puhastab \u00f5rnalt peanahka ja juukseid ilma loomulikku rasu eemaldamata<\/li>\n<li>Annab juustele vol\u00fc\u00fcmi, mahtu<\/li>\n<li>Kontrollib juuste kahusust<\/li>\n<li>Kerge koostisega<\/li>\n<li>Sisaldab teaduslikult t\u00f5estatud vetikap\u00f5hist <em><span style=\"color: #666699;\"><strong>AlgaNord 5\u2122<\/strong><\/span><\/em> kompleksi (sh. biotiini, niatsiinamiidi) ning 5 intensiivselt niisutavat komponenti<\/li>\n<li>On ohutu v\u00e4rvitud, sirgendatud ja keemiliselt t\u00f6\u00f6deldud juustele.<\/li>\n<li>pH 3,5 &#8211; 4,5<\/li>\n<\/ul>\n<p><strong>Ei sisalda:<\/strong> Sulfaate SLS\/SLES, parabeene, ftalaate, alkoholi ega loomseid komponente.<br \/>\n<strong>Suurused:<\/strong> 100ml, 250ml<\/p>\n","protected":false},"featured_media":512,"comment_status":"open","ping_status":"closed","template":"","meta":[],"product_brand":[],"product_cat":[387,389,50],"product_tag":[80,81],"class_list":{"0":"post-388","1":"product","2":"type-product","3":"status-publish","4":"has-post-thumbnail","6":"product_cat-lalga","7":"product_cat-shampoos","8":"product_cat-sealight","9":"product_tag-kahusust-vahendav","10":"product_tag-kohevust-lisav","12":"first","13":"instock","14":"taxable","15":"shipping-taxable","16":"purchasable","17":"product-type-variable","18":"has-default-attributes"},"_links":{"self":[{"href":"https:\/\/lieliskimati.lv\/et\/wp-json\/wp\/v2\/product\/388","targetHints":{"allow":["GET"]}}],"collection":[{"href":"https:\/\/lieliskimati.lv\/et\/wp-json\/wp\/v2\/product"}],"about":[{"href":"https:\/\/lieliskimati.lv\/et\/wp-json\/wp\/v2\/types\/product"}],"replies":[{"embeddable":true,"href":"https:\/\/lieliskimati.lv\/et\/wp-json\/wp\/v2\/comments?post=388"}],"version-history":[{"count":0,"href":"https:\/\/lieliskimati.lv\/et\/wp-json\/wp\/v2\/product\/388\/revisions"}],"wp:featuredmedia":[{"embeddable":true,"href":"https:\/\/lieliskimati.lv\/et\/wp-json\/wp\/v2\/media\/512"}],"wp:attachment":[{"href":"https:\/\/lieliskimati.lv\/et\/wp-json\/wp\/v2\/media?parent=388"}],"wp:term":[{"taxonomy":"product_brand","embeddable":true,"href":"https:\/\/lieliskimati.lv\/et\/wp-json\/wp\/v2\/product_brand?post=388"},{"taxonomy":"product_cat","embeddable":true,"href":"https:\/\/lieliskimati.lv\/et\/wp-json\/wp\/v2\/product_cat?post=388"},{"taxonomy":"product_tag","embeddable":true,"href":"https:\/\/lieliskimati.lv\/et\/wp-json\/wp\/v2\/product_tag?post=388"}],"curies":[{"name":"wp","href":"https:\/\/api.w.org\/{rel}","templated":true}]}}