{"id":380,"date":"2021-09-19T00:50:31","date_gmt":"2021-09-18T21:50:31","guid":{"rendered":"https:\/\/lieliskimati.lv\/toode\/lalga-seacurl-stiliseerimislosjoon-lokkis-juustele-extra-hold\/"},"modified":"2025-11-07T15:53:18","modified_gmt":"2025-11-07T12:53:18","slug":"lalga-seacurl-lotion","status":"publish","type":"product","link":"https:\/\/lieliskimati.lv\/et\/toode\/lalga-seacurl-lotion\/","title":{"rendered":"L\u2019ALGA SEACURL LOTION (extra hold)"},"content":{"rendered":"<p><strong>KASUTAMINE<\/strong><\/p>\n<ul>\n<li>Kandke puhastele niisketele v\u00f5i kuivadele juustele.<\/li>\n<li>J\u00e4tkake stiliseerimisega. \u00c4rge loputage, j\u00e4tke juustesse. Tugeva hoidvusega.<\/li>\n<li>Kasutage v\u00f5imalusel f\u00f6\u00f6nitamisel difuusorit, et juuksed kuivaks \u00fchtlasemalt. Difuusor aitab luua pikaajaliselt p\u00fcsivad lokid, kujundada paremini loki kuju ning lisada juustesse mahtu.<\/li>\n<\/ul>\n","protected":false},"excerpt":{"rendered":"<p>L\u2019Alga.SEACURL on tugeva hoiduvusega <strong>juustesse j\u00e4etav <\/strong>stiliseerimislosjoon, mis aitab luua<strong> kauap\u00fcsivad, loomulikult pehmed elastsed lokid. <\/strong>See toode aitab <strong>lokkidel kauem juustes p\u00fcsida<\/strong>, et need enne peo l\u00f5ppu v\u00e4lja ei vajuks!<br \/>\nKerge koostis aitab saavutada <strong>sileda ja kahuvaba tulemuse<\/strong>, <strong>lisab juustele vol\u00fc\u00fcmi, elastsust ning s\u00e4ra<\/strong>. <strong>Lisab<\/strong> juustesse <strong>niiskust<\/strong> ning <strong>kaitseb neid kuumt\u00f6\u00f6tlemise eest.<\/strong><br \/>\nSisaldab vetikap\u00f5hist <strong>AlgaNord 5\u2122<\/strong> kompleksi, sh. biotiini ja niatsiinamiidi, p\u00e4evalilleseemne \u00f5li ja jojoba\u00f5li, mis toetavad loki kauni kuju s\u00e4ilimist, kaitstes samaaegselt neid kuivuse ja kuumuse eest.<\/p>\n<ul>\n<li>aitab saavutada kauap\u00fcsivad, loomulikult pehmed lokid<\/li>\n<li>aitab kontrollida kahusust<\/li>\n<li>taastab juuste pehmuse ja elastsust<\/li>\n<li>lisab juustele vol\u00fc\u00fcmi ja s\u00e4ra<\/li>\n<li>sisaldab vetikap\u00f5hist teaduslikult t\u00f5estatud vetikap\u00f5hist <strong>AlgaNord 5\u2122 <\/strong>\u00a0kompleksi, sh. <em>biotiini ja niatsiinamiidi<\/em><\/li>\n<li>sisaldab p\u00e4evalilleseemne \u00f5li, jojoba\u00f5li<\/li>\n<li>kaitseb juukseid kuivuse ja kuumt\u00f6\u00f6tlemise eest<\/li>\n<li>on ohutu v\u00e4rvitud ja keemiliselt t\u00f6\u00f6deldud juustele.<\/li>\n<\/ul>\n<p><strong>Ei sisalda:<\/strong> sulfaate SLS\/SLES,\u00a0 parabeene, alkoholi ega loomseid komponente.<br \/>\n<strong>Suurus:<\/strong> 250 ml<\/p>\n","protected":false},"featured_media":663,"comment_status":"open","ping_status":"closed","template":"","meta":[],"product_brand":[],"product_cat":[387,52,394],"product_tag":[78,80,81,439],"class_list":{"0":"post-380","1":"product","2":"type-product","3":"status-publish","4":"has-post-thumbnail","6":"product_cat-lalga","7":"product_cat-seacurl","8":"product_cat-styling","9":"product_tag-elastsust-lisav","10":"product_tag-kahusust-vahendav","11":"product_tag-kohevust-lisav","12":"product_tag-for-curls","14":"first","15":"instock","16":"taxable","17":"shipping-taxable","18":"purchasable","19":"product-type-simple"},"_links":{"self":[{"href":"https:\/\/lieliskimati.lv\/et\/wp-json\/wp\/v2\/product\/380","targetHints":{"allow":["GET"]}}],"collection":[{"href":"https:\/\/lieliskimati.lv\/et\/wp-json\/wp\/v2\/product"}],"about":[{"href":"https:\/\/lieliskimati.lv\/et\/wp-json\/wp\/v2\/types\/product"}],"replies":[{"embeddable":true,"href":"https:\/\/lieliskimati.lv\/et\/wp-json\/wp\/v2\/comments?post=380"}],"version-history":[{"count":0,"href":"https:\/\/lieliskimati.lv\/et\/wp-json\/wp\/v2\/product\/380\/revisions"}],"wp:featuredmedia":[{"embeddable":true,"href":"https:\/\/lieliskimati.lv\/et\/wp-json\/wp\/v2\/media\/663"}],"wp:attachment":[{"href":"https:\/\/lieliskimati.lv\/et\/wp-json\/wp\/v2\/media?parent=380"}],"wp:term":[{"taxonomy":"product_brand","embeddable":true,"href":"https:\/\/lieliskimati.lv\/et\/wp-json\/wp\/v2\/product_brand?post=380"},{"taxonomy":"product_cat","embeddable":true,"href":"https:\/\/lieliskimati.lv\/et\/wp-json\/wp\/v2\/product_cat?post=380"},{"taxonomy":"product_tag","embeddable":true,"href":"https:\/\/lieliskimati.lv\/et\/wp-json\/wp\/v2\/product_tag?post=380"}],"curies":[{"name":"wp","href":"https:\/\/api.w.org\/{rel}","templated":true}]}}