{"id":379,"date":"2021-09-19T00:50:31","date_gmt":"2021-09-18T21:50:31","guid":{"rendered":"https:\/\/lieliskimati.lv\/toode\/lalga-seacurl-niisutav-stiliseerimiskreem-medium-hold\/"},"modified":"2025-12-17T12:26:46","modified_gmt":"2025-12-17T09:26:46","slug":"lalga-seacurl-cream","status":"publish","type":"product","link":"https:\/\/lieliskimati.lv\/et\/toode\/lalga-seacurl-cream\/","title":{"rendered":"L\u2019Alga SEACURL CREAM (medium hold)"},"content":{"rendered":"<p><strong>KASUTAMINE<\/strong><\/p>\n<ul>\n<li>Kandke puhastele niisketele v\u00f5i kuivadele juustele.<\/li>\n<li>Jaotage \u00fchtlaselt juustele ning j\u00e4tka stiliseerimisega.<\/li>\n<li>\u00c4rge loputage, j\u00e4tke juustesse. Keskmise hoidvusega.<\/li>\n<li>Parima tulemuse saavutate kombineerides L&#8217;Alga.SEACURL sarja <span style=\"color: #666699;\"><em><strong>\u0161ampooni<\/strong><\/em><\/span> ning <em><span style=\"color: #666699;\"><strong>juuksemaskiga<\/strong><\/span><\/em>.<\/li>\n<li>Kasutage v\u00f5imalusel f\u00f6\u00f6nitamisel difuusorit, et juuksed kuivaks \u00f5rnalt ja \u00fchtlasemalt. Difuusor aitab luua pikaajaliselt p\u00fcsivad lokid, kujundada paremini loki kuju ning lisada juustesse mahtu.<\/li>\n<\/ul>\n","protected":false},"excerpt":{"rendered":"<p>Keskmise hoidvusega juustesse j\u00e4etav stiliseerimiskreem aitab tagada <strong>pikemalt p\u00fcsivad<\/strong> <strong>lokid<\/strong>.<br \/>\n<strong>Niisutab ja toidab<\/strong> kuivi lokkis juukseid, <strong>kontrollib kahusust<\/strong>, muudab juuksed <strong>kergesti kammitavaks<\/strong> ning <strong>kaitseb kuumt\u00f6\u00f6tlemise vastu<\/strong>. Sisaldab teaduslikult t\u00f5estatud vetikap\u00f5hist kompleksi <strong><em>AlgaNord 5\u2122<\/em><\/strong>\u00a0 sh. <em><strong>biotiini ja niatsiinamiidi<\/strong><\/em>, mis loovad <strong>tekstuuri<\/strong>, lisavad <strong>elastsust,<\/strong> aitavad hoiduda pusade tekkest ning toidavad kuivi juukseid.<\/p>\n<ul>\n<li>tagab pikemalt p\u00fcsivad lokid (keskmise hoidvusega)<\/li>\n<li>niisutab ja toidab kuivi juukseid<\/li>\n<li>kontrollib kahusust ning aitab v\u00e4ltida pusade teket<\/li>\n<li>t\u00f5stab pehmust ja elastsust<\/li>\n<li>kerge, \u00f5livaba koostis<\/li>\n<li>lisab vol\u00fc\u00fcmi ja\u00a0annab s\u00e4ra<\/li>\n<li>kaitseb juukseid kuivuse ja kuumt\u00f6\u00f6tlemise eest<\/li>\n<li>sisaldab teaduslikult t\u00f5estatud vetikap\u00f5hist kompleksi <strong><em>AlgaNord 5\u2122 <\/em><\/strong>, sh. biotiini ja niatsiinamiidi<\/li>\n<li>on ohutu v\u00e4rvitud ja keemiliselt t\u00f6\u00f6deldud juustele<\/li>\n<\/ul>\n<p><strong>Ei sisalda: <\/strong>sulfaate SLS\/SLES, parabeene, ftalaate, alkoholi ega loomseid komponente.<br \/>\n<strong>Suurus:<\/strong> 250 ml<\/p>\n","protected":false},"featured_media":660,"comment_status":"open","ping_status":"closed","template":"","meta":[],"product_brand":[],"product_cat":[387,52,394],"product_tag":[78,439,77],"class_list":{"0":"post-379","1":"product","2":"type-product","3":"status-publish","4":"has-post-thumbnail","6":"product_cat-lalga","7":"product_cat-seacurl","8":"product_cat-styling","9":"product_tag-elastsust-lisav","10":"product_tag-for-curls","11":"product_tag-niisutav","13":"first","14":"instock","15":"taxable","16":"shipping-taxable","17":"purchasable","18":"product-type-simple"},"_links":{"self":[{"href":"https:\/\/lieliskimati.lv\/et\/wp-json\/wp\/v2\/product\/379","targetHints":{"allow":["GET"]}}],"collection":[{"href":"https:\/\/lieliskimati.lv\/et\/wp-json\/wp\/v2\/product"}],"about":[{"href":"https:\/\/lieliskimati.lv\/et\/wp-json\/wp\/v2\/types\/product"}],"replies":[{"embeddable":true,"href":"https:\/\/lieliskimati.lv\/et\/wp-json\/wp\/v2\/comments?post=379"}],"version-history":[{"count":1,"href":"https:\/\/lieliskimati.lv\/et\/wp-json\/wp\/v2\/product\/379\/revisions"}],"predecessor-version":[{"id":22796,"href":"https:\/\/lieliskimati.lv\/et\/wp-json\/wp\/v2\/product\/379\/revisions\/22796"}],"wp:featuredmedia":[{"embeddable":true,"href":"https:\/\/lieliskimati.lv\/et\/wp-json\/wp\/v2\/media\/660"}],"wp:attachment":[{"href":"https:\/\/lieliskimati.lv\/et\/wp-json\/wp\/v2\/media?parent=379"}],"wp:term":[{"taxonomy":"product_brand","embeddable":true,"href":"https:\/\/lieliskimati.lv\/et\/wp-json\/wp\/v2\/product_brand?post=379"},{"taxonomy":"product_cat","embeddable":true,"href":"https:\/\/lieliskimati.lv\/et\/wp-json\/wp\/v2\/product_cat?post=379"},{"taxonomy":"product_tag","embeddable":true,"href":"https:\/\/lieliskimati.lv\/et\/wp-json\/wp\/v2\/product_tag?post=379"}],"curies":[{"name":"wp","href":"https:\/\/api.w.org\/{rel}","templated":true}]}}