{"id":378,"date":"2021-09-19T00:50:30","date_gmt":"2021-09-18T21:50:30","guid":{"rendered":"https:\/\/lieliskimati.lv\/toode\/lalga-seacurl-juuksemask-lokkis-juustele\/"},"modified":"2025-11-07T15:54:37","modified_gmt":"2025-11-07T12:54:37","slug":"lalga-seacurl-mask","status":"publish","type":"product","link":"https:\/\/lieliskimati.lv\/et\/toode\/lalga-seacurl-mask\/","title":{"rendered":"L\u2019Alga SEACURL HAIR MASK"},"content":{"rendered":"<p><strong>KASUTAMINE<\/strong><\/p>\n<ul>\n<li>Enne maski pealekandmist pese juukseid sooja veega, sest soe aktiveerib toimeained ja suurendab nende t\u00f5husust. Samuti avab keskmisest soojem vesi juuksekutiikulid ning juuksed imavad endasse seel\u00e4bi paremini niiskust ja toitaineid.<\/li>\n<li>Peale \u0161ampooniga pesemist kanna m\u00e4rgadesse juustesse. Kammi kogu juuste pikkuses l\u00e4bi ning lase v\u00e4hemalt 5 min m\u00f5juda.<\/li>\n<li>Loputa v\u00e4lja leige veega.<\/li>\n<\/ul>\n","protected":false},"excerpt":{"rendered":"<p>L\u2019Alga.SEACURL <strong>taaselustav juuksemask<\/strong> k\u00f5ikidele lokkis juukset\u00fc\u00fcpidele <strong>parandab<\/strong> juuste <strong>kahjustused<\/strong> niisutades ja toites peanahka ning juukseid seest v\u00e4ljapoole. <strong>Taastab niiskuse, elastsuse, pehmuse ja s\u00e4ra<\/strong> k\u00f5ikide lokkis juukset\u00fc\u00fcpide puhul.<\/p>\n<p>Kerge, kuid t\u00f5husalt turgutav koostis <strong>ei muuda lokke raskeks<\/strong>. Tagab pikaajaliselt p\u00fcsivad lokid, <strong>lisab vol\u00fc\u00fcmi<\/strong>. SEACURL juuksemask stimuleerib peanaha vereringet, taaselustab kuivi ja tuhmi juukseid, lisab vol\u00fc\u00fcmi, pehmust ning s\u00e4ra. Juuksemask sisaldab vetikap\u00f5hist <strong><em>AlgaNord 5\u2122 <\/em><\/strong>kompleksi, sh. <em><strong>biotiini ja niatsiinamiidi<\/strong><\/em> \u2013 need komponendid aitavad hoida ilusat loki kuju, ergutada peanaha vereringet ning taaselustada elutud, tuhmid juuksed.<\/p>\n<ul>\n<li>sobib k\u00f5ikidele lokkis juukset\u00fc\u00fcpidele<\/li>\n<li>tagab pikajaaliselt p\u00fcsivad lokid<\/li>\n<li>niisutab ja toidab peanahka ning juukseid, sisaldab 9 erinevat intensiivselt niisutavat komponenti<\/li>\n<li>taaselustab kuivad, tuhmid juuksed<\/li>\n<li>t\u00f5stab pehmust ja elastsust<\/li>\n<li>lisab vol\u00fc\u00fcmi ja\u00a0annab s\u00e4ra<\/li>\n<li>kaitseb juukseid kuivuse ja kuumt\u00f6\u00f6tlemise eest<\/li>\n<li>sisaldab vetikap\u00f5hist teaduslikult t\u00f5estatud vetikap\u00f5hist <strong>AlgaNord 5\u2122\u00a0<\/strong> kompleksi, sh. <em>biotiini ja niatsiinamiidi<\/em><\/li>\n<li>on ohutu v\u00e4rvitud, sirgendatud ja keemiliselt t\u00f6\u00f6deldud juustele<\/li>\n<li>pH 4,00 &#8211; 5,00<\/li>\n<\/ul>\n<p><strong>Ei sisalda: <\/strong>sulfaate SLS\/SLES, parabeene, ftalaate ega loomseid komponente.<br \/>\n<strong>Suurused:<\/strong> 100ml, 250ml<\/p>\n","protected":false},"featured_media":651,"comment_status":"open","ping_status":"closed","template":"","meta":[],"product_brand":[],"product_cat":[391,387,52],"product_tag":[78,439,77],"class_list":{"0":"post-378","1":"product","2":"type-product","3":"status-publish","4":"has-post-thumbnail","6":"product_cat-hair-masks","7":"product_cat-lalga","8":"product_cat-seacurl","9":"product_tag-elastsust-lisav","10":"product_tag-for-curls","11":"product_tag-niisutav","13":"first","14":"instock","15":"taxable","16":"shipping-taxable","17":"purchasable","18":"product-type-variable","19":"has-default-attributes"},"_links":{"self":[{"href":"https:\/\/lieliskimati.lv\/et\/wp-json\/wp\/v2\/product\/378","targetHints":{"allow":["GET"]}}],"collection":[{"href":"https:\/\/lieliskimati.lv\/et\/wp-json\/wp\/v2\/product"}],"about":[{"href":"https:\/\/lieliskimati.lv\/et\/wp-json\/wp\/v2\/types\/product"}],"replies":[{"embeddable":true,"href":"https:\/\/lieliskimati.lv\/et\/wp-json\/wp\/v2\/comments?post=378"}],"version-history":[{"count":0,"href":"https:\/\/lieliskimati.lv\/et\/wp-json\/wp\/v2\/product\/378\/revisions"}],"wp:featuredmedia":[{"embeddable":true,"href":"https:\/\/lieliskimati.lv\/et\/wp-json\/wp\/v2\/media\/651"}],"wp:attachment":[{"href":"https:\/\/lieliskimati.lv\/et\/wp-json\/wp\/v2\/media?parent=378"}],"wp:term":[{"taxonomy":"product_brand","embeddable":true,"href":"https:\/\/lieliskimati.lv\/et\/wp-json\/wp\/v2\/product_brand?post=378"},{"taxonomy":"product_cat","embeddable":true,"href":"https:\/\/lieliskimati.lv\/et\/wp-json\/wp\/v2\/product_cat?post=378"},{"taxonomy":"product_tag","embeddable":true,"href":"https:\/\/lieliskimati.lv\/et\/wp-json\/wp\/v2\/product_tag?post=378"}],"curies":[{"name":"wp","href":"https:\/\/api.w.org\/{rel}","templated":true}]}}