{"id":377,"date":"2021-09-19T00:50:30","date_gmt":"2021-09-18T21:50:30","guid":{"rendered":"https:\/\/lieliskimati.lv\/toode\/lalga-seacurl-sampoon-lokkis-juustele\/"},"modified":"2025-11-07T15:54:28","modified_gmt":"2025-11-07T12:54:28","slug":"lalga-seacurl-shampoo","status":"publish","type":"product","link":"https:\/\/lieliskimati.lv\/et\/toode\/lalga-seacurl-shampoo\/","title":{"rendered":"L\u2019ALGA SEACURL SHAMPOO"},"content":{"rendered":"<p><strong>KASUTAMINE<\/strong><\/p>\n<ul>\n<li>Raputage \u0161ampoonipudelit hoolikalt enne kasutamist, et p\u00f5hja settivad koostisained \u00fchtlaselt \u0161ampoonis jaotuks.<\/li>\n<li>Kandke m\u00e4rgadele juustele, masseerige juuksejuurtele ja peanahale.<\/li>\n<li>Soovitame juukseid \u0161ampooniga pesta 2 korda. Esimene pesu eemaldab mustuse, surnud naharakud ja liigse rasu peanahalt. Teine pesu puhastab juuksed ja aitab ravivatel-toitvatel komponentidel levida ja oma t\u00f6\u00f6d teha.<\/li>\n<li>Oodake 3-5 minutit ning peske leige veega v\u00e4lja.<\/li>\n<li>P\u00f5hjalikuks ja toimivaks juuksehoolduseks, mille tulemuseks on terved ja s\u00e4ravad juuksed, soovitame L\u2019Alga tooteid koos kasutada. Sel moel t\u00e4iendavad aktiivsed toimeained teineteist ning m\u00f5ju on t\u00f5husam.<\/li>\n<\/ul>\n","protected":false},"excerpt":{"rendered":"<p><strong>L&#8217;Alga.SEACURL<\/strong> sari on loodud spetsiaalselt lokkis juustele nende ilu, elastsuse ja s\u00e4ra s\u00e4ilitamiseks. L&#8217;Alga.SEACURL \u0161ampoon <strong>toetab loki kuju\/struktuuri, pehmust ja elastsust<\/strong> pikendades samaaegselt lokkide p\u00fcsimist.<br \/>\nKerge, s\u00e4ra andev koostis ei tee lokke raskeks. Vastupidi, \u0161ampoon <strong>lisab vol\u00fc\u00fcmi, paindlikkust ja imelist s\u00e4ra<\/strong> k\u00f5ikidele lokit\u00fc\u00fcpidele ning <strong>kaitseb<\/strong> samaaegselt <strong>juukseid kuivaks muutumise ja kuumt\u00f6\u00f6tluse eest<\/strong>.<\/p>\n<ul>\n<li>sobib k\u00f5ikidele lokkis juukset\u00fc\u00fcpidele<\/li>\n<li>tagab pikalt p\u00fcsivad lokid<\/li>\n<li>niisutab, sisaldab 5 erinevat niisutavat komponenti<\/li>\n<li>suurendab juuste pehmust ja elastsust<\/li>\n<li>lisab vol\u00fc\u00fcmi ja\u00a0annab s\u00e4ra<\/li>\n<li>kerge koostisega<\/li>\n<li>kaitseb juukseid kuivuse ja kuumt\u00f6\u00f6tlemise eest<\/li>\n<li>Sisaldab vetikap\u00f5hist teaduslikult t\u00f5estatud vetikap\u00f5hist <strong>AlgaNord 5\u2122\u00a0<\/strong> kompleksi, sh. <em>biotiini ja niatsiinamiidi<\/em><\/li>\n<li>On ohutu v\u00e4rvitud, sirgendatud ja keemiliselt t\u00f6\u00f6deldud juustele<\/li>\n<\/ul>\n<p><strong>Ei sisalda:<\/strong> sulfaate SLS\/SLES, parabeene, ftalaate ega loomseid komponente.<br \/>\n<strong>Suurused:<\/strong> 100 ml, 250 ml<\/p>\n","protected":false},"featured_media":657,"comment_status":"open","ping_status":"closed","template":"","meta":[],"product_brand":[],"product_cat":[387,389,52],"product_tag":[78,439,77],"class_list":{"0":"post-377","1":"product","2":"type-product","3":"status-publish","4":"has-post-thumbnail","6":"product_cat-lalga","7":"product_cat-shampoos","8":"product_cat-seacurl","9":"product_tag-elastsust-lisav","10":"product_tag-for-curls","11":"product_tag-niisutav","13":"first","14":"instock","15":"taxable","16":"shipping-taxable","17":"purchasable","18":"product-type-variable","19":"has-default-attributes"},"_links":{"self":[{"href":"https:\/\/lieliskimati.lv\/et\/wp-json\/wp\/v2\/product\/377","targetHints":{"allow":["GET"]}}],"collection":[{"href":"https:\/\/lieliskimati.lv\/et\/wp-json\/wp\/v2\/product"}],"about":[{"href":"https:\/\/lieliskimati.lv\/et\/wp-json\/wp\/v2\/types\/product"}],"replies":[{"embeddable":true,"href":"https:\/\/lieliskimati.lv\/et\/wp-json\/wp\/v2\/comments?post=377"}],"version-history":[{"count":0,"href":"https:\/\/lieliskimati.lv\/et\/wp-json\/wp\/v2\/product\/377\/revisions"}],"wp:featuredmedia":[{"embeddable":true,"href":"https:\/\/lieliskimati.lv\/et\/wp-json\/wp\/v2\/media\/657"}],"wp:attachment":[{"href":"https:\/\/lieliskimati.lv\/et\/wp-json\/wp\/v2\/media?parent=377"}],"wp:term":[{"taxonomy":"product_brand","embeddable":true,"href":"https:\/\/lieliskimati.lv\/et\/wp-json\/wp\/v2\/product_brand?post=377"},{"taxonomy":"product_cat","embeddable":true,"href":"https:\/\/lieliskimati.lv\/et\/wp-json\/wp\/v2\/product_cat?post=377"},{"taxonomy":"product_tag","embeddable":true,"href":"https:\/\/lieliskimati.lv\/et\/wp-json\/wp\/v2\/product_tag?post=377"}],"curies":[{"name":"wp","href":"https:\/\/api.w.org\/{rel}","templated":true}]}}