{"id":376,"date":"2021-09-19T00:50:30","date_gmt":"2021-09-18T21:50:30","guid":{"rendered":"https:\/\/lieliskimati.lv\/toode\/lalga-bolster-intensiivhooldus\/"},"modified":"2026-03-17T11:11:45","modified_gmt":"2026-03-17T08:11:45","slug":"lalga-bolster","status":"publish","type":"product","link":"https:\/\/lieliskimati.lv\/et\/toode\/lalga-bolster\/","title":{"rendered":"L&#8217;Alga BOLSTER NOURISHING TREATMENT"},"content":{"rendered":"<p><strong>KASUTAMINE<\/strong><\/p>\n<ul>\n<li>\u00dcks ampull kasutamiskorra kohta peale<strong><span style=\"color: #993366;\"> L&#8217;Alga.SEAWET<\/span><\/strong> v\u00f5i <strong>L&#8217;Alga.SEAPURE<\/strong> s\u00fcgavpuhastava \u0161ampooniga pesemist.<\/li>\n<li>Soojendage ampulli veidi sooja vee all, murdke \u00f5rnalt kork lahti.<\/li>\n<li>Jagage losjoon tilkhaaval juustele sektsioonide kaupa. Masseerige sisse ja j\u00e4tke 5 minutiks m\u00f5juma.<\/li>\n<li>Loputage. Peale ampulli kasutamist pole enam vaja kasutada palsamit ega juuksemaski \u2013 Bolster\u00b4ist piisab.<\/li>\n<li>Parima tulemuse saavutate kuurina, kasutades Bolster ampulli 3-8 korda j\u00e4rjest.<\/li>\n<\/ul>\n<p>V\u00f5ib kasutada nii sageli kui vaja.<\/p>\n<p>&nbsp;<\/p>\n","protected":false},"excerpt":{"rendered":"<p>K\u00e4isid juuksuris ning blondeerisid v\u00f5i v\u00e4rvisid juukseid? Iga intensiivne salongihooldus m\u00f5jub juustele kahjustavalt ning juuksed vajavad lisakaitset enne ja p\u00e4rast, aga ka salongit\u00f6\u00f6tluse ajal.<\/p>\n<p>Ainulaadne <strong>L&#8217;Alga.BOLSTER <\/strong>on v\u00e4ike aga v\u00e4ga t\u00f5hus! See on <strong>keemilise t\u00f6\u00f6tluse j\u00e4rgne<\/strong> <strong>kontsentreeritud aktiivtoode &#8211; 2-3x t\u00f5husam<\/strong> kui juuksemask<strong>, <\/strong>mida on v\u00e4ga mugav kodus kasutada. BOLSTER parandab ja aitab taastada <strong>kahjustatud, \u00fclet\u00f6\u00f6deldud ja kuivade juuste<\/strong> hea olukorra. Toetab loomulikku <strong>juuksekasvu<\/strong>, muudab juuste v\u00e4limuse terveks ning aitab edasi l\u00fckata hallide juuste tekkimist.<\/p>\n<p>Elustav peanahahooldus <strong>p\u00f5hineb vetikap\u00f5hisel biotehnoloogilisel kompleksil<\/strong>, mis toidab intensiivselt iga juuksekarva seestpoolt.<strong> AlgaNord 5\u2122<\/strong> vetikap\u00f5hine kompleks, <strong>sh. biotiin ja magneesium<\/strong> kombineerituna moodustavad kuumaga aktiveeruva termokaitsekihi, luues soodsa keskkonna juuste l\u00e4ikivaks kasvuks ja kaitseks kuumakahjustuste eest.<br \/>\nJuuksed on koheselt peale kasutamist pehmemad, niisutatumad ning elastsemad.<\/p>\n<p><strong>Suurused:<\/strong> 1x12ml ja 8&#215;12 ml<\/p>\n","protected":false},"featured_media":16383,"comment_status":"open","ping_status":"closed","template":"","meta":[],"product_brand":[],"product_cat":[396,522,387,49,436],"product_tag":[84],"class_list":{"0":"post-376","1":"product","2":"type-product","3":"status-publish","4":"has-post-thumbnail","6":"product_cat-deep-clean","7":"product_cat-komplektid","8":"product_cat-lalga","9":"product_cat-seamore","10":"product_cat-gifts","11":"product_tag-parandav","13":"first","14":"instock","15":"taxable","16":"shipping-taxable","17":"purchasable","18":"product-type-variable","19":"has-default-attributes"},"_links":{"self":[{"href":"https:\/\/lieliskimati.lv\/et\/wp-json\/wp\/v2\/product\/376","targetHints":{"allow":["GET"]}}],"collection":[{"href":"https:\/\/lieliskimati.lv\/et\/wp-json\/wp\/v2\/product"}],"about":[{"href":"https:\/\/lieliskimati.lv\/et\/wp-json\/wp\/v2\/types\/product"}],"replies":[{"embeddable":true,"href":"https:\/\/lieliskimati.lv\/et\/wp-json\/wp\/v2\/comments?post=376"}],"version-history":[{"count":1,"href":"https:\/\/lieliskimati.lv\/et\/wp-json\/wp\/v2\/product\/376\/revisions"}],"predecessor-version":[{"id":23533,"href":"https:\/\/lieliskimati.lv\/et\/wp-json\/wp\/v2\/product\/376\/revisions\/23533"}],"wp:featuredmedia":[{"embeddable":true,"href":"https:\/\/lieliskimati.lv\/et\/wp-json\/wp\/v2\/media\/16383"}],"wp:attachment":[{"href":"https:\/\/lieliskimati.lv\/et\/wp-json\/wp\/v2\/media?parent=376"}],"wp:term":[{"taxonomy":"product_brand","embeddable":true,"href":"https:\/\/lieliskimati.lv\/et\/wp-json\/wp\/v2\/product_brand?post=376"},{"taxonomy":"product_cat","embeddable":true,"href":"https:\/\/lieliskimati.lv\/et\/wp-json\/wp\/v2\/product_cat?post=376"},{"taxonomy":"product_tag","embeddable":true,"href":"https:\/\/lieliskimati.lv\/et\/wp-json\/wp\/v2\/product_tag?post=376"}],"curies":[{"name":"wp","href":"https:\/\/api.w.org\/{rel}","templated":true}]}}