{"id":375,"date":"2021-09-19T00:50:30","date_gmt":"2021-09-18T21:50:30","guid":{"rendered":"https:\/\/lieliskimati.lv\/toode\/lalga-seamist-niisutav-kuumakaitse-spray\/"},"modified":"2026-05-05T09:47:26","modified_gmt":"2026-05-05T06:47:26","slug":"lalga-seamist-spray","status":"publish","type":"product","link":"https:\/\/lieliskimati.lv\/et\/toode\/lalga-seamist-spray\/","title":{"rendered":"L&#8217;ALGA SEAMIST Moisturizing Heat Protection Spray"},"content":{"rendered":"<p><strong>KASUTAMINE<\/strong><\/p>\n<ul>\n<li>Pihustage rikkalikult niisketesse\u00a0 v\u00f5i kuivadesse juustesse enne juuste kuumt\u00f6\u00f6tlust\/stiliseerimist.<\/li>\n<li>Stiliseerimise j\u00e4rgselt v\u00f5ib veel \u00fche lisakihi valmis soengule piserdada.<\/li>\n<li>S\u00e4ilitamaks juuste niiskustaset v\u00f5ib seda igap\u00e4evaselt kuivadesse juustesse pihustada<\/li>\n<\/ul>\n<p>&nbsp;<\/p>\n","protected":false},"excerpt":{"rendered":"<p><strong>NIISUTUS \u2022 \u00a0KAHUSUSE KONTROLL<\/strong>\u00a0\u2022\u00a0<strong>PUSADE EEMALDAMINE<\/strong>\u00a0\u2022\u00a0<strong>KAITSE<\/strong><\/p>\n<p>L\u2019Alga.SEAMIST on juustesse j\u00e4etav rikkalikult niisutav kuumakaitsesprei, mis kustutab ka k\u00f5ige kuivemate juuste niiskusvajaduse. Kaitseb kuivuse ja kuumaga t\u00f6\u00f6tlemise eest (kuni 230 \u00b0C). AlgaNord 5\u2122 vetikaekstraktide kompleks koos biotiini ja niatsiinamiidiga parandavad juuksestruktuuri ja kahjustusi, taastades juuste pehmuse, sileduse ja elastsuse. V\u00e4hendab kahusust, aitab hoiduda pusade tekkimisest juustesse ning lihtsustab kammitavust.<\/p>\n","protected":false},"featured_media":23218,"comment_status":"open","ping_status":"closed","template":"","meta":[],"product_brand":[],"product_cat":[393,387,53,49,394,615],"product_tag":[80,83,77],"class_list":{"0":"post-375","1":"product","2":"type-product","3":"status-publish","4":"has-post-thumbnail","6":"product_cat-heat-protectors","7":"product_cat-lalga","8":"product_cat-seahair","9":"product_cat-seamore","10":"product_cat-styling","11":"product_cat-ilulemmikud","12":"product_tag-kahusust-vahendav","13":"product_tag-kuumakaitse","14":"product_tag-niisutav","16":"first","17":"instock","18":"taxable","19":"shipping-taxable","20":"purchasable","21":"product-type-simple"},"_links":{"self":[{"href":"https:\/\/lieliskimati.lv\/et\/wp-json\/wp\/v2\/product\/375","targetHints":{"allow":["GET"]}}],"collection":[{"href":"https:\/\/lieliskimati.lv\/et\/wp-json\/wp\/v2\/product"}],"about":[{"href":"https:\/\/lieliskimati.lv\/et\/wp-json\/wp\/v2\/types\/product"}],"replies":[{"embeddable":true,"href":"https:\/\/lieliskimati.lv\/et\/wp-json\/wp\/v2\/comments?post=375"}],"version-history":[{"count":4,"href":"https:\/\/lieliskimati.lv\/et\/wp-json\/wp\/v2\/product\/375\/revisions"}],"predecessor-version":[{"id":24620,"href":"https:\/\/lieliskimati.lv\/et\/wp-json\/wp\/v2\/product\/375\/revisions\/24620"}],"wp:featuredmedia":[{"embeddable":true,"href":"https:\/\/lieliskimati.lv\/et\/wp-json\/wp\/v2\/media\/23218"}],"wp:attachment":[{"href":"https:\/\/lieliskimati.lv\/et\/wp-json\/wp\/v2\/media?parent=375"}],"wp:term":[{"taxonomy":"product_brand","embeddable":true,"href":"https:\/\/lieliskimati.lv\/et\/wp-json\/wp\/v2\/product_brand?post=375"},{"taxonomy":"product_cat","embeddable":true,"href":"https:\/\/lieliskimati.lv\/et\/wp-json\/wp\/v2\/product_cat?post=375"},{"taxonomy":"product_tag","embeddable":true,"href":"https:\/\/lieliskimati.lv\/et\/wp-json\/wp\/v2\/product_tag?post=375"}],"curies":[{"name":"wp","href":"https:\/\/api.w.org\/{rel}","templated":true}]}}