{"id":374,"date":"2021-09-19T00:50:30","date_gmt":"2021-09-18T21:50:30","guid":{"rendered":"https:\/\/lieliskimati.lv\/toode\/lalga-sealush-parandav-kuumakaitse-seerum\/"},"modified":"2026-05-05T09:42:05","modified_gmt":"2026-05-05T06:42:05","slug":"lalga-sealush-serum","status":"publish","type":"product","link":"https:\/\/lieliskimati.lv\/et\/toode\/lalga-sealush-serum\/","title":{"rendered":"L&#8217;Alga SEALUSH SERUM"},"content":{"rendered":"<p><strong>KASUTAMINE<\/strong><\/p>\n<ul>\n<li>Raputa seerumipudelit enne kasutamist, et p\u00f5hja ladestuvad aktiivained \u00fchtlaselt jaotuks.<\/li>\n<li>Kandke <strong>v\u00e4ike kogus<\/strong> puhastele kuivadele v\u00f5i niisketele juustele ja ka peanahale, masseerige \u00f5rnalt sisse.\u00a0<strong>NB:<\/strong> seda toodet on lihtne \u00fcledoseerida, seega alustage pigem v\u00e4iksema kogusega.<\/li>\n<li>\u00c4rge loputage juustest v\u00e4lja.<\/li>\n<li>Parima tulemuse saavutamiseks oodake 2-3 minutit, misj\u00e4rel j\u00e4tkake stiliseerimisega.<\/li>\n<li>Parima tulemuse saavutad kui kombineerid omavahel L&#8217;Alga sarja tooteid, sest nii t\u00e4iendavad erinevad toimeained teineteise m\u00f5ju ja tulemuseks on terved, s\u00e4ravad ja ilusad juuksed.<\/li>\n<\/ul>\n","protected":false},"excerpt":{"rendered":"<p>Juustesse j\u00e4etav<strong>\u00a0kuumakaitse seerum<\/strong> <strong>taastab<\/strong> juuksekarva <strong>katkise keratiinikihi<\/strong>, <strong>sulgeb katkised juukseotsad<\/strong>, <strong>kaitseb<\/strong> kuumuse eest, annab energiat ja <strong>silub kahust juuksekarva<\/strong>.<br \/>\nKuumusega aktiveeritav termokaitse hoiab<strong> juukseid f\u00f6\u00f6nitamise, lokitamise, sirgendamise jm. kuumt\u00f6\u00f6tlemise eest <\/strong>(kuni 230\u00b0C)<strong> ning <\/strong>annab kaitse ka karmide ilmastiku- ja keskkonnatingimuste vastu.<\/p>\n<p>Parandab kuivi ja kahjustatud juukseid <strong>ennetades juukseotste l\u00f5henemist<\/strong>. Aitab v\u00e4ltida pusasid ja lihtsustab seel\u00e4bi harjamist ja stiliseerimist.<\/p>\n<ul>\n<li>Kuumakaitse f\u00f6\u00f6nitamise, sirgendamise, lokitamise eest<\/li>\n<li>Taastab ning tugevdab juuksekarva<\/li>\n<li>Parandab kahjustunud keratiinkihti<\/li>\n<li>Tasakaalustab peanahka ja juukseid<\/li>\n<li>Kaitseb t\u00e4iendavate kahjustamiste eest<\/li>\n<li>Aitab hoiduda pusadest ning lihtsustab kammitavust<\/li>\n<li>Sisaldab vetikap\u00f5hist teaduslikult t\u00f5estatud\u00a0<strong>AlgaNord 5\u2122\u00a0<\/strong> biotehnoloogilist kompleksi, sh. biotiini ja niatsiinamiidi<\/li>\n<li>On ohutu v\u00e4rvitud, sirgendatud ja keemiliselt t\u00f6\u00f6deldud juustele<\/li>\n<\/ul>\n<p><strong>Ei sisalda<\/strong> sulfaate SLS\/SLES, ftalaate ega loomseid komponente.<br \/>\n<strong>Suurus:<\/strong> 100ml<\/p>\n","protected":false},"featured_media":420,"comment_status":"open","ping_status":"closed","template":"","meta":[],"product_brand":[],"product_cat":[392,393,387,53,49,394],"product_tag":[80,83,84],"class_list":{"0":"post-374","1":"product","2":"type-product","3":"status-publish","4":"has-post-thumbnail","6":"product_cat-oils-serums","7":"product_cat-heat-protectors","8":"product_cat-lalga","9":"product_cat-seahair","10":"product_cat-seamore","11":"product_cat-styling","12":"product_tag-kahusust-vahendav","13":"product_tag-kuumakaitse","14":"product_tag-parandav","16":"first","17":"instock","18":"taxable","19":"shipping-taxable","20":"purchasable","21":"product-type-simple"},"_links":{"self":[{"href":"https:\/\/lieliskimati.lv\/et\/wp-json\/wp\/v2\/product\/374","targetHints":{"allow":["GET"]}}],"collection":[{"href":"https:\/\/lieliskimati.lv\/et\/wp-json\/wp\/v2\/product"}],"about":[{"href":"https:\/\/lieliskimati.lv\/et\/wp-json\/wp\/v2\/types\/product"}],"replies":[{"embeddable":true,"href":"https:\/\/lieliskimati.lv\/et\/wp-json\/wp\/v2\/comments?post=374"}],"version-history":[{"count":2,"href":"https:\/\/lieliskimati.lv\/et\/wp-json\/wp\/v2\/product\/374\/revisions"}],"predecessor-version":[{"id":24617,"href":"https:\/\/lieliskimati.lv\/et\/wp-json\/wp\/v2\/product\/374\/revisions\/24617"}],"wp:featuredmedia":[{"embeddable":true,"href":"https:\/\/lieliskimati.lv\/et\/wp-json\/wp\/v2\/media\/420"}],"wp:attachment":[{"href":"https:\/\/lieliskimati.lv\/et\/wp-json\/wp\/v2\/media?parent=374"}],"wp:term":[{"taxonomy":"product_brand","embeddable":true,"href":"https:\/\/lieliskimati.lv\/et\/wp-json\/wp\/v2\/product_brand?post=374"},{"taxonomy":"product_cat","embeddable":true,"href":"https:\/\/lieliskimati.lv\/et\/wp-json\/wp\/v2\/product_cat?post=374"},{"taxonomy":"product_tag","embeddable":true,"href":"https:\/\/lieliskimati.lv\/et\/wp-json\/wp\/v2\/product_tag?post=374"}],"curies":[{"name":"wp","href":"https:\/\/api.w.org\/{rel}","templated":true}]}}