{"id":373,"date":"2021-09-19T00:50:30","date_gmt":"2021-09-18T21:50:30","guid":{"rendered":"https:\/\/lieliskimati.lv\/toode\/lalga-seacure-parandav-sugavniisutav-juuksemask\/"},"modified":"2026-02-16T01:47:30","modified_gmt":"2026-02-15T22:47:30","slug":"lalga-seacure-mask","status":"publish","type":"product","link":"https:\/\/lieliskimati.lv\/et\/toode\/lalga-seacure-mask\/","title":{"rendered":"L&#8217;Alga SEACURE REVITALIZING HAIR MASK"},"content":{"rendered":"<p><strong>KASUTAMINE<\/strong><\/p>\n<ul>\n<li>Enne maski pealekandmist pese juukseid keskmisest soojema veega. Soe vesi avab juuksekutiikulid ning juuksed imavad endasse seel\u00e4bi paremini nii niiskust kui ka ravivaid komponente.<\/li>\n<li>Kanna juustele, j\u00e4ta m\u00f5juma v\u00e4hemalt 3-15 minutiks ning loputa v\u00e4lja (soovitavalt jaheda veega).<\/li>\n<li>Parima tulemuse saavutad kui kombineerid omavahel L&#8217;Alga sarja tooteid, sest nii t\u00e4iendavad erinevad toimeained teineteise m\u00f5ju ja tulemuseks on terved, s\u00e4ravad ja ilusad juuksed.<\/li>\n<\/ul>\n","protected":false},"excerpt":{"rendered":"<p>L&#8217;Alga.SEACURE <strong>s\u00fcgavniisutav<\/strong> juuksemask on loodud <strong>kuivadele<\/strong>, <strong>kahjustatud <\/strong>ning <strong>\u00fclet\u00f6\u00f6deldud juustele.\u00a0<\/strong><\/p>\n<p>SEACURE juuksemask on <strong>tuntavalt toimiv<\/strong> t\u00e4nu aktiivsetele toimeainetele &#8211; teaduslikult t\u00f5estatud<strong> vetikatep\u00f5hine kompleks<\/strong> <span style=\"color: #800080;\"><strong>AlgaNord 5 \u2122, sh. <\/strong><\/span><strong>biotiin ja niatsiinamiid<\/strong> \u2013 parandavad kahjustused tungides s\u00fcgavale juuksekarva, et toita ja turgutada seda sisemiselt. Samaaegselt stimuleeritakse peanaha vereringet ja toidetakse juuksekarva folliikuleid, et anda j\u00f5udu tervete ja ilusate juuste kasvamisel.<\/p>\n<p><span style=\"color: #800080;\"><strong>AlgaNord 5 \u2122<\/strong><\/span> vetikap\u00f5hine kompleks aitab <strong>taastada \u00fclet\u00f6\u00f6deldud juuksed<\/strong> iga kasutamiskorraga, parandades juuste elastsust, muutes nad siledamaks, lisades pehmust, s\u00e4ra ja kohevust.<\/p>\n<ul>\n<li>Taastab juuste niiskuse &#8211; sisaldab 9 erinevat intensiivselt niisutavat komponenti<\/li>\n<li>Uuendab juuksekarva folliikuleid<\/li>\n<li>Stimuleerib peanaha vereringet<\/li>\n<li>Muudab juuksed pehmeks<\/li>\n<li>Annab s\u00e4ra ja kohevust<\/li>\n<li>Regulaarsel kasutamisel parandab juuste tervist ja seisukorda<\/li>\n<li>Sisaldab teaduslikult t\u00f5estatud vetikap\u00f5hist <strong>AlgaNord 5\u2122 <\/strong>kompleksi, sh. biotiini ja niatsiinamiidi<\/li>\n<li>On ohutu v\u00e4rvitud, sirgendatud ja keemliselt t\u00f6\u00f6deldud juustele<\/li>\n<\/ul>\n<p>Juuksed on n\u00e4htavalt ja tuntavalt pehmemad ning siledamad, lisaks kestab imeline L&#8217;Alga signatuurl\u00f5hn Su juustel paar-kolm p\u00e4eva!<\/p>\n<p><strong>Ei sisalda: <\/strong>sulfaate SLS\/SLES, parabeene, ftalaate ega loomseid komponente.<strong><br \/>\nSuurused:<\/strong> 100ml, 250ml.<\/p>\n","protected":false},"featured_media":23222,"comment_status":"open","ping_status":"closed","template":"","meta":[],"product_brand":[],"product_cat":[391,387,49,615],"product_tag":[78,77,84],"class_list":{"0":"post-373","1":"product","2":"type-product","3":"status-publish","4":"has-post-thumbnail","6":"product_cat-hair-masks","7":"product_cat-lalga","8":"product_cat-seamore","9":"product_cat-ilulemmikud","10":"product_tag-elastsust-lisav","11":"product_tag-niisutav","12":"product_tag-parandav","14":"first","15":"instock","16":"taxable","17":"shipping-taxable","18":"purchasable","19":"product-type-variable","20":"has-default-attributes"},"_links":{"self":[{"href":"https:\/\/lieliskimati.lv\/et\/wp-json\/wp\/v2\/product\/373","targetHints":{"allow":["GET"]}}],"collection":[{"href":"https:\/\/lieliskimati.lv\/et\/wp-json\/wp\/v2\/product"}],"about":[{"href":"https:\/\/lieliskimati.lv\/et\/wp-json\/wp\/v2\/types\/product"}],"replies":[{"embeddable":true,"href":"https:\/\/lieliskimati.lv\/et\/wp-json\/wp\/v2\/comments?post=373"}],"version-history":[{"count":3,"href":"https:\/\/lieliskimati.lv\/et\/wp-json\/wp\/v2\/product\/373\/revisions"}],"predecessor-version":[{"id":23229,"href":"https:\/\/lieliskimati.lv\/et\/wp-json\/wp\/v2\/product\/373\/revisions\/23229"}],"wp:featuredmedia":[{"embeddable":true,"href":"https:\/\/lieliskimati.lv\/et\/wp-json\/wp\/v2\/media\/23222"}],"wp:attachment":[{"href":"https:\/\/lieliskimati.lv\/et\/wp-json\/wp\/v2\/media?parent=373"}],"wp:term":[{"taxonomy":"product_brand","embeddable":true,"href":"https:\/\/lieliskimati.lv\/et\/wp-json\/wp\/v2\/product_brand?post=373"},{"taxonomy":"product_cat","embeddable":true,"href":"https:\/\/lieliskimati.lv\/et\/wp-json\/wp\/v2\/product_cat?post=373"},{"taxonomy":"product_tag","embeddable":true,"href":"https:\/\/lieliskimati.lv\/et\/wp-json\/wp\/v2\/product_tag?post=373"}],"curies":[{"name":"wp","href":"https:\/\/api.w.org\/{rel}","templated":true}]}}