{"id":372,"date":"2021-09-19T00:50:29","date_gmt":"2021-09-18T21:50:29","guid":{"rendered":"https:\/\/lieliskimati.lv\/toode\/lalga-seaboost-parandav-ja-taastav-palsam\/"},"modified":"2026-03-22T16:20:25","modified_gmt":"2026-03-22T13:20:25","slug":"lalga-seaboost","status":"publish","type":"product","link":"https:\/\/lieliskimati.lv\/et\/toode\/lalga-seaboost\/","title":{"rendered":"L&#8217;Alga SEABOOST NOURISHING CONDITIONER"},"content":{"rendered":"<p><strong>KASUTAMINE<\/strong><\/p>\n<ul>\n<li>Enne palsami pealekandmist pese juukseid alati keskmisest soojema veega. Soe vesi avab juuksekutiikulid ning juuksed imavad endasse seel\u00e4bi paremini nii niiskust kui ka ravivaid komponente.<\/li>\n<li>Kanna juustesse, j\u00e4ta v\u00e4hemalt 3 minutiks m\u00f5juma<\/li>\n<li>Loputa jaheda veega v\u00e4lja<\/li>\n<li>Maksimaalse tulemuse saavutamiseks kombineeri juuksehooldus <span style=\"color: #800080;\">SEAWET \u0161ampooni<\/span> ja viimistlustoodetega (<span style=\"color: #800080;\">Sealush seerum<\/span><strong><span style=\"color: #800080;\">, <\/span><\/strong><span style=\"color: #800080;\">Seamist niisutav spray<\/span>) &#8211; L\u2019Alga tooted t\u00e4iendavad ja v\u00f5imendavad teineteist koos kasutamisel.<\/li>\n<\/ul>\n","protected":false},"excerpt":{"rendered":"<p><strong>Niisutav, siluv ja tasakaalustav<\/strong> palsam kuivadele, v\u00e4rvitud ja kahjustatud v\u00f5i paksudele juustele.<br \/>\n<strong>Sulgeb efektiivselt kahjustatud juuksekutiikulid<\/strong>, nii et juuksed n\u00e4evad peale iga pesu v\u00e4lja tervemad, siledamad, pehmemad ja kahuvabad.<\/p>\n<p>SEABOOST palsam \u00fchendab teaduslikult t\u00f5estatud vetikap\u00f5hise kompleksi <strong><em>AlgaNord 5\u2122<\/em><\/strong> s\u00fcgavniisutavate ja taastavate koostisosade &#8211; <strong><em>biotiini ja niatsiinamiidiga<\/em><\/strong>, tasakaalustab peanahka ning toetab iga juuksekarva sisemist tugevust. Unikaalne vetikate kompleks aitab taastada niiskusvaeguse ning pehmendab ka k\u00f5ige jonnakamaid lokke.<\/p>\n<p>Boonuseks imeline L\u2019Alga signatuurl\u00f5hn, mis p\u00fcsib juustel 2-3 p\u00e4eva!<\/p>\n<ul>\n<li>Niisutab, sisaldab 7 erinevat intensiivselt niisutavat komponenti<\/li>\n<li>Tasakaalustab peanahka<\/li>\n<li>Sulgeb l\u00f5henenud juuksekutiikulid<\/li>\n<li>Pehmendab ka k\u00f5ige karmimaid juukseid<\/li>\n<li>Kontrollib kahusust<\/li>\n<li>pH 3,5 &#8211; 4,5<\/li>\n<li>Sisaldab teaduslikult t\u00f5estatud vetikap\u00f5hist kompleksi <strong>AlgaNord 5\u2122<\/strong>, sh. biotiini ja niatsiinamiidi<\/li>\n<li>On ohutu v\u00e4rvitud, sirgendatud ja keemliselt t\u00f6\u00f6deldud juustele<\/li>\n<\/ul>\n<p><strong>Ei sisalda: <\/strong>Sulfaate, parabeene, ftalaate, loomseid komponente.<strong><br \/>\nSuurused:<\/strong> 100ml, 250ml, 1000 ml.<\/p>\n","protected":false},"featured_media":23198,"comment_status":"open","ping_status":"closed","template":"","meta":[],"product_brand":[],"product_cat":[387,390,49,615],"product_tag":[80,77,84],"class_list":{"0":"post-372","1":"product","2":"type-product","3":"status-publish","4":"has-post-thumbnail","6":"product_cat-lalga","7":"product_cat-conditioners","8":"product_cat-seamore","9":"product_cat-ilulemmikud","10":"product_tag-kahusust-vahendav","11":"product_tag-niisutav","12":"product_tag-parandav","14":"first","15":"instock","16":"taxable","17":"shipping-taxable","18":"purchasable","19":"product-type-variable","20":"has-default-attributes"},"_links":{"self":[{"href":"https:\/\/lieliskimati.lv\/et\/wp-json\/wp\/v2\/product\/372","targetHints":{"allow":["GET"]}}],"collection":[{"href":"https:\/\/lieliskimati.lv\/et\/wp-json\/wp\/v2\/product"}],"about":[{"href":"https:\/\/lieliskimati.lv\/et\/wp-json\/wp\/v2\/types\/product"}],"replies":[{"embeddable":true,"href":"https:\/\/lieliskimati.lv\/et\/wp-json\/wp\/v2\/comments?post=372"}],"version-history":[{"count":4,"href":"https:\/\/lieliskimati.lv\/et\/wp-json\/wp\/v2\/product\/372\/revisions"}],"predecessor-version":[{"id":23641,"href":"https:\/\/lieliskimati.lv\/et\/wp-json\/wp\/v2\/product\/372\/revisions\/23641"}],"wp:featuredmedia":[{"embeddable":true,"href":"https:\/\/lieliskimati.lv\/et\/wp-json\/wp\/v2\/media\/23198"}],"wp:attachment":[{"href":"https:\/\/lieliskimati.lv\/et\/wp-json\/wp\/v2\/media?parent=372"}],"wp:term":[{"taxonomy":"product_brand","embeddable":true,"href":"https:\/\/lieliskimati.lv\/et\/wp-json\/wp\/v2\/product_brand?post=372"},{"taxonomy":"product_cat","embeddable":true,"href":"https:\/\/lieliskimati.lv\/et\/wp-json\/wp\/v2\/product_cat?post=372"},{"taxonomy":"product_tag","embeddable":true,"href":"https:\/\/lieliskimati.lv\/et\/wp-json\/wp\/v2\/product_tag?post=372"}],"curies":[{"name":"wp","href":"https:\/\/api.w.org\/{rel}","templated":true}]}}