{"id":371,"date":"2021-09-19T00:50:29","date_gmt":"2021-09-18T21:50:29","guid":{"rendered":"https:\/\/lieliskimati.lv\/toode\/lalga-seawet-parandav-ja-taastav-sampoon\/"},"modified":"2026-02-16T01:47:42","modified_gmt":"2026-02-15T22:47:42","slug":"lalga-seawet-shampoo","status":"publish","type":"product","link":"https:\/\/lieliskimati.lv\/et\/toode\/lalga-seawet-shampoo\/","title":{"rendered":"L&#8217;Alga SEAWET MOISTURIZING SHAMPOO"},"content":{"rendered":"<p><strong>KASUTAMINE<\/strong><\/p>\n<ul>\n<li>Raputa \u0161ampoonipudelit hoolikalt enne kasutamist &#8211; aktiivsed toimeained kipuvad p\u00f5hja ladestuma ning nii tagad nende \u00fchtlase jaotumise.<\/li>\n<li>Kanna juustesse, masseeri vahule ja loputa.<\/li>\n<li>Soovitame \u0161ampooniga pesta kaks korda. Esimese pesu ajal keskendu peanahale &#8211; eemalda mustus, surnud naharakud ja liigne rasu. Teise korraga pese juuksed, et nendeni j\u00f5uaks k\u00f5ik \u0161ampoonis sisalduvad ravivad ja toitvad komponendid.<\/li>\n<li>Maksimaalse tulemuse saavutamiseks kombineeri juuksehooldus SEABOOST palsamiga v\u00f5i SEACURE s\u00fcgavniisutava maskiga &#8211; L&#8217;Alga tooted t\u00e4iendavad ja v\u00f5imendavad teineteist koos kasutamisel.<\/li>\n<\/ul>\n","protected":false},"excerpt":{"rendered":"<p>Parandav ja taastav SEAWET \u0161ampoon kuivadele, v\u00e4rvitud ja kahjustatud v\u00f5i paksudele juustele taastab niiskuse, suurendab pehmust, tugevdab iga juuksekarva ning annab energiat nii peanahale kui juustele.<\/p>\n<p>Puhastab \u00f5rnalt juukseid ja peanahka ilma loomulikku rasu eemaldamata, stimuleerides samaaegselt vereringet. Taastab kahjustatud juuksed, nii et need n\u00e4evad peale iga pesu v\u00e4lja tervemad, siledamad, pehmemad ja kahuvabad.<\/p>\n<ul>\n<li>Puhastab \u00f5rnalt peanaha ja juuksed<\/li>\n<li>Ergutab peanaha mikrovereringet<\/li>\n<li>Niisutab, sisaldab 5 erinevat intensiivselt niisutavat komponenti<\/li>\n<li>Taastab kahjustatud juuksed<\/li>\n<li>Sisaldab vetikap\u00f5hist teaduslikult t\u00f5estatud <strong>AlgaNord 5\u2122<\/strong>\u00a0kompleksi, sh. biotiini ja niatsiinamiidi<\/li>\n<li>On ohutu v\u00e4rvitud, sirgendatud ja keemiliselt t\u00f6\u00f6deldud juustele<\/li>\n<\/ul>\n<p>Tulemust n\u00e4ete-tunnete juba esimese kasutuskorra j\u00e4rgselt &#8211; juuksed on pehmemad, siledamad, elastsemad ja kahuvabad.<br \/>\nBoonuseks imeline L&#8217;Alga signatuurl\u00f5hn, mis p\u00fcsib juustel 2-3 p\u00e4eva!<\/p>\n<p><strong>Ei sisalda:<\/strong> Sulfaate SLS\/SLES, parabeene, ftalaate\u00a0 ega loomseid komponente.<br \/>\n<strong>Suurused:<\/strong> 100ml, 250ml<\/p>\n","protected":false},"featured_media":23203,"comment_status":"open","ping_status":"closed","template":"","meta":[],"product_brand":[],"product_cat":[387,389,49,615],"product_tag":[77,85],"class_list":{"0":"post-371","1":"product","2":"type-product","3":"status-publish","4":"has-post-thumbnail","6":"product_cat-lalga","7":"product_cat-shampoos","8":"product_cat-seamore","9":"product_cat-ilulemmikud","10":"product_tag-niisutav","11":"product_tag-peanahka-tasakaalustav","13":"first","14":"instock","15":"taxable","16":"shipping-taxable","17":"purchasable","18":"product-type-variable","19":"has-default-attributes"},"_links":{"self":[{"href":"https:\/\/lieliskimati.lv\/et\/wp-json\/wp\/v2\/product\/371","targetHints":{"allow":["GET"]}}],"collection":[{"href":"https:\/\/lieliskimati.lv\/et\/wp-json\/wp\/v2\/product"}],"about":[{"href":"https:\/\/lieliskimati.lv\/et\/wp-json\/wp\/v2\/types\/product"}],"replies":[{"embeddable":true,"href":"https:\/\/lieliskimati.lv\/et\/wp-json\/wp\/v2\/comments?post=371"}],"version-history":[{"count":1,"href":"https:\/\/lieliskimati.lv\/et\/wp-json\/wp\/v2\/product\/371\/revisions"}],"predecessor-version":[{"id":23231,"href":"https:\/\/lieliskimati.lv\/et\/wp-json\/wp\/v2\/product\/371\/revisions\/23231"}],"wp:featuredmedia":[{"embeddable":true,"href":"https:\/\/lieliskimati.lv\/et\/wp-json\/wp\/v2\/media\/23203"}],"wp:attachment":[{"href":"https:\/\/lieliskimati.lv\/et\/wp-json\/wp\/v2\/media?parent=371"}],"wp:term":[{"taxonomy":"product_brand","embeddable":true,"href":"https:\/\/lieliskimati.lv\/et\/wp-json\/wp\/v2\/product_brand?post=371"},{"taxonomy":"product_cat","embeddable":true,"href":"https:\/\/lieliskimati.lv\/et\/wp-json\/wp\/v2\/product_cat?post=371"},{"taxonomy":"product_tag","embeddable":true,"href":"https:\/\/lieliskimati.lv\/et\/wp-json\/wp\/v2\/product_tag?post=371"}],"curies":[{"name":"wp","href":"https:\/\/api.w.org\/{rel}","templated":true}]}}