{"id":20936,"date":"2025-08-12T10:07:08","date_gmt":"2025-08-12T08:07:08","guid":{"rendered":"https:\/\/lieliskimati.lv\/?post_type=product&#038;p=20936"},"modified":"2026-03-09T23:42:28","modified_gmt":"2026-03-09T20:42:28","slug":"biacre-no-gas-juukselakk-strong-hold","status":"publish","type":"product","link":"https:\/\/lieliskimati.lv\/et\/toode\/biacre-no-gas-juukselakk-strong-hold\/","title":{"rendered":"BIACR\u00c8 No Gas juukselakk (strong hold)"},"content":{"rendered":"<p><strong>KASUTAMINE<\/strong><\/p>\n<ul>\n<li>Pihustage juukselakki ca 20 cm kauguselt juustesse.<\/li>\n<\/ul>\n","protected":false},"excerpt":{"rendered":"<p data-start=\"79\" data-end=\"128\"><strong data-start=\"79\" data-end=\"126\">TUGEVA HOIDVUSEGA \u2022 KAHUVABA \u2022 GAASIVABA<\/strong><\/p>\n<p data-start=\"130\" data-end=\"421\">Keskkonnas\u00f5bralik, gaasivaba juukselakk, mis taltsutab kahusust, annab tugeva hoidvuse ja lisab vol\u00fc\u00fcmi ilma juukseid raskeks tegemata.<br \/>\nTagab perfektselt p\u00fcsiva soengu, eemaldub kergesti ega j\u00e4ta j\u00e4\u00e4ke. Ideaalne viimistlustoode neile, kes soovivad kauap\u00fcsivat ja loomulikult liikuvat tulemust.<\/p>\n<p><strong>Suurus:<\/strong>\u00a0350 ml<\/p>\n","protected":false},"featured_media":20937,"comment_status":"open","ping_status":"closed","template":"","meta":[],"product_brand":[],"product_cat":[388,355,357,394],"product_tag":[80],"class_list":{"0":"post-20936","1":"product","2":"type-product","3":"status-publish","4":"has-post-thumbnail","6":"product_cat-biacre","7":"product_cat-biacre-shine","8":"product_cat-biacre-styling","9":"product_cat-styling","10":"product_tag-kahusust-vahendav","12":"first","13":"instock","14":"taxable","15":"shipping-taxable","16":"purchasable","17":"product-type-simple"},"_links":{"self":[{"href":"https:\/\/lieliskimati.lv\/et\/wp-json\/wp\/v2\/product\/20936","targetHints":{"allow":["GET"]}}],"collection":[{"href":"https:\/\/lieliskimati.lv\/et\/wp-json\/wp\/v2\/product"}],"about":[{"href":"https:\/\/lieliskimati.lv\/et\/wp-json\/wp\/v2\/types\/product"}],"replies":[{"embeddable":true,"href":"https:\/\/lieliskimati.lv\/et\/wp-json\/wp\/v2\/comments?post=20936"}],"version-history":[{"count":1,"href":"https:\/\/lieliskimati.lv\/et\/wp-json\/wp\/v2\/product\/20936\/revisions"}],"predecessor-version":[{"id":23467,"href":"https:\/\/lieliskimati.lv\/et\/wp-json\/wp\/v2\/product\/20936\/revisions\/23467"}],"wp:featuredmedia":[{"embeddable":true,"href":"https:\/\/lieliskimati.lv\/et\/wp-json\/wp\/v2\/media\/20937"}],"wp:attachment":[{"href":"https:\/\/lieliskimati.lv\/et\/wp-json\/wp\/v2\/media?parent=20936"}],"wp:term":[{"taxonomy":"product_brand","embeddable":true,"href":"https:\/\/lieliskimati.lv\/et\/wp-json\/wp\/v2\/product_brand?post=20936"},{"taxonomy":"product_cat","embeddable":true,"href":"https:\/\/lieliskimati.lv\/et\/wp-json\/wp\/v2\/product_cat?post=20936"},{"taxonomy":"product_tag","embeddable":true,"href":"https:\/\/lieliskimati.lv\/et\/wp-json\/wp\/v2\/product_tag?post=20936"}],"curies":[{"name":"wp","href":"https:\/\/api.w.org\/{rel}","templated":true}]}}