{"id":18496,"date":"2024-12-16T14:49:33","date_gmt":"2024-12-16T12:49:33","guid":{"rendered":"https:\/\/lieliskimati.lv\/?post_type=product&#038;p=18496"},"modified":"2025-09-18T12:24:26","modified_gmt":"2025-09-18T09:24:26","slug":"remilia-vegan-lush-brush","status":"publish","type":"product","link":"https:\/\/lieliskimati.lv\/et\/toode\/remilia-vegan-lush-brush\/","title":{"rendered":"Remilia Vegan Lush Brush"},"content":{"rendered":"<p>Stiliseerige v\u00f5i kammige juukseid m\u00e4rjalt v\u00f5i kuivalt, et saavutada viimistletud ja terve v\u00e4limus.<\/p>\n","protected":false},"excerpt":{"rendered":"<div class=\"ewa-rteLine\">Ole oma juuste vastu eriti hell &#8211; harja neid eriti \u00f5rnalt ning masseeri samaaegselt peanahka &#8211; Remilia Vegan Lush Brush pakub esmaklassilist kogemust k\u00f5ikidele juukset\u00fc\u00fcpidele ja -tekstuuridele.<\/div>\n<p>&nbsp;<\/p>\n<ul>\n<li class=\"ewa-rteLine\">100% vegan harjased, mis libisevad kergusega l\u00e4bi pusade, s\u00f5lmede, lendlevate juuste ja kahususe<\/li>\n<li class=\"ewa-rteLine\">Harjaste \u00fcmarad ja pehmed otsad aitavad jaotada peanaha looduslikke \u00f5lisid ja stimuleerida peanaha mikrovereringet ning seel\u00e4bi loomulikku juuksekasvu<\/li>\n<li class=\"ewa-rteLine\">Sobib kasutada <strong>nii m\u00e4rgadel kui kuivadel juustel<\/strong><\/li>\n<\/ul>\n<div class=\"ewa-rteLine\"><\/div>\n","protected":false},"featured_media":18446,"comment_status":"open","ping_status":"closed","template":"","meta":[],"product_brand":[],"product_cat":[567,521,436],"product_tag":[431],"class_list":{"0":"post-18496","1":"product","2":"type-product","3":"status-publish","4":"has-post-thumbnail","6":"product_cat-remilia","7":"product_cat-tarvikud","8":"product_cat-gifts","9":"product_tag-tarvikud","11":"first","12":"instock","13":"taxable","14":"shipping-taxable","15":"purchasable","16":"product-type-simple"},"_links":{"self":[{"href":"https:\/\/lieliskimati.lv\/et\/wp-json\/wp\/v2\/product\/18496","targetHints":{"allow":["GET"]}}],"collection":[{"href":"https:\/\/lieliskimati.lv\/et\/wp-json\/wp\/v2\/product"}],"about":[{"href":"https:\/\/lieliskimati.lv\/et\/wp-json\/wp\/v2\/types\/product"}],"replies":[{"embeddable":true,"href":"https:\/\/lieliskimati.lv\/et\/wp-json\/wp\/v2\/comments?post=18496"}],"version-history":[{"count":0,"href":"https:\/\/lieliskimati.lv\/et\/wp-json\/wp\/v2\/product\/18496\/revisions"}],"wp:featuredmedia":[{"embeddable":true,"href":"https:\/\/lieliskimati.lv\/et\/wp-json\/wp\/v2\/media\/18446"}],"wp:attachment":[{"href":"https:\/\/lieliskimati.lv\/et\/wp-json\/wp\/v2\/media?parent=18496"}],"wp:term":[{"taxonomy":"product_brand","embeddable":true,"href":"https:\/\/lieliskimati.lv\/et\/wp-json\/wp\/v2\/product_brand?post=18496"},{"taxonomy":"product_cat","embeddable":true,"href":"https:\/\/lieliskimati.lv\/et\/wp-json\/wp\/v2\/product_cat?post=18496"},{"taxonomy":"product_tag","embeddable":true,"href":"https:\/\/lieliskimati.lv\/et\/wp-json\/wp\/v2\/product_tag?post=18496"}],"curies":[{"name":"wp","href":"https:\/\/api.w.org\/{rel}","templated":true}]}}