{"id":18490,"date":"2024-12-16T14:34:53","date_gmt":"2024-12-16T12:34:53","guid":{"rendered":"https:\/\/lieliskimati.lv\/?post_type=product&#038;p=18490"},"modified":"2026-04-05T14:21:57","modified_gmt":"2026-04-05T11:21:57","slug":"remilia-green-goddess-conditioner","status":"publish","type":"product","link":"https:\/\/lieliskimati.lv\/et\/toode\/remilia-green-goddess-conditioner\/","title":{"rendered":"REMILIA Green Goddess conditioner"},"content":{"rendered":"<p><strong>KASUTAMINE<\/strong><\/p>\n<ul>\n<li>P\u00e4rast peanaha puhastamist <a href=\"https:\/\/lieliskimati.lv\/toode\/remilia-green-goddess-shampoo\/\">Green Goddess \u0161ampooniga<\/a> masseerige v\u00e4ike kogus palsamit niisketesse juustesse, alustades keskosast kuni otsteni.<\/li>\n<li>Laske palsamil juustel m\u00f5juda 2-3 minutit, seej\u00e4rel loputage leige veega.<\/li>\n<\/ul>\n<p><strong>PEAMISED KOOSTISAINED<\/strong><\/p>\n<ul>\n<li><strong>Rosmariini\u00f5li<\/strong>: Looduslik eeterlik \u00f5li, mis stimuleerib juuksekasvu, aitab ennetada enneaegset hallinemist ja v\u00e4hendab k\u00f5\u00f5ma. Lisaks leevendab kuivust ja s\u00fcgelust peanahal.<\/li>\n<li><strong>Avokaado\u00f5li<\/strong>: Tugevdab juuste s\u00e4ra ja parandab elastsust, j\u00e4ttes juuksed terveks, taastatuks ja v\u00e4rskema v\u00e4limusega.<\/li>\n<li><strong>Rohelise tee ekstrakt<\/strong>: Toetab tervislikku juuksekasvu, rahustab p\u00f5letikke ja lisab juustele siledust ning l\u00e4iget.<\/li>\n<li><strong>Kookos\u00f5li<\/strong>: Toidab ja parandab kahjustatud juukseid, pakkudes pehmust, niisutust ja tugevdades rabedaid, kuivi juukseid.<\/li>\n<\/ul>\n","protected":false},"excerpt":{"rendered":"<div class=\"ewa-rteLine\">See rikkalik ja s\u00fcgavalt niisutav juuksepalsam, teeb imesid sinu juustega \u2013 <strong>lisades l\u00e4iget, vol\u00fc\u00fcmi ja muutes need siidiselt siledaks<\/strong>.<br \/>\nKerge ja siluv koostis sisaldab rosmariini\u00f5li, kookos\u00f5li ja avokaado\u00f5li, mis tagavad s\u00e4ravad, kohevamad ja siidpehmed juuksed.<\/div>\n<div class=\"ewa-rteLine\"><\/div>\n<ul>\n<li class=\"ewa-rteLine\"><strong>Niisutab p\u00f5hjalikult:<\/strong> puhas rosmariini\u00f5li toidab ja tugevdab iga juuksekarva, lisades samaegselt kohevust<\/li>\n<li class=\"ewa-rteLine\">Kookos-, oliivi- ja avokaado\u00f5lid annavad juustele <strong>imelise l\u00e4ike ja sileduse<\/strong><\/li>\n<li class=\"ewa-rteLine\">Sobib k\u00f5ikidele juukset\u00fc\u00fcpidele, sh. keemiliselt t\u00f6\u00f6deldud ja v\u00e4rvitud juustele<\/li>\n<li>100% vegan<\/li>\n<li>pH: 3,5 &#8211; 4,5<\/li>\n<\/ul>\n<div class=\"ewa-rteLine\"><strong>Ei sisalda:<\/strong> sulfaate, parabeene.<br \/>\n<strong>Suurus:<\/strong> 300 ml<\/div>\n","protected":false},"featured_media":23133,"comment_status":"open","ping_status":"closed","template":"","meta":[],"product_brand":[],"product_cat":[390,567,615],"product_tag":[80,77],"class_list":{"0":"post-18490","1":"product","2":"type-product","3":"status-publish","4":"has-post-thumbnail","6":"product_cat-conditioners","7":"product_cat-remilia","8":"product_cat-ilulemmikud","9":"product_tag-kahusust-vahendav","10":"product_tag-niisutav","12":"first","13":"instock","14":"taxable","15":"shipping-taxable","16":"purchasable","17":"product-type-simple"},"_links":{"self":[{"href":"https:\/\/lieliskimati.lv\/et\/wp-json\/wp\/v2\/product\/18490","targetHints":{"allow":["GET"]}}],"collection":[{"href":"https:\/\/lieliskimati.lv\/et\/wp-json\/wp\/v2\/product"}],"about":[{"href":"https:\/\/lieliskimati.lv\/et\/wp-json\/wp\/v2\/types\/product"}],"replies":[{"embeddable":true,"href":"https:\/\/lieliskimati.lv\/et\/wp-json\/wp\/v2\/comments?post=18490"}],"version-history":[{"count":1,"href":"https:\/\/lieliskimati.lv\/et\/wp-json\/wp\/v2\/product\/18490\/revisions"}],"predecessor-version":[{"id":23097,"href":"https:\/\/lieliskimati.lv\/et\/wp-json\/wp\/v2\/product\/18490\/revisions\/23097"}],"wp:featuredmedia":[{"embeddable":true,"href":"https:\/\/lieliskimati.lv\/et\/wp-json\/wp\/v2\/media\/23133"}],"wp:attachment":[{"href":"https:\/\/lieliskimati.lv\/et\/wp-json\/wp\/v2\/media?parent=18490"}],"wp:term":[{"taxonomy":"product_brand","embeddable":true,"href":"https:\/\/lieliskimati.lv\/et\/wp-json\/wp\/v2\/product_brand?post=18490"},{"taxonomy":"product_cat","embeddable":true,"href":"https:\/\/lieliskimati.lv\/et\/wp-json\/wp\/v2\/product_cat?post=18490"},{"taxonomy":"product_tag","embeddable":true,"href":"https:\/\/lieliskimati.lv\/et\/wp-json\/wp\/v2\/product_tag?post=18490"}],"curies":[{"name":"wp","href":"https:\/\/api.w.org\/{rel}","templated":true}]}}