{"id":18461,"date":"2024-12-16T13:58:09","date_gmt":"2024-12-16T11:58:09","guid":{"rendered":"https:\/\/lieliskimati.lv\/?post_type=product&#038;p=18461"},"modified":"2026-03-01T12:21:40","modified_gmt":"2026-03-01T09:21:40","slug":"remilia-cosmocap-hair-serum","status":"publish","type":"product","link":"https:\/\/lieliskimati.lv\/et\/toode\/remilia-cosmocap-hair-serum\/","title":{"rendered":"REMILIA Cosmocap hair serum"},"content":{"rendered":"<p>J\u00e4tkusuutlik: Taimset p\u00e4ritolu <strong>biolagunevad kapslid<\/strong> on valmistatud maisit\u00e4rklisest ja merevetikatest. Keskkonnas\u00f5bralik valik!<\/p>\n<p>Sobib k\u00f5ikidele juukset\u00fc\u00fcpidele: Kerge seerum imendub kiiresti ja sobib k\u00f5ikidele juukset\u00fc\u00fcpidele<\/p>\n<p>Reisis\u00f5bralik: \u00fcks kapsel sisaldab parajat kogust keskmise pikkusega ja pikkadele juustele. Keerake seerumikapsli ots lahti, pigistage seerum peopesale ja kandke juustesse \u00fcksk\u00f5ik kus viibite!<\/p>\n<p><strong>KASUTAMINE<\/strong><\/p>\n<ul>\n<li>Keerake kapsli ots lahti. Pigistage seerum peopesale ja kandke niisketesse juustesse.<\/li>\n<li>Masseerige \u00f5rnalt juustesse, alustades otstest ja liikudes \u00fclespoole kuni juuste keskosani.<\/li>\n<li>J\u00e4tke juustesse, \u00e4rge peske v\u00e4lja.<\/li>\n<\/ul>\n<p><iframe title=\"How To Use The Cosmocap Hair Serum\" width=\"1170\" height=\"658\" src=\"https:\/\/www.youtube.com\/embed\/d3qZbbz67Wk?feature=oembed&#038;enablejsapi=1&#038;origin=https:\/\/lieliskimati.lv\" frameborder=\"0\" allow=\"accelerometer; autoplay; clipboard-write; encrypted-media; gyroscope; picture-in-picture; web-share\" referrerpolicy=\"strict-origin-when-cross-origin\" allowfullscreen><\/iframe><\/p>\n","protected":false},"excerpt":{"rendered":"<p>Biolagunevas kapselpakendis reisis\u00f5bralik kerge koostisega <strong>keratiinseerum<\/strong>\u00a0on loodud kahususe v\u00e4hendamiseks, s\u00e4ra ja pehmuse lisamiseks ning<strong> juuste murdumise ennetamiseks<\/strong>.<br \/>\nSee keratiiniga rikastatud seerum annab juustele <strong>erakordse l\u00e4ike, pehmuse ja eluj\u00f5u<\/strong> \u2013 just nagu sinu juuksed v\u00e4\u00e4rivad! Lisaks sisaldab see <strong>UV-kaitset<\/strong>, et p\u00e4ikesekiirgus juustele liiga ei teeks.<br \/>\nJ\u00e4tab juuksed kergeks ega muuda neid raskeks ka siis kui kasutada mitmel j\u00e4rjestikusel p\u00e4eval.<\/p>\n<ul>\n<li>Kliiniliselt testitud: Kuni <strong>43% v\u00e4hem kahusust ja murdumist<\/strong> juba p\u00e4rast esimest kasutuskorda ning kuni <strong>90% rohkem s\u00e4ra ja pehmust<\/strong><\/li>\n<li>Sisaldab k<strong>eratiini aminohapped<\/strong>: suurendavad juuste tugevust, parandavad elastsust ja kaitsevad juukseid intensiivsete salongiprotseduuride kahjuliku m\u00f5ju eest.<\/li>\n<li>Sisaldab\u00a0<strong>siidiproteiine:<\/strong>\u00a0looduslikest kiududest k\u00f5ige peenem ja tugevam. H\u00fcdrol\u00fc\u00fcsitud siidiproteiin niisutab juukseid, parandab nende pehmust ja annab erakordse l\u00e4ike.<\/li>\n<li>Sisaldab<strong> provitamiini B5<\/strong>: Aitab taastada p\u00e4ikese ja soengut\u00f6\u00f6tluse tekitatud kahjustusi, tugevdades ja kaitstes juukseid pikaajaliselt.<\/li>\n<li>Sobib k\u00f5ikidele juukset\u00fc\u00fcpidele<\/li>\n<\/ul>\n<p><strong>Suurus:<\/strong> purgis 30 seerumikapslit<\/p>\n","protected":false},"featured_media":18431,"comment_status":"open","ping_status":"closed","template":"","meta":[],"product_brand":[],"product_cat":[392,520,567,436],"product_tag":[80,84,86,529],"class_list":{"0":"post-18461","1":"product","2":"type-product","3":"status-publish","4":"has-post-thumbnail","6":"product_cat-oils-serums","7":"product_cat-paike","8":"product_cat-remilia","9":"product_cat-gifts","10":"product_tag-kahusust-vahendav","11":"product_tag-parandav","12":"product_tag-sara-andev","13":"product_tag-uv-kaitse","15":"first","16":"instock","17":"taxable","18":"shipping-taxable","19":"purchasable","20":"product-type-simple"},"_links":{"self":[{"href":"https:\/\/lieliskimati.lv\/et\/wp-json\/wp\/v2\/product\/18461","targetHints":{"allow":["GET"]}}],"collection":[{"href":"https:\/\/lieliskimati.lv\/et\/wp-json\/wp\/v2\/product"}],"about":[{"href":"https:\/\/lieliskimati.lv\/et\/wp-json\/wp\/v2\/types\/product"}],"replies":[{"embeddable":true,"href":"https:\/\/lieliskimati.lv\/et\/wp-json\/wp\/v2\/comments?post=18461"}],"version-history":[{"count":1,"href":"https:\/\/lieliskimati.lv\/et\/wp-json\/wp\/v2\/product\/18461\/revisions"}],"predecessor-version":[{"id":23098,"href":"https:\/\/lieliskimati.lv\/et\/wp-json\/wp\/v2\/product\/18461\/revisions\/23098"}],"wp:featuredmedia":[{"embeddable":true,"href":"https:\/\/lieliskimati.lv\/et\/wp-json\/wp\/v2\/media\/18431"}],"wp:attachment":[{"href":"https:\/\/lieliskimati.lv\/et\/wp-json\/wp\/v2\/media?parent=18461"}],"wp:term":[{"taxonomy":"product_brand","embeddable":true,"href":"https:\/\/lieliskimati.lv\/et\/wp-json\/wp\/v2\/product_brand?post=18461"},{"taxonomy":"product_cat","embeddable":true,"href":"https:\/\/lieliskimati.lv\/et\/wp-json\/wp\/v2\/product_cat?post=18461"},{"taxonomy":"product_tag","embeddable":true,"href":"https:\/\/lieliskimati.lv\/et\/wp-json\/wp\/v2\/product_tag?post=18461"}],"curies":[{"name":"wp","href":"https:\/\/api.w.org\/{rel}","templated":true}]}}