{"id":18421,"date":"2024-12-16T12:47:57","date_gmt":"2024-12-16T10:47:57","guid":{"rendered":"https:\/\/lieliskimati.lv\/?post_type=product&#038;p=18421"},"modified":"2026-03-01T12:21:40","modified_gmt":"2026-03-01T09:21:40","slug":"remilia-green-coco-hair-mask","status":"publish","type":"product","link":"https:\/\/lieliskimati.lv\/et\/toode\/remilia-green-coco-hair-mask\/","title":{"rendered":"REMILIA Green Coco hair mask"},"content":{"rendered":"<p><strong>KASUTAMINE<\/strong><\/p>\n<ul>\n<li>Pese juuksed Remilia Green Goddess \u0161ampooniga ja kuivata neid kergelt r\u00e4tikuga, j\u00e4ttes need niiskeks.<\/li>\n<li>Kanna helde kogus maski juustesse, masseerides seda \u00f5rnalt keskosast kuni otsteni.<\/li>\n<li>J\u00e4ta mask juustesse <strong>5-10 minutiks<\/strong> \u2013 s\u00f5ltuvalt sinu juukset\u00fc\u00fcbist ja vajadustest.<\/li>\n<li>Loputa hoolikalt sooja veega.<\/li>\n<li>Kasuta maski <strong>1-2 korda n\u00e4dala<\/strong>s, et parandada juuste k\u00e4sitletavust ja taastada nende tervis ning s\u00e4ra.<\/li>\n<\/ul>\n<p><strong>PEAMISED KOOSTISOSAD<\/strong><\/p>\n<ul>\n<li><strong>Avokaado- ja kookos\u00f5li<\/strong>: Toidavad ja parandavad juukseid s\u00fcgavuti, j\u00e4ttes need taastatud ja noorendatud v\u00e4ljan\u00e4gemisega. Sobib ideaalselt kuivade ja kahjustatud juuste hoolduseks.<\/li>\n<li><strong>Rohelise tee ekstrakt<\/strong>: Toetab tervet juuksekasvu, rahustab peanahka ning j\u00e4tab juuksed siledaks ja l\u00e4ikivaks. Looduslik lahendus juuste tervise parandamiseks.<\/li>\n<li><strong>H\u00fcdrol\u00fc\u00fcsitud taimne valk<\/strong>: Imiteerib h\u00fcdrol\u00fc\u00fcsitud keratiini koostist, pakkudes j\u00e4tkusuutlikku ja t\u00f5husat lahendust juuste niisutamiseks ning pehmendamiseks. Sobib ideaalselt elututele ja tuhmidele juustele, et taastada nende eluj\u00f5ud.<\/li>\n<\/ul>\n","protected":false},"excerpt":{"rendered":"<div class=\"ewa-rteLine\">\n<p>Muuda elutud juuksed lopsakaks ja kadestamisv\u00e4\u00e4rseks!<br \/>\nKliiniliselt t\u00f5estatud Green Coco juuksemask suurendab juuste s\u00e4ra, v\u00e4hendab kahusust, parandab juuste k\u00e4sitletavust ja toetab juuste pikaajalist tervist.<br \/>\nSee mask <strong>taastab kuivad, rabedad, v\u00e4rvitud<\/strong> v\u00f5i <strong>\u00fclet\u00f6\u00f6deldud<\/strong> juuksed kiiremini, kui oskad oodata!<\/p>\n<\/div>\n<ul>\n<li class=\"ewa-rteLine\"><strong>Elustab ja uuendab:<\/strong> eriti sobiv kuivadele ja \u00fclet\u00f6\u00f6deldud juustele<\/li>\n<li class=\"ewa-rteLine\">Rikastatud <strong>avokaado- ja kookos\u00f5liga<\/strong>: tagab s\u00fcgavniisutuse ja v\u00e4hendab kahusust<\/li>\n<li class=\"ewa-rteLine\">Kiire ja luksuslik kodune hooldus: <strong>salongikvaliteediga s\u00e4ra ja pehmus<\/strong> vaid 5\u201310 minutiga.<\/li>\n<li class=\"ewa-rteLine\">Sobib k\u00f5ikidele juukset\u00fc\u00fcpidele: Sealhulgas keemiliselt t\u00f6\u00f6deldud ja v\u00e4rvitud juustele.<\/li>\n<li>100% vegan<\/li>\n<\/ul>\n<div class=\"ewa-rteLine\"><strong>Ei sisalda:<\/strong> sulfaate, parabeene.<br \/>\n<strong>Suurus:<\/strong> 200 ml<\/div>\n","protected":false},"featured_media":18434,"comment_status":"open","ping_status":"closed","template":"","meta":[],"product_brand":[],"product_cat":[391,567],"product_tag":[80,77,84],"class_list":{"0":"post-18421","1":"product","2":"type-product","3":"status-publish","4":"has-post-thumbnail","6":"product_cat-hair-masks","7":"product_cat-remilia","8":"product_tag-kahusust-vahendav","9":"product_tag-niisutav","10":"product_tag-parandav","12":"first","13":"instock","14":"taxable","15":"shipping-taxable","16":"purchasable","17":"product-type-simple"},"_links":{"self":[{"href":"https:\/\/lieliskimati.lv\/et\/wp-json\/wp\/v2\/product\/18421","targetHints":{"allow":["GET"]}}],"collection":[{"href":"https:\/\/lieliskimati.lv\/et\/wp-json\/wp\/v2\/product"}],"about":[{"href":"https:\/\/lieliskimati.lv\/et\/wp-json\/wp\/v2\/types\/product"}],"replies":[{"embeddable":true,"href":"https:\/\/lieliskimati.lv\/et\/wp-json\/wp\/v2\/comments?post=18421"}],"version-history":[{"count":1,"href":"https:\/\/lieliskimati.lv\/et\/wp-json\/wp\/v2\/product\/18421\/revisions"}],"predecessor-version":[{"id":22636,"href":"https:\/\/lieliskimati.lv\/et\/wp-json\/wp\/v2\/product\/18421\/revisions\/22636"}],"wp:featuredmedia":[{"embeddable":true,"href":"https:\/\/lieliskimati.lv\/et\/wp-json\/wp\/v2\/media\/18434"}],"wp:attachment":[{"href":"https:\/\/lieliskimati.lv\/et\/wp-json\/wp\/v2\/media?parent=18421"}],"wp:term":[{"taxonomy":"product_brand","embeddable":true,"href":"https:\/\/lieliskimati.lv\/et\/wp-json\/wp\/v2\/product_brand?post=18421"},{"taxonomy":"product_cat","embeddable":true,"href":"https:\/\/lieliskimati.lv\/et\/wp-json\/wp\/v2\/product_cat?post=18421"},{"taxonomy":"product_tag","embeddable":true,"href":"https:\/\/lieliskimati.lv\/et\/wp-json\/wp\/v2\/product_tag?post=18421"}],"curies":[{"name":"wp","href":"https:\/\/api.w.org\/{rel}","templated":true}]}}