{"id":16521,"date":"2024-05-19T09:21:16","date_gmt":"2024-05-19T07:21:16","guid":{"rendered":"https:\/\/lieliskimati.lv\/?post_type=product&#038;p=16521"},"modified":"2026-02-16T01:44:55","modified_gmt":"2026-02-15T22:44:55","slug":"biacre-hyaluronic-kreemmask","status":"publish","type":"product","link":"https:\/\/lieliskimati.lv\/et\/toode\/biacre-hyaluronic-kreemmask\/","title":{"rendered":"Biacr\u00e8 Hyaluronic kreemmask"},"content":{"rendered":"<p><strong>H\u00fcaluroonhape<\/strong> \u2013 aitab taastada rabedate ja kahjustatud juuste struktuuri. S\u00fcgavniisutavate ja toitvate omadustega, j\u00e4tab juuksed pehmeks ja kergeks.<\/p>\n<p><strong>Granaat\u00f5una f\u00fctokompleks<\/strong> &#8211; on rikas antioks\u00fcdantide ja vitamiinide poolest, pakkudes juustele niisutust ja kaitset keskkonnam\u00f5jude eest.<\/p>\n<p><strong>Fermenteeritud riisivesi<\/strong> &#8211; saadakse riisi leotamisel vees ja seej\u00e4rel selle segu k\u00e4\u00e4ritamisel. Fermenteerimise protsessis tekivad kasulikud ens\u00fc\u00fcmid, aminohapped, vitamiinid ja antioks\u00fcdandid, mis pakuvad juustele niisutust ja s\u00fcgavuti toitmist, muutes need siledamaks ja paremini hallatavaks.\u00a0K\u00e4\u00e4ritamisprotsess suurendab riisivees olevate toitainete kontsentratsiooni, mis v\u00f5ib aidata juukseid tugevdada ja v\u00e4hendada murdumist. Samuti n\u00e4itavad m\u00f5ned uuringud, et fermenteeritud riisivesi v\u00f5ib stimuleerida juuksekasvu ja parandada juuksejuurte tervist. Lisaks sisaldab fermenteeritud riisivesi antioks\u00fcdante ja vitamiine, mis v\u00f5ivad aidata rahustada peanahka ja v\u00e4hendada p\u00f5letikku.<\/p>\n<p><b>KASUTAMINE<\/b><\/p>\n<ul>\n<li>Pese juuksed<a href=\"https:\/\/lieliskimati.lv\/toode\/biacre-hyaluronic-filler-shampoo\/\"> Hyaluronic t\u00e4ite\u0161ampooniga<\/a>, kanna kreemmask kammiga juuste pikkusesse ja otstele.<\/li>\n<li>Masseeri juuksemask juustesse, et see tungiks juuksekutiikulite alla.<\/li>\n<li>Lase m\u00f5juda 2-3 minutit ja loputa p\u00f5hjalikult.<\/li>\n<\/ul>\n","protected":false},"excerpt":{"rendered":"<p>Rikkalik ja ultra-toitev kreemmask, mis on loodud spetsiaalselt loodud juuksekiudude kaitsmiseks ja tugevdamiseks. See eriline koostis sobib ideaalselt deh\u00fcdreeritud, kuivadele ja kahjustatud juustele, pakkudes neile kompleksset hoolitsust. H\u00fcaluroonhape ja kollageen parandavad ja toidavad s\u00fcgavalt. Granaat\u00f5una, aaloe ja fermenteeritud riisivee f\u00fctokompleks, mis on rikas antioks\u00fcdantide ja vitamiinide poolest on v\u00f5imas trio, mis t\u00f6\u00f6tab koos, et hoida juuksed korralikult niisutatud. Mandli-, kookos- ja soja\u00f5li j\u00e4tavad juuksed pehmeks ja kergesti hallatavaks.<\/p>\n<ul>\n<li>Sisaldab h\u00fcaluroonhapet, mis\u00a0<strong>taastab ja toidab juukseid s\u00fcgavuti<\/strong><\/li>\n<li>Sisaldab kollageeni, mis aitab <strong>tugevdada juuksekutiikuleid<\/strong>, muutes need tugevamaks ning v\u00e4hendab seel\u00e4bi murdumist ja juukseotste l\u00f5henemist<\/li>\n<li>Sisaldab fermenteeritud probiootilist f\u00fctokompleksi<\/li>\n<li>93% komponentidest looduslikku p\u00e4ritolu<\/li>\n<li>pH 3.5 \u2013 4.0<\/li>\n<\/ul>\n<p><strong>Ei sisalda:<\/strong>\u00a0silikoone, sulfaate, parabeene, v\u00e4rvaineid ega alkohole.<br \/>\nDermatoloogiliselt ja nikkel testitud, sisaldab orgaaniliselt sertifitseeritud komponente.<br \/>\n<strong>Suurus:<\/strong> 500 ml<\/p>\n","protected":false},"featured_media":23144,"comment_status":"open","ping_status":"closed","template":"","meta":[],"product_brand":[],"product_cat":[388,334,391,615],"product_tag":[77],"class_list":{"0":"post-16521","1":"product","2":"type-product","3":"status-publish","4":"has-post-thumbnail","6":"product_cat-biacre","7":"product_cat-biacre-hyaluronic","8":"product_cat-hair-masks","9":"product_cat-ilulemmikud","10":"product_tag-niisutav","12":"first","13":"instock","14":"taxable","15":"shipping-taxable","16":"purchasable","17":"product-type-simple"},"_links":{"self":[{"href":"https:\/\/lieliskimati.lv\/et\/wp-json\/wp\/v2\/product\/16521","targetHints":{"allow":["GET"]}}],"collection":[{"href":"https:\/\/lieliskimati.lv\/et\/wp-json\/wp\/v2\/product"}],"about":[{"href":"https:\/\/lieliskimati.lv\/et\/wp-json\/wp\/v2\/types\/product"}],"replies":[{"embeddable":true,"href":"https:\/\/lieliskimati.lv\/et\/wp-json\/wp\/v2\/comments?post=16521"}],"version-history":[{"count":1,"href":"https:\/\/lieliskimati.lv\/et\/wp-json\/wp\/v2\/product\/16521\/revisions"}],"predecessor-version":[{"id":23143,"href":"https:\/\/lieliskimati.lv\/et\/wp-json\/wp\/v2\/product\/16521\/revisions\/23143"}],"wp:featuredmedia":[{"embeddable":true,"href":"https:\/\/lieliskimati.lv\/et\/wp-json\/wp\/v2\/media\/23144"}],"wp:attachment":[{"href":"https:\/\/lieliskimati.lv\/et\/wp-json\/wp\/v2\/media?parent=16521"}],"wp:term":[{"taxonomy":"product_brand","embeddable":true,"href":"https:\/\/lieliskimati.lv\/et\/wp-json\/wp\/v2\/product_brand?post=16521"},{"taxonomy":"product_cat","embeddable":true,"href":"https:\/\/lieliskimati.lv\/et\/wp-json\/wp\/v2\/product_cat?post=16521"},{"taxonomy":"product_tag","embeddable":true,"href":"https:\/\/lieliskimati.lv\/et\/wp-json\/wp\/v2\/product_tag?post=16521"}],"curies":[{"name":"wp","href":"https:\/\/api.w.org\/{rel}","templated":true}]}}