{"id":15333,"date":"2024-02-10T10:54:17","date_gmt":"2024-02-10T08:54:17","guid":{"rendered":"https:\/\/lieliskimati.lv\/?post_type=product&#038;p=15333"},"modified":"2026-01-06T13:11:14","modified_gmt":"2026-01-06T10:11:14","slug":"biacre-hyaluronic-komplekt","status":"publish","type":"product","link":"https:\/\/lieliskimati.lv\/et\/toode\/biacre-hyaluronic-komplekt\/","title":{"rendered":"BIACR\u00c8 HYALURONIC KOMPLEKT"},"content":{"rendered":"","protected":false},"excerpt":{"rendered":"<p>3 klientide lemmikut \u00fches komplektis: Hyaluronic Filler \u0161ampoon, Hyaluronic Filler kreempalsam ja Hyaluronic Filler spray.<\/p>\n<p>Komplekt sobib terviklikuks koduhoolduseks, et pakkuda juustele niisutust toodetega, mis sisaldavad v\u00e4hemalt 93% ulatuses looduslikke koostisaineid ning on rikastatud h\u00fcaluroonhappe, taimse keratiini ja orgaanilise kaeraekstraktiga.<\/p>\n<p>H\u00fcaluroonhape suudab s\u00e4ilitada niiskustaset juustes, aidates neil p\u00fcsida pehmete ja s\u00e4ravatena. H\u00fcaluroonhape on eriti kasulik kuivade, kahjustatud v\u00f5i t\u00f6\u00f6deldud juuste puhul, mis vajavad lisaniiskust ja toitaineid.<\/p>\n<p><strong>Ei sisalda:<\/strong> sulfaate SLES, silikoone, v\u00e4rvaineid, parabeene, alkohole.<br \/>\nDermatoloogiliselt ja nikkel testitud, sisaldab orgaaniliselt sertifitseeritud komponente.<\/p>\n","protected":false},"featured_media":16719,"comment_status":"open","ping_status":"closed","template":"","meta":[],"product_brand":[],"product_cat":[388,334,522,436],"product_tag":[77],"class_list":{"0":"post-15333","1":"product","2":"type-product","3":"status-publish","4":"has-post-thumbnail","6":"product_cat-biacre","7":"product_cat-biacre-hyaluronic","8":"product_cat-komplektid","9":"product_cat-gifts","10":"product_tag-niisutav","12":"first","13":"instock","14":"taxable","15":"shipping-taxable","16":"purchasable","17":"product-type-simple"},"_links":{"self":[{"href":"https:\/\/lieliskimati.lv\/et\/wp-json\/wp\/v2\/product\/15333","targetHints":{"allow":["GET"]}}],"collection":[{"href":"https:\/\/lieliskimati.lv\/et\/wp-json\/wp\/v2\/product"}],"about":[{"href":"https:\/\/lieliskimati.lv\/et\/wp-json\/wp\/v2\/types\/product"}],"replies":[{"embeddable":true,"href":"https:\/\/lieliskimati.lv\/et\/wp-json\/wp\/v2\/comments?post=15333"}],"version-history":[{"count":1,"href":"https:\/\/lieliskimati.lv\/et\/wp-json\/wp\/v2\/product\/15333\/revisions"}],"predecessor-version":[{"id":22381,"href":"https:\/\/lieliskimati.lv\/et\/wp-json\/wp\/v2\/product\/15333\/revisions\/22381"}],"wp:featuredmedia":[{"embeddable":true,"href":"https:\/\/lieliskimati.lv\/et\/wp-json\/wp\/v2\/media\/16719"}],"wp:attachment":[{"href":"https:\/\/lieliskimati.lv\/et\/wp-json\/wp\/v2\/media?parent=15333"}],"wp:term":[{"taxonomy":"product_brand","embeddable":true,"href":"https:\/\/lieliskimati.lv\/et\/wp-json\/wp\/v2\/product_brand?post=15333"},{"taxonomy":"product_cat","embeddable":true,"href":"https:\/\/lieliskimati.lv\/et\/wp-json\/wp\/v2\/product_cat?post=15333"},{"taxonomy":"product_tag","embeddable":true,"href":"https:\/\/lieliskimati.lv\/et\/wp-json\/wp\/v2\/product_tag?post=15333"}],"curies":[{"name":"wp","href":"https:\/\/api.w.org\/{rel}","templated":true}]}}