{"id":12951,"date":"2023-07-12T12:21:57","date_gmt":"2023-07-12T10:21:57","guid":{"rendered":"https:\/\/lieliskimati.lv\/?post_type=product&#038;p=12951"},"modified":"2026-04-07T11:23:14","modified_gmt":"2026-04-07T08:23:14","slug":"cpr-peptide-18-ampull-fine-hair","status":"publish","type":"product","link":"https:\/\/lieliskimati.lv\/et\/toode\/cpr-peptide-18-ampull-fine-hair\/","title":{"rendered":"L\u2019Alga CPR Peptide-18 intensiiv-hooldus \u00f5hukestele juustele"},"content":{"rendered":"<div><strong>KASUTAMINE<\/strong><\/div>\n<div class=\"page\" title=\"Page 2\">\n<div class=\"section\">\n<div class=\"layoutArea\">\n<div class=\"column\">\n<ul>\n<li>P\u00e4rast \u0161ampooniga pesemist soojendage veidi miniampulli sooja vee all.<\/li>\n<li>Loksutage seda hoolikalt, et aktiivained \u00fchtlaselt seguneks ja pihustage <strong>\u00fche pudeli sisu<\/strong> korraga juustele.<\/li>\n<li>Masseerige see sisse ja j\u00e4tke 5-10 minutiks m\u00f5juma.<\/li>\n<li>Loputage hoolikalt veega. Hooldust v\u00f5ib kasutada nii tihti, kui vaja.<\/li>\n<li>NB: Loksutage enne kasutamist.<\/li>\n<\/ul>\n<p>&nbsp;<\/p>\n<p><strong>CPR Molecular Repair Peptide-18<\/strong>\u00a0sarja v\u00f5tmes\u00f5na on <strong>peptiidid<\/strong>, mida k\u00f5ik CPR sarja tooted rikkalikult sisaldavad.<\/p>\n<\/div>\n<\/div>\n<\/div>\n<\/div>\n<div class=\"w-[30px] flex flex-col relative items-end\">\n<ul>\n<li>Peptiidid\u00a0suurendavad juuste niiskussisaldust ning v\u00e4hendavad seel\u00e4bi juukseotste l\u00f5henemist ja murdumist. T\u00e4nu nende v\u00f5imsatele omadustele saavad juuksed kiiresti tagasi oma tervisliku v\u00e4ljan\u00e4gemise, muutudes tugevamaks, vastupidavamaks ja kaunilt l\u00e4ikivaks.<\/li>\n<li>L\u2019Alga CPR Peptide-18 tooted on rikastatud <strong>vetikaekstraktide kompleksiga AlgaNord 5\u2122<\/strong>, mis v\u00f5imendab toitainete, mineraalide ja vitamiinide j\u00f5udmist peanaha rakkudesse. Mineraalidest, asendamatutest omega rasvhappetest, vitamiinidest ja toitaineterikastest mikroelementidest pakatav L\u2019Alga teaduslikult t\u00f5estatud kompleks AlgaNord 5\u2122 pakub juustele ja peanahale kohest turgutust ning pikaajalist kaitset.<\/li>\n<li>L\u2019Alga CPR Peptide-18 toodetes sisalduv <strong>h\u00fcaluroonhape<\/strong> pakub t\u00f5husat kaitset juustele, hoides neid niisutatuna ja s\u00e4ilitades tervetele juustele omase lipiidide ja proteiinide \u00f5ige tasakaalu. See aitab ennetada juuste kahusust ja lisab juustele vol\u00fc\u00fcmi. H\u00fcaluroonhape on aitab t\u00f5husalt niisutada ka peanaha kuivi ja ketendavaid piirkondi.<\/li>\n<li>L\u2019Alga CPR Peptide-18 toodetes sisalduv <strong>termoaktiivne seesamiproteiin<\/strong>\u00a0tagab juustele pehmuse, tugevuse ja terve v\u00e4limuse. Termoaktiivne seesamiproteiin\u00a0toimib kaitseva barj\u00e4\u00e4rina juuste ja kuumuse vahel, kaitstes juukseid kuivamise ja elutuks muutumise eest.<\/li>\n<li>Iga CPR Peptide-18 toode sisaldab <strong>5-9 spetsiifilist niisutavat komponenti<\/strong>, mis t\u00e4idavad juuste erinevaid vajadusi. Nende toimeainete koosm\u00f5jul suudabki sari saavutada h\u00e4sti niisutatud, kahuvabad ja uskumatult pehmed juuksed sisuliselt esimesel kasutamisel. Mitmed niisutavad komponendid aitavad\u00a0hoiduda juukseotste l\u00f5henemisest ning muudavad juuksed imeliselt libisevaks, nii et juukseid on palju lihtsam kammida, harjata ja stiliseerida.<\/li>\n<\/ul>\n<\/div>\n","protected":false},"excerpt":{"rendered":"<p>L\u2019Alga SEAHYDRATE intensiivselt parandav minisuuruses ampull-spray kuulub L&#8217;Alga uude revolutsioonilisse tooteperekonda <strong>CPR Intensive Care Peptide-18<\/strong>, mis tagab juustele kohese s\u00fcvaniisutuse, parandab tekkinud juuste kahjustused ning taastab juukseid seestpoolt.<\/p>\n<p>See k\u00f5rgelt kontsentreeritud miniampull-spray on ideaalne algus juuste ravimisel ja tervenemisteekonnal! Loodud spetsiaalselt \u00f5hukestele ja\/v\u00f5i peene struktuuriga juustele, on see oma kerge koostsisega siiski \u00e4\u00e4rmiselt intensiivse raviva efektiga. Ampull-spray sisaldab peptiide, mis suurendavad kollageeni tootmist ning k\u00f5rgelt kontsentreeritud patenteeritud vetikaekstraktide kompleksi\u00a0AlgaNord 5\u2122, niiskust siduvat h\u00fcaluroonhapet,\u00a0termoaktiivset seesamiproteiini ning intensiivselt niisutavaid hooldusaineid, mis k\u00f5ik lisaks parandavatele omadustele moodustavad juustele kaitsva kihi ja aitavad ennetada juukseotste l\u00f5henemist.<\/p>\n<p>Ampulli t\u00e4iustatud s\u00fcnergiline <strong>koostis ravib juukseid<\/strong>, muutes need pehmeks, siledaks ja l\u00e4ikivaks ilma, et need muutuksid raskeks.<\/p>\n<ul>\n<li>Sobib <strong>\u00f5hukestele ja\/v\u00f5i peene struktuuriga<\/strong> kahjustatud-kuivadele juustele<\/li>\n<li>Taastab koheselt juuste pehmuse, sileduse ja niiskustaseme<\/li>\n<li>Sisaldab kollageeni tootmist stimuleerivaid <strong>peptiide<\/strong><\/li>\n<li>Sisaldab niiskust siduvat <strong>h\u00fcaluroonhapet<\/strong><\/li>\n<li>Sisaldab <strong>termoaktiivset seesamivalku<\/strong><\/li>\n<li>Sisaldab erinevaid<strong> intensiivselt niisutavaid komponente<\/strong><\/li>\n<li>Sisaldab teaduslikult t\u00f5estatud <strong>vetikaekstraktide kompleksi\u00a0AlgaNord 5\u2122\u00a0<\/strong><\/li>\n<li>On ohutu v\u00e4rvitud, sirgendatud ja keemiliselt t\u00f6\u00f6deldud juustele<\/li>\n<li>Ei sisalda sulfaate SLS\/SLES, ftalaate,\u00a0parabeene, soola, GMO-sid ega loomseid komponente<\/li>\n<\/ul>\n<p><strong>Suurus:<\/strong> 15 ml<\/p>\n","protected":false},"featured_media":12963,"comment_status":"open","ping_status":"closed","template":"","meta":[],"product_brand":[],"product_cat":[469,396,387],"product_tag":[80,77,84],"class_list":{"0":"post-12951","1":"product","2":"type-product","3":"status-publish","4":"has-post-thumbnail","6":"product_cat-cpr","7":"product_cat-deep-clean","8":"product_cat-lalga","9":"product_tag-kahusust-vahendav","10":"product_tag-niisutav","11":"product_tag-parandav","13":"first","14":"outofstock","15":"taxable","16":"shipping-taxable","17":"purchasable","18":"product-type-simple"},"_links":{"self":[{"href":"https:\/\/lieliskimati.lv\/et\/wp-json\/wp\/v2\/product\/12951","targetHints":{"allow":["GET"]}}],"collection":[{"href":"https:\/\/lieliskimati.lv\/et\/wp-json\/wp\/v2\/product"}],"about":[{"href":"https:\/\/lieliskimati.lv\/et\/wp-json\/wp\/v2\/types\/product"}],"replies":[{"embeddable":true,"href":"https:\/\/lieliskimati.lv\/et\/wp-json\/wp\/v2\/comments?post=12951"}],"version-history":[{"count":1,"href":"https:\/\/lieliskimati.lv\/et\/wp-json\/wp\/v2\/product\/12951\/revisions"}],"predecessor-version":[{"id":22509,"href":"https:\/\/lieliskimati.lv\/et\/wp-json\/wp\/v2\/product\/12951\/revisions\/22509"}],"wp:featuredmedia":[{"embeddable":true,"href":"https:\/\/lieliskimati.lv\/et\/wp-json\/wp\/v2\/media\/12963"}],"wp:attachment":[{"href":"https:\/\/lieliskimati.lv\/et\/wp-json\/wp\/v2\/media?parent=12951"}],"wp:term":[{"taxonomy":"product_brand","embeddable":true,"href":"https:\/\/lieliskimati.lv\/et\/wp-json\/wp\/v2\/product_brand?post=12951"},{"taxonomy":"product_cat","embeddable":true,"href":"https:\/\/lieliskimati.lv\/et\/wp-json\/wp\/v2\/product_cat?post=12951"},{"taxonomy":"product_tag","embeddable":true,"href":"https:\/\/lieliskimati.lv\/et\/wp-json\/wp\/v2\/product_tag?post=12951"}],"curies":[{"name":"wp","href":"https:\/\/api.w.org\/{rel}","templated":true}]}}